{"id":160,"date":"2019-11-24T20:02:26","date_gmt":"2019-11-24T20:02:26","guid":{"rendered":"http:\/\/kiddoo.ee\/index.php\/about\/"},"modified":"2023-04-21T09:43:20","modified_gmt":"2023-04-21T09:43:20","slug":"about","status":"publish","type":"page","link":"https:\/\/kiddoo.ee\/en\/about\/","title":{"rendered":"Our story"},"content":{"rendered":"<p>Kiddoo is an Estonian brand and started with the idea of offering domestic design and quality products for the little ones in the family. The idea started with the needs of our own family.<\/p>\r\n<p>All products and designs have been carefully designed to offer high quality and beautiful style to even the most demanding buyer. The designs are based on simplicity and purity. We use only materials that are safe for your health, and we have chosen soft tones that are suitable for both boys and girls. Style is simple and products are also great as a gift.<\/p>\r\n\r\n\r\n\r\n\r\n\r\n<p>In our product range you will find wonderful bamboo yarn blankets. The yarn is 100% bamboo and comes from Italy and is also woven in Europe. We also offer a variety of theeters and othere toys which are handmade in Estonia<\/p>\r\n<p>It is also possible to engrave a name on the pacifier clip which is a particularly lovely gift for a new baby.\u00a0<\/p>\r\n<p>Silicone dishes are a great find for a child's first food experiment.<\/p>\r\n<p>We are constantly developing products to offer our dear customers new and exciting products.<\/p>\r\n<p>Our products are developed and designed in Estonia and all the fabrics are produced in Europe. Our silicone products come from Asia and are made of high quality silicone which is safe for dinnerware and chewable theeters.\u00a0<\/p>\r\n<p>\r\n\r\n<\/p>\r\n<p>&nbsp;<\/p>\r\n<p>\r\n\r\n<\/p>\r\n<figure class=\"wp-block-pullquote\"><\/figure>\r\n<p>&nbsp;<\/p>\r\n<p><\/p>","protected":false},"excerpt":{"rendered":"<p>Kiddoo on Eesti br\u00e4nd ja saanud alguse m\u00f5ttest pakkuda kodumaist disaini ja kvaliteetseid tooteid pere k\u00f5ige pisematele. Idee sai alguse oma pere vajadustest ja soovist anda midagi enda poolt ka teistele vanematele. K\u00f5ik tooted ja disainid on hoolikalt l\u00e4bi m\u00f5eldud, et pakkuda k\u00f5rget kvaliteeti ja kaunist stiili ka k\u00f5ige n\u00f5udlikumale ostjale. Disainid l\u00e4htuvad lihtsusest ja puhtusest. Kasutame ainult tervisele ohutuid materjale ning toonid oleme valinud mahedad, mis on sobilikud nii poistele kui ka t\u00fcdrukutele. Minimalistlikus stiilis tooted sobivad suurep\u00e4raselt ka kingituseks ning iga toode on pakitud keskkonnas\u00f5bralikku karpi. Meie tootevalikust leiad imelised bambusl\u00f5ngast tekid. L\u00f5ng on 100% bambus ning p\u00e4rineb Itaaliast ning kootud samuti Euroopas. Valikust leiad ka erinevaid n\u00e4rimiseks ja m\u00e4ngimiseks m\u00f5eldud lelusid, mis k\u00f5ik on valmistatud k\u00e4sit\u00f6\u00f6na Eestis. Lutiketile on v\u00f5imalik peale graveerida ka nimi, mis on eriti armas kingitus ja m\u00e4estusese uuele ilmakodanikule.\u00a0 Silikoonist n\u00f5ud on suurep\u00e4rane leid lapse esimesteks katsetusteks toiduga. Tegeleme pidevalt tootearendusega, et oma kallitele klientidele uusi ja p\u00f5nevaid tooteid pakkuda. Meie tooted on disainitud meie enda poolt Eestis ning erinevad kootud ja teistest riidematerjalidest tooted valmistatakse Euroopa. Meie silikoon tooted p\u00e4rinevad Aasia tehasest ning valmistatakse k\u00f5rgeima kvalteediga silikoonist, mis on ohutu toidun\u00f5ude ja n\u00e4rimislelude valmistamiseks.\u00a0 &nbsp; &nbsp;<\/p>","protected":false},"author":1,"featured_media":0,"parent":0,"menu_order":6,"comment_status":"closed","ping_status":"closed","template":"templates\/about-page.php","meta":{"footnotes":""},"class_list":["post-160","page","type-page","status-publish","hentry"],"yoast_head":"<!-- This site is optimized with the Yoast SEO plugin v27.5 - https:\/\/yoast.com\/product\/yoast-seo-wordpress\/ -->\n<title>Meie lugu - Kiddoo<\/title>\n<meta name=\"robots\" content=\"index, follow, max-snippet:-1, max-image-preview:large, max-video-preview:-1\" \/>\n<link rel=\"canonical\" href=\"https:\/\/kiddoo.ee\/en\/about\/\" \/>\n<meta property=\"og:locale\" content=\"en_GB\" \/>\n<meta property=\"og:type\" content=\"article\" \/>\n<meta property=\"og:title\" content=\"Meie lugu - Kiddoo\" \/>\n<meta property=\"og:description\" content=\"Kiddoo on Eesti br\u00e4nd ja saanud alguse m\u00f5ttest pakkuda kodumaist disaini ja kvaliteetseid tooteid pere k\u00f5ige pisematele. Idee sai alguse oma pere vajadustest ja soovist anda midagi enda poolt ka teistele vanematele. K\u00f5ik tooted ja disainid on hoolikalt l\u00e4bi m\u00f5eldud, et pakkuda k\u00f5rget kvaliteeti ja kaunist stiili ka k\u00f5ige n\u00f5udlikumale ostjale. Disainid l\u00e4htuvad lihtsusest ja puhtusest. Kasutame ainult tervisele ohutuid materjale ning toonid oleme valinud mahedad, mis on sobilikud nii poistele kui ka t\u00fcdrukutele. Minimalistlikus stiilis tooted sobivad suurep\u00e4raselt ka kingituseks ning iga toode on pakitud keskkonnas\u00f5bralikku karpi. Meie tootevalikust leiad imelised bambusl\u00f5ngast tekid. L\u00f5ng on 100% bambus ning p\u00e4rineb Itaaliast ning kootud samuti Euroopas. Valikust leiad ka erinevaid n\u00e4rimiseks ja m\u00e4ngimiseks m\u00f5eldud lelusid, mis k\u00f5ik on valmistatud k\u00e4sit\u00f6\u00f6na Eestis. Lutiketile on v\u00f5imalik peale graveerida ka nimi, mis on eriti armas kingitus ja m\u00e4estusese uuele ilmakodanikule.\u00a0 Silikoonist n\u00f5ud on suurep\u00e4rane leid lapse esimesteks katsetusteks toiduga. Tegeleme pidevalt tootearendusega, et oma kallitele klientidele uusi ja p\u00f5nevaid tooteid pakkuda. Meie tooted on disainitud meie enda poolt Eestis ning erinevad kootud ja teistest riidematerjalidest tooted valmistatakse Euroopa. Meie silikoon tooted p\u00e4rinevad Aasia tehasest ning valmistatakse k\u00f5rgeima kvalteediga silikoonist, mis on ohutu toidun\u00f5ude ja n\u00e4rimislelude valmistamiseks.\u00a0 &nbsp; &nbsp;\" \/>\n<meta property=\"og:url\" content=\"https:\/\/kiddoo.ee\/en\/about\/\" \/>\n<meta property=\"og:site_name\" content=\"Kiddoo\" \/>\n<meta property=\"article:publisher\" content=\"https:\/\/www.facebook.com\/Kiddoo-103191601863440\" \/>\n<meta property=\"article:modified_time\" content=\"2023-04-21T09:43:20+00:00\" \/>\n<meta name=\"twitter:card\" content=\"summary_large_image\" \/>\n<meta name=\"twitter:label1\" content=\"Estimated reading time\" \/>\n\t<meta name=\"twitter:data1\" content=\"1 minute\" \/>\n<script type=\"application\/ld+json\" class=\"yoast-schema-graph\">{\"@context\":\"https:\\\/\\\/schema.org\",\"@graph\":[{\"@type\":\"WebPage\",\"@id\":\"https:\\\/\\\/kiddoo.ee\\\/about\\\/\",\"url\":\"https:\\\/\\\/kiddoo.ee\\\/about\\\/\",\"name\":\"Meie lugu - Kiddoo\",\"isPartOf\":{\"@id\":\"http:\\\/\\\/kiddoo.ee\\\/#website\"},\"datePublished\":\"2019-11-24T20:02:26+00:00\",\"dateModified\":\"2023-04-21T09:43:20+00:00\",\"breadcrumb\":{\"@id\":\"https:\\\/\\\/kiddoo.ee\\\/about\\\/#breadcrumb\"},\"inLanguage\":\"en-GB\",\"potentialAction\":[{\"@type\":\"ReadAction\",\"target\":[\"https:\\\/\\\/kiddoo.ee\\\/about\\\/\"]}]},{\"@type\":\"BreadcrumbList\",\"@id\":\"https:\\\/\\\/kiddoo.ee\\\/about\\\/#breadcrumb\",\"itemListElement\":[{\"@type\":\"ListItem\",\"position\":1,\"name\":\"Home\",\"item\":\"http:\\\/\\\/kiddoo.ee\\\/\"},{\"@type\":\"ListItem\",\"position\":2,\"name\":\"Meie lugu\"}]},{\"@type\":\"WebSite\",\"@id\":\"http:\\\/\\\/kiddoo.ee\\\/#website\",\"url\":\"http:\\\/\\\/kiddoo.ee\\\/\",\"name\":\"Kiddoo\",\"description\":\"Kvaliteet ja Eesti disain sinu lapsele\",\"publisher\":{\"@id\":\"http:\\\/\\\/kiddoo.ee\\\/#organization\"},\"potentialAction\":[{\"@type\":\"SearchAction\",\"target\":{\"@type\":\"EntryPoint\",\"urlTemplate\":\"http:\\\/\\\/kiddoo.ee\\\/?s={search_term_string}\"},\"query-input\":{\"@type\":\"PropertyValueSpecification\",\"valueRequired\":true,\"valueName\":\"search_term_string\"}}],\"inLanguage\":\"en-GB\"},{\"@type\":\"Organization\",\"@id\":\"http:\\\/\\\/kiddoo.ee\\\/#organization\",\"name\":\"Kiddoo\",\"url\":\"http:\\\/\\\/kiddoo.ee\\\/\",\"logo\":{\"@type\":\"ImageObject\",\"inLanguage\":\"en-GB\",\"@id\":\"http:\\\/\\\/kiddoo.ee\\\/#\\\/schema\\\/logo\\\/image\\\/\",\"url\":\"https:\\\/\\\/kiddoo.ee\\\/wp-content\\\/uploads\\\/2021\\\/10\\\/logo-04-scaled.jpg\",\"contentUrl\":\"https:\\\/\\\/kiddoo.ee\\\/wp-content\\\/uploads\\\/2021\\\/10\\\/logo-04-scaled.jpg\",\"width\":2560,\"height\":2560,\"caption\":\"Kiddoo\"},\"image\":{\"@id\":\"http:\\\/\\\/kiddoo.ee\\\/#\\\/schema\\\/logo\\\/image\\\/\"},\"sameAs\":[\"https:\\\/\\\/www.facebook.com\\\/Kiddoo-103191601863440\"]}]}<\/script>\n<!-- \/ Yoast SEO plugin. -->","yoast_head_json":{"title":"Meie lugu - Kiddoo","robots":{"index":"index","follow":"follow","max-snippet":"max-snippet:-1","max-image-preview":"max-image-preview:large","max-video-preview":"max-video-preview:-1"},"canonical":"https:\/\/kiddoo.ee\/en\/about\/","og_locale":"en_GB","og_type":"article","og_title":"Meie lugu - Kiddoo","og_description":"Kiddoo on Eesti br\u00e4nd ja saanud alguse m\u00f5ttest pakkuda kodumaist disaini ja kvaliteetseid tooteid pere k\u00f5ige pisematele. Idee sai alguse oma pere vajadustest ja soovist anda midagi enda poolt ka teistele vanematele. K\u00f5ik tooted ja disainid on hoolikalt l\u00e4bi m\u00f5eldud, et pakkuda k\u00f5rget kvaliteeti ja kaunist stiili ka k\u00f5ige n\u00f5udlikumale ostjale. Disainid l\u00e4htuvad lihtsusest ja puhtusest. Kasutame ainult tervisele ohutuid materjale ning toonid oleme valinud mahedad, mis on sobilikud nii poistele kui ka t\u00fcdrukutele. Minimalistlikus stiilis tooted sobivad suurep\u00e4raselt ka kingituseks ning iga toode on pakitud keskkonnas\u00f5bralikku karpi. Meie tootevalikust leiad imelised bambusl\u00f5ngast tekid. L\u00f5ng on 100% bambus ning p\u00e4rineb Itaaliast ning kootud samuti Euroopas. Valikust leiad ka erinevaid n\u00e4rimiseks ja m\u00e4ngimiseks m\u00f5eldud lelusid, mis k\u00f5ik on valmistatud k\u00e4sit\u00f6\u00f6na Eestis. Lutiketile on v\u00f5imalik peale graveerida ka nimi, mis on eriti armas kingitus ja m\u00e4estusese uuele ilmakodanikule.\u00a0 Silikoonist n\u00f5ud on suurep\u00e4rane leid lapse esimesteks katsetusteks toiduga. Tegeleme pidevalt tootearendusega, et oma kallitele klientidele uusi ja p\u00f5nevaid tooteid pakkuda. Meie tooted on disainitud meie enda poolt Eestis ning erinevad kootud ja teistest riidematerjalidest tooted valmistatakse Euroopa. Meie silikoon tooted p\u00e4rinevad Aasia tehasest ning valmistatakse k\u00f5rgeima kvalteediga silikoonist, mis on ohutu toidun\u00f5ude ja n\u00e4rimislelude valmistamiseks.\u00a0 &nbsp; &nbsp;","og_url":"https:\/\/kiddoo.ee\/en\/about\/","og_site_name":"Kiddoo","article_publisher":"https:\/\/www.facebook.com\/Kiddoo-103191601863440","article_modified_time":"2023-04-21T09:43:20+00:00","twitter_card":"summary_large_image","twitter_misc":{"Estimated reading time":"1 minute"},"schema":{"@context":"https:\/\/schema.org","@graph":[{"@type":"WebPage","@id":"https:\/\/kiddoo.ee\/about\/","url":"https:\/\/kiddoo.ee\/about\/","name":"Meie lugu - Kiddoo","isPartOf":{"@id":"http:\/\/kiddoo.ee\/#website"},"datePublished":"2019-11-24T20:02:26+00:00","dateModified":"2023-04-21T09:43:20+00:00","breadcrumb":{"@id":"https:\/\/kiddoo.ee\/about\/#breadcrumb"},"inLanguage":"en-GB","potentialAction":[{"@type":"ReadAction","target":["https:\/\/kiddoo.ee\/about\/"]}]},{"@type":"BreadcrumbList","@id":"https:\/\/kiddoo.ee\/about\/#breadcrumb","itemListElement":[{"@type":"ListItem","position":1,"name":"Home","item":"http:\/\/kiddoo.ee\/"},{"@type":"ListItem","position":2,"name":"Meie lugu"}]},{"@type":"WebSite","@id":"http:\/\/kiddoo.ee\/#website","url":"http:\/\/kiddoo.ee\/","name":"Kiddoo","description":"Kvaliteet ja Eesti disain sinu lapsele","publisher":{"@id":"http:\/\/kiddoo.ee\/#organization"},"potentialAction":[{"@type":"SearchAction","target":{"@type":"EntryPoint","urlTemplate":"http:\/\/kiddoo.ee\/?s={search_term_string}"},"query-input":{"@type":"PropertyValueSpecification","valueRequired":true,"valueName":"search_term_string"}}],"inLanguage":"en-GB"},{"@type":"Organization","@id":"http:\/\/kiddoo.ee\/#organization","name":"Kiddoo","url":"http:\/\/kiddoo.ee\/","logo":{"@type":"ImageObject","inLanguage":"en-GB","@id":"http:\/\/kiddoo.ee\/#\/schema\/logo\/image\/","url":"https:\/\/kiddoo.ee\/wp-content\/uploads\/2021\/10\/logo-04-scaled.jpg","contentUrl":"https:\/\/kiddoo.ee\/wp-content\/uploads\/2021\/10\/logo-04-scaled.jpg","width":2560,"height":2560,"caption":"Kiddoo"},"image":{"@id":"http:\/\/kiddoo.ee\/#\/schema\/logo\/image\/"},"sameAs":["https:\/\/www.facebook.com\/Kiddoo-103191601863440"]}]}},"_links":{"self":[{"href":"https:\/\/kiddoo.ee\/en\/wp-json\/wp\/v2\/pages\/160","targetHints":{"allow":["GET"]}}],"collection":[{"href":"https:\/\/kiddoo.ee\/en\/wp-json\/wp\/v2\/pages"}],"about":[{"href":"https:\/\/kiddoo.ee\/en\/wp-json\/wp\/v2\/types\/page"}],"author":[{"embeddable":true,"href":"https:\/\/kiddoo.ee\/en\/wp-json\/wp\/v2\/users\/1"}],"replies":[{"embeddable":true,"href":"https:\/\/kiddoo.ee\/en\/wp-json\/wp\/v2\/comments?post=160"}],"version-history":[{"count":5,"href":"https:\/\/kiddoo.ee\/en\/wp-json\/wp\/v2\/pages\/160\/revisions"}],"predecessor-version":[{"id":3056,"href":"https:\/\/kiddoo.ee\/en\/wp-json\/wp\/v2\/pages\/160\/revisions\/3056"}],"wp:attachment":[{"href":"https:\/\/kiddoo.ee\/en\/wp-json\/wp\/v2\/media?parent=160"}],"curies":[{"name":"wp","href":"https:\/\/api.w.org\/{rel}","templated":true}]}}