{"id":1771,"date":"2022-03-02T11:02:39","date_gmt":"2022-03-02T11:02:39","guid":{"rendered":"https:\/\/kiddoo.ee\/?post_type=product&#038;p=1771"},"modified":"2026-04-14T06:05:35","modified_gmt":"2026-04-14T06:05:35","slug":"puidust-koristi","status":"publish","type":"product","link":"https:\/\/kiddoo.ee\/en\/product\/puidust-koristi\/","title":{"rendered":"Puidust k\u00f5risti lapsele \u2013 valmistatud k\u00e4sit\u00f6\u00f6na Eestis"},"content":{"rendered":"<p data-start=\"858\" data-end=\"1199\">Puidust k\u00f5risti on valmistatud <strong data-start=\"889\" data-end=\"909\">k\u00e4sit\u00f6\u00f6na Eestis<\/strong> ja loodud spetsiaalselt lapse turvalisust silmas pidades. Toode on valmistatud <strong data-start=\"989\" data-end=\"1053\">toidun\u00f5udes kasutatavast silikoonist ja naturaalsest puidust<\/strong>, mis on <strong data-start=\"1062\" data-end=\"1082\">mitte toksilised<\/strong> ja lapsele ohutud. Raputades teeb k\u00f5risti meeldiva h\u00e4\u00e4le, aidates arendada beebi <strong data-start=\"1164\" data-end=\"1196\">haaramisoskust ja motoorikat<\/strong>.<\/p>\n<p data-start=\"1201\" data-end=\"1560\">K\u00f5ristit on v\u00f5imalik kasutada ka <strong data-start=\"1234\" data-end=\"1257\">ohutu n\u00e4rimisleluna<\/strong>, mis aitab leevendada l\u00f5ikehammastega seotud ebamugavust. Toote hooldus on lihtne \u2013 pese <strong data-start=\"1347\" data-end=\"1378\">\u00f5rnatoimelise pesuvahendiga<\/strong>, <strong data-start=\"1380\" data-end=\"1404\">ei kannata leotamist<\/strong> ja loputa enne esmast kasutamist. Kasutamisel on alati vajalik <strong data-start=\"1468\" data-end=\"1491\">vanemlik j\u00e4relvalve<\/strong> ning igasuguse defekti ilmnemisel tuleb toote kasutamine l\u00f5petada.<\/p>\n<p data-start=\"1562\" data-end=\"1720\">See puidust k\u00f5risti on praktiline, vastupidav ja ergonoomiline lahendus igap\u00e4evaseks m\u00e4ngimiseks, pakkudes lapsele turvalist, l\u00f5busat ja arendavat kogemust.<\/p>","protected":false},"excerpt":{"rendered":"<p>Puidust k\u00f5risti on valmistatud k\u00e4sit\u00f6\u00f6na Eestis ja loodud spetsiaalselt lapse turvalisust silmas pidades. Toode on valmistatud toidun\u00f5udes kasutatavast silikoonist ja naturaalsest puidust, mis on mitte toksilised ja lapsele ohutud. Raputades teeb k\u00f5risti meeldiva h\u00e4\u00e4le, aidates arendada beebi haaramisoskust ja motoorikat. K\u00f5ristit on v\u00f5imalik kasutada ka ohutu n\u00e4rimisleluna, mis aitab leevendada l\u00f5ikehammastega seotud ebamugavust. Toote hooldus on lihtne \u2013 pese \u00f5rnatoimelise pesuvahendiga, ei kannata leotamist ja loputa enne esmast kasutamist. Kasutamisel on alati vajalik vanemlik j\u00e4relvalve ning igasuguse defekti ilmnemisel tuleb toote kasutamine l\u00f5petada. See puidust k\u00f5risti on praktiline, vastupidav ja ergonoomiline lahendus igap\u00e4evaseks m\u00e4ngimiseks, pakkudes lapsele turvalist, l\u00f5busat ja arendavat kogemust.<\/p>","protected":false},"featured_media":1165,"template":"","meta":[],"product_brand":[],"product_cat":[24,308,270],"product_tag":[],"class_list":{"0":"post-1771","1":"product","2":"type-product","3":"status-publish","4":"has-post-thumbnail","6":"product_cat-lutiketid-narimislelud","7":"product_cat-manguaeg","8":"product_cat-puidust-koristi","10":"first","11":"instock","12":"taxable","13":"shipping-taxable","14":"purchasable","15":"product-type-variable"},"yoast_head":"<!-- This site is optimized with the Yoast SEO plugin v27.5 - https:\/\/yoast.com\/product\/yoast-seo-wordpress\/ -->\n<title>Puidust k\u00f5risti \u2013 silikoonist ja puidust, ohutu beebile- Kiddoo.ee<\/title>\n<meta name=\"description\" content=\"Puidust k\u00f5risti lapsele, valmistatud k\u00e4sit\u00f6\u00f6na Eestis. Ohutu, silikoonist ja puidust, arendab haaramisoskust ja sobib n\u00e4rimisleluna.\" \/>\n<meta name=\"robots\" content=\"index, follow, max-snippet:-1, max-image-preview:large, max-video-preview:-1\" \/>\n<link rel=\"canonical\" href=\"https:\/\/kiddoo.ee\/en\/product\/puidust-koristi\/\" \/>\n<meta property=\"og:locale\" content=\"en_GB\" \/>\n<meta property=\"og:type\" content=\"article\" \/>\n<meta property=\"og:title\" content=\"Puidust k\u00f5risti \u2013 silikoonist ja puidust, ohutu beebile- Kiddoo.ee\" \/>\n<meta property=\"og:description\" content=\"Puidust k\u00f5risti lapsele, valmistatud k\u00e4sit\u00f6\u00f6na Eestis. Ohutu, silikoonist ja puidust, arendab haaramisoskust ja sobib n\u00e4rimisleluna.\" \/>\n<meta property=\"og:url\" content=\"https:\/\/kiddoo.ee\/en\/product\/puidust-koristi\/\" \/>\n<meta property=\"og:site_name\" content=\"Kiddoo\" \/>\n<meta property=\"article:publisher\" content=\"https:\/\/www.facebook.com\/Kiddoo-103191601863440\" \/>\n<meta property=\"article:modified_time\" content=\"2026-04-14T06:05:35+00:00\" \/>\n<meta property=\"og:image\" content=\"https:\/\/kiddoo.ee\/wp-content\/uploads\/2021\/09\/IMG_4977-1-scaled.jpg\" \/>\n\t<meta property=\"og:image:width\" content=\"2560\" \/>\n\t<meta property=\"og:image:height\" content=\"2560\" \/>\n\t<meta property=\"og:image:type\" content=\"image\/jpeg\" \/>\n<meta name=\"twitter:card\" content=\"summary_large_image\" \/>\n<meta name=\"twitter:label1\" content=\"Estimated reading time\" \/>\n\t<meta name=\"twitter:data1\" content=\"1 minute\" \/>\n<script type=\"application\/ld+json\" class=\"yoast-schema-graph\">{\"@context\":\"https:\\\/\\\/schema.org\",\"@graph\":[{\"@type\":\"WebPage\",\"@id\":\"https:\\\/\\\/kiddoo.ee\\\/product\\\/puidust-koristi\\\/\",\"url\":\"https:\\\/\\\/kiddoo.ee\\\/product\\\/puidust-koristi\\\/\",\"name\":\"Puidust k\u00f5risti \u2013 silikoonist ja puidust, ohutu beebile- Kiddoo.ee\",\"isPartOf\":{\"@id\":\"http:\\\/\\\/kiddoo.ee\\\/#website\"},\"primaryImageOfPage\":{\"@id\":\"https:\\\/\\\/kiddoo.ee\\\/product\\\/puidust-koristi\\\/#primaryimage\"},\"image\":{\"@id\":\"https:\\\/\\\/kiddoo.ee\\\/product\\\/puidust-koristi\\\/#primaryimage\"},\"thumbnailUrl\":\"https:\\\/\\\/kiddoo.ee\\\/wp-content\\\/uploads\\\/2021\\\/09\\\/IMG_4977-1-scaled.jpg\",\"datePublished\":\"2022-03-02T11:02:39+00:00\",\"dateModified\":\"2026-04-14T06:05:35+00:00\",\"description\":\"Puidust k\u00f5risti lapsele, valmistatud k\u00e4sit\u00f6\u00f6na Eestis. Ohutu, silikoonist ja puidust, arendab haaramisoskust ja sobib n\u00e4rimisleluna.\",\"breadcrumb\":{\"@id\":\"https:\\\/\\\/kiddoo.ee\\\/product\\\/puidust-koristi\\\/#breadcrumb\"},\"inLanguage\":\"en-GB\",\"potentialAction\":[{\"@type\":\"ReadAction\",\"target\":[\"https:\\\/\\\/kiddoo.ee\\\/product\\\/puidust-koristi\\\/\"]}]},{\"@type\":\"ImageObject\",\"inLanguage\":\"en-GB\",\"@id\":\"https:\\\/\\\/kiddoo.ee\\\/product\\\/puidust-koristi\\\/#primaryimage\",\"url\":\"https:\\\/\\\/kiddoo.ee\\\/wp-content\\\/uploads\\\/2021\\\/09\\\/IMG_4977-1-scaled.jpg\",\"contentUrl\":\"https:\\\/\\\/kiddoo.ee\\\/wp-content\\\/uploads\\\/2021\\\/09\\\/IMG_4977-1-scaled.jpg\",\"width\":2560,\"height\":2560},{\"@type\":\"BreadcrumbList\",\"@id\":\"https:\\\/\\\/kiddoo.ee\\\/product\\\/puidust-koristi\\\/#breadcrumb\",\"itemListElement\":[{\"@type\":\"ListItem\",\"position\":1,\"name\":\"Home\",\"item\":\"http:\\\/\\\/kiddoo.ee\\\/\"},{\"@type\":\"ListItem\",\"position\":2,\"name\":\"Pood\",\"item\":\"https:\\\/\\\/kiddoo.ee\\\/en\\\/shop\\\/\"},{\"@type\":\"ListItem\",\"position\":3,\"name\":\"Puidust k\u00f5risti lapsele \u2013 valmistatud k\u00e4sit\u00f6\u00f6na Eestis\"}]},{\"@type\":\"WebSite\",\"@id\":\"http:\\\/\\\/kiddoo.ee\\\/#website\",\"url\":\"http:\\\/\\\/kiddoo.ee\\\/\",\"name\":\"Kiddoo\",\"description\":\"Kvaliteet ja Eesti disain sinu lapsele\",\"publisher\":{\"@id\":\"http:\\\/\\\/kiddoo.ee\\\/#organization\"},\"potentialAction\":[{\"@type\":\"SearchAction\",\"target\":{\"@type\":\"EntryPoint\",\"urlTemplate\":\"http:\\\/\\\/kiddoo.ee\\\/?s={search_term_string}\"},\"query-input\":{\"@type\":\"PropertyValueSpecification\",\"valueRequired\":true,\"valueName\":\"search_term_string\"}}],\"inLanguage\":\"en-GB\"},{\"@type\":\"Organization\",\"@id\":\"http:\\\/\\\/kiddoo.ee\\\/#organization\",\"name\":\"Kiddoo\",\"url\":\"http:\\\/\\\/kiddoo.ee\\\/\",\"logo\":{\"@type\":\"ImageObject\",\"inLanguage\":\"en-GB\",\"@id\":\"http:\\\/\\\/kiddoo.ee\\\/#\\\/schema\\\/logo\\\/image\\\/\",\"url\":\"https:\\\/\\\/kiddoo.ee\\\/wp-content\\\/uploads\\\/2021\\\/10\\\/logo-04-scaled.jpg\",\"contentUrl\":\"https:\\\/\\\/kiddoo.ee\\\/wp-content\\\/uploads\\\/2021\\\/10\\\/logo-04-scaled.jpg\",\"width\":2560,\"height\":2560,\"caption\":\"Kiddoo\"},\"image\":{\"@id\":\"http:\\\/\\\/kiddoo.ee\\\/#\\\/schema\\\/logo\\\/image\\\/\"},\"sameAs\":[\"https:\\\/\\\/www.facebook.com\\\/Kiddoo-103191601863440\"]}]}<\/script>\n<!-- \/ Yoast SEO plugin. -->","yoast_head_json":{"title":"Puidust k\u00f5risti \u2013 silikoonist ja puidust, ohutu beebile- Kiddoo.ee","description":"Puidust k\u00f5risti lapsele, valmistatud k\u00e4sit\u00f6\u00f6na Eestis. Ohutu, silikoonist ja puidust, arendab haaramisoskust ja sobib n\u00e4rimisleluna.","robots":{"index":"index","follow":"follow","max-snippet":"max-snippet:-1","max-image-preview":"max-image-preview:large","max-video-preview":"max-video-preview:-1"},"canonical":"https:\/\/kiddoo.ee\/en\/product\/puidust-koristi\/","og_locale":"en_GB","og_type":"article","og_title":"Puidust k\u00f5risti \u2013 silikoonist ja puidust, ohutu beebile- Kiddoo.ee","og_description":"Puidust k\u00f5risti lapsele, valmistatud k\u00e4sit\u00f6\u00f6na Eestis. Ohutu, silikoonist ja puidust, arendab haaramisoskust ja sobib n\u00e4rimisleluna.","og_url":"https:\/\/kiddoo.ee\/en\/product\/puidust-koristi\/","og_site_name":"Kiddoo","article_publisher":"https:\/\/www.facebook.com\/Kiddoo-103191601863440","article_modified_time":"2026-04-14T06:05:35+00:00","og_image":[{"width":2560,"height":2560,"url":"https:\/\/kiddoo.ee\/wp-content\/uploads\/2021\/09\/IMG_4977-1-scaled.jpg","type":"image\/jpeg"}],"twitter_card":"summary_large_image","twitter_misc":{"Estimated reading time":"1 minute"},"schema":{"@context":"https:\/\/schema.org","@graph":[{"@type":"WebPage","@id":"https:\/\/kiddoo.ee\/product\/puidust-koristi\/","url":"https:\/\/kiddoo.ee\/product\/puidust-koristi\/","name":"Puidust k\u00f5risti \u2013 silikoonist ja puidust, ohutu beebile- Kiddoo.ee","isPartOf":{"@id":"http:\/\/kiddoo.ee\/#website"},"primaryImageOfPage":{"@id":"https:\/\/kiddoo.ee\/product\/puidust-koristi\/#primaryimage"},"image":{"@id":"https:\/\/kiddoo.ee\/product\/puidust-koristi\/#primaryimage"},"thumbnailUrl":"https:\/\/kiddoo.ee\/wp-content\/uploads\/2021\/09\/IMG_4977-1-scaled.jpg","datePublished":"2022-03-02T11:02:39+00:00","dateModified":"2026-04-14T06:05:35+00:00","description":"Puidust k\u00f5risti lapsele, valmistatud k\u00e4sit\u00f6\u00f6na Eestis. Ohutu, silikoonist ja puidust, arendab haaramisoskust ja sobib n\u00e4rimisleluna.","breadcrumb":{"@id":"https:\/\/kiddoo.ee\/product\/puidust-koristi\/#breadcrumb"},"inLanguage":"en-GB","potentialAction":[{"@type":"ReadAction","target":["https:\/\/kiddoo.ee\/product\/puidust-koristi\/"]}]},{"@type":"ImageObject","inLanguage":"en-GB","@id":"https:\/\/kiddoo.ee\/product\/puidust-koristi\/#primaryimage","url":"https:\/\/kiddoo.ee\/wp-content\/uploads\/2021\/09\/IMG_4977-1-scaled.jpg","contentUrl":"https:\/\/kiddoo.ee\/wp-content\/uploads\/2021\/09\/IMG_4977-1-scaled.jpg","width":2560,"height":2560},{"@type":"BreadcrumbList","@id":"https:\/\/kiddoo.ee\/product\/puidust-koristi\/#breadcrumb","itemListElement":[{"@type":"ListItem","position":1,"name":"Home","item":"http:\/\/kiddoo.ee\/"},{"@type":"ListItem","position":2,"name":"Pood","item":"https:\/\/kiddoo.ee\/en\/shop\/"},{"@type":"ListItem","position":3,"name":"Puidust k\u00f5risti lapsele \u2013 valmistatud k\u00e4sit\u00f6\u00f6na Eestis"}]},{"@type":"WebSite","@id":"http:\/\/kiddoo.ee\/#website","url":"http:\/\/kiddoo.ee\/","name":"Kiddoo","description":"Kvaliteet ja Eesti disain sinu lapsele","publisher":{"@id":"http:\/\/kiddoo.ee\/#organization"},"potentialAction":[{"@type":"SearchAction","target":{"@type":"EntryPoint","urlTemplate":"http:\/\/kiddoo.ee\/?s={search_term_string}"},"query-input":{"@type":"PropertyValueSpecification","valueRequired":true,"valueName":"search_term_string"}}],"inLanguage":"en-GB"},{"@type":"Organization","@id":"http:\/\/kiddoo.ee\/#organization","name":"Kiddoo","url":"http:\/\/kiddoo.ee\/","logo":{"@type":"ImageObject","inLanguage":"en-GB","@id":"http:\/\/kiddoo.ee\/#\/schema\/logo\/image\/","url":"https:\/\/kiddoo.ee\/wp-content\/uploads\/2021\/10\/logo-04-scaled.jpg","contentUrl":"https:\/\/kiddoo.ee\/wp-content\/uploads\/2021\/10\/logo-04-scaled.jpg","width":2560,"height":2560,"caption":"Kiddoo"},"image":{"@id":"http:\/\/kiddoo.ee\/#\/schema\/logo\/image\/"},"sameAs":["https:\/\/www.facebook.com\/Kiddoo-103191601863440"]}]}},"_links":{"self":[{"href":"https:\/\/kiddoo.ee\/en\/wp-json\/wp\/v2\/product\/1771","targetHints":{"allow":["GET"]}}],"collection":[{"href":"https:\/\/kiddoo.ee\/en\/wp-json\/wp\/v2\/product"}],"about":[{"href":"https:\/\/kiddoo.ee\/en\/wp-json\/wp\/v2\/types\/product"}],"wp:featuredmedia":[{"embeddable":true,"href":"https:\/\/kiddoo.ee\/en\/wp-json\/wp\/v2\/media\/1165"}],"wp:attachment":[{"href":"https:\/\/kiddoo.ee\/en\/wp-json\/wp\/v2\/media?parent=1771"}],"wp:term":[{"taxonomy":"product_brand","embeddable":true,"href":"https:\/\/kiddoo.ee\/en\/wp-json\/wp\/v2\/product_brand?post=1771"},{"taxonomy":"product_cat","embeddable":true,"href":"https:\/\/kiddoo.ee\/en\/wp-json\/wp\/v2\/product_cat?post=1771"},{"taxonomy":"product_tag","embeddable":true,"href":"https:\/\/kiddoo.ee\/en\/wp-json\/wp\/v2\/product_tag?post=1771"}],"curies":[{"name":"wp","href":"https:\/\/api.w.org\/{rel}","templated":true}]}}