{"id":2689,"date":"2022-12-02T13:21:24","date_gmt":"2022-12-02T13:21:24","guid":{"rendered":"https:\/\/kiddoo.ee\/?post_type=product&#038;p=2689"},"modified":"2025-12-01T11:52:09","modified_gmt":"2025-12-01T11:52:09","slug":"bambustekk-ja-lutikett-puuder","status":"publish","type":"product","link":"https:\/\/kiddoo.ee\/en\/product\/bambustekk-ja-lutikett-puuder\/","title":{"rendered":"Bamboo blanket and pacifier clip Powder"},"content":{"rendered":"<p>Looking for a gift for a baby shower or after birth?<\/p>\n<p>We put together beautiful and practical bamboo blankets and pacifier clip.<br \/>\nKinkekomplekti kuulub bambuskiust beebitekk \u201cFrench\u201d puuder ning lutikett peach.<br \/>\nIf needed we can add name on the pacifier clip.<\/p>\n<p>Set comes in natural color Kiddoo box.<\/p>","protected":false},"excerpt":{"rendered":"<p>Delivery time 3-7 working days<\/p>","protected":false},"featured_media":2690,"template":"","meta":[],"product_brand":[],"product_cat":[298,299],"product_tag":[],"class_list":{"0":"post-2689","1":"product","2":"type-product","3":"status-publish","4":"has-post-thumbnail","6":"product_cat-kinkekomplektid","7":"product_cat-tekiga-komplektid","8":"wcpa_has_options","10":"first","11":"outofstock","12":"taxable","13":"shipping-taxable","14":"purchasable","15":"product-type-simple"},"yoast_head":"<!-- This site is optimized with the Yoast SEO plugin v27.5 - https:\/\/yoast.com\/product\/yoast-seo-wordpress\/ -->\n<title>Bambustekk ja lutikett Puuder - Kiddoo<\/title>\n<meta name=\"robots\" content=\"index, follow, max-snippet:-1, max-image-preview:large, max-video-preview:-1\" \/>\n<link rel=\"canonical\" href=\"https:\/\/www.kiddoo.ee\/product\/bambustekk-ja-lutikett-puuder\/\" \/>\n<meta property=\"og:locale\" content=\"en_GB\" \/>\n<meta property=\"og:type\" content=\"article\" \/>\n<meta property=\"og:title\" content=\"Bambustekk ja lutikett Puuder - Kiddoo\" \/>\n<meta property=\"og:description\" content=\"Tarneaeg 3-7 t\u00f6\u00f6p\u00e4eva\" \/>\n<meta property=\"og:url\" content=\"https:\/\/www.kiddoo.ee\/product\/bambustekk-ja-lutikett-puuder\/\" \/>\n<meta property=\"og:site_name\" content=\"Kiddoo\" \/>\n<meta property=\"article:publisher\" content=\"https:\/\/www.facebook.com\/Kiddoo-103191601863440\" \/>\n<meta property=\"article:modified_time\" content=\"2025-12-01T11:52:09+00:00\" \/>\n<meta property=\"og:image\" content=\"https:\/\/kiddoo.ee\/wp-content\/uploads\/2022\/12\/79AEA215-5509-4CF5-BBF8-8F2F9569C261.jpeg\" \/>\n\t<meta property=\"og:image:width\" content=\"2377\" \/>\n\t<meta property=\"og:image:height\" content=\"2377\" \/>\n\t<meta property=\"og:image:type\" content=\"image\/jpeg\" \/>\n<meta name=\"twitter:card\" content=\"summary_large_image\" \/>\n<meta name=\"twitter:label1\" content=\"Estimated reading time\" \/>\n\t<meta name=\"twitter:data1\" content=\"1 minute\" \/>\n<script type=\"application\/ld+json\" class=\"yoast-schema-graph\">{\"@context\":\"https:\\\/\\\/schema.org\",\"@graph\":[{\"@type\":\"WebPage\",\"@id\":\"https:\\\/\\\/www.kiddoo.ee\\\/product\\\/bambustekk-ja-lutikett-puuder\\\/\",\"url\":\"https:\\\/\\\/www.kiddoo.ee\\\/product\\\/bambustekk-ja-lutikett-puuder\\\/\",\"name\":\"Bambustekk ja lutikett Puuder - Kiddoo\",\"isPartOf\":{\"@id\":\"http:\\\/\\\/kiddoo.ee\\\/#website\"},\"primaryImageOfPage\":{\"@id\":\"https:\\\/\\\/www.kiddoo.ee\\\/product\\\/bambustekk-ja-lutikett-puuder\\\/#primaryimage\"},\"image\":{\"@id\":\"https:\\\/\\\/www.kiddoo.ee\\\/product\\\/bambustekk-ja-lutikett-puuder\\\/#primaryimage\"},\"thumbnailUrl\":\"https:\\\/\\\/www.kiddoo.ee\\\/wp-content\\\/uploads\\\/2022\\\/12\\\/79AEA215-5509-4CF5-BBF8-8F2F9569C261.jpeg\",\"datePublished\":\"2022-12-02T13:21:24+00:00\",\"dateModified\":\"2025-12-01T11:52:09+00:00\",\"breadcrumb\":{\"@id\":\"https:\\\/\\\/www.kiddoo.ee\\\/product\\\/bambustekk-ja-lutikett-puuder\\\/#breadcrumb\"},\"inLanguage\":\"en-GB\",\"potentialAction\":[{\"@type\":\"ReadAction\",\"target\":[\"https:\\\/\\\/www.kiddoo.ee\\\/product\\\/bambustekk-ja-lutikett-puuder\\\/\"]}]},{\"@type\":\"ImageObject\",\"inLanguage\":\"en-GB\",\"@id\":\"https:\\\/\\\/www.kiddoo.ee\\\/product\\\/bambustekk-ja-lutikett-puuder\\\/#primaryimage\",\"url\":\"https:\\\/\\\/www.kiddoo.ee\\\/wp-content\\\/uploads\\\/2022\\\/12\\\/79AEA215-5509-4CF5-BBF8-8F2F9569C261.jpeg\",\"contentUrl\":\"https:\\\/\\\/www.kiddoo.ee\\\/wp-content\\\/uploads\\\/2022\\\/12\\\/79AEA215-5509-4CF5-BBF8-8F2F9569C261.jpeg\",\"width\":2377,\"height\":2377},{\"@type\":\"BreadcrumbList\",\"@id\":\"https:\\\/\\\/www.kiddoo.ee\\\/product\\\/bambustekk-ja-lutikett-puuder\\\/#breadcrumb\",\"itemListElement\":[{\"@type\":\"ListItem\",\"position\":1,\"name\":\"Home\",\"item\":\"http:\\\/\\\/kiddoo.ee\\\/\"},{\"@type\":\"ListItem\",\"position\":2,\"name\":\"Pood\",\"item\":\"https:\\\/\\\/kiddoo.ee\\\/en\\\/shop\\\/\"},{\"@type\":\"ListItem\",\"position\":3,\"name\":\"Bambustekk ja lutikett Puuder\"}]},{\"@type\":\"WebSite\",\"@id\":\"http:\\\/\\\/kiddoo.ee\\\/#website\",\"url\":\"http:\\\/\\\/kiddoo.ee\\\/\",\"name\":\"Kiddoo\",\"description\":\"Kvaliteet ja Eesti disain sinu lapsele\",\"publisher\":{\"@id\":\"http:\\\/\\\/kiddoo.ee\\\/#organization\"},\"potentialAction\":[{\"@type\":\"SearchAction\",\"target\":{\"@type\":\"EntryPoint\",\"urlTemplate\":\"http:\\\/\\\/kiddoo.ee\\\/?s={search_term_string}\"},\"query-input\":{\"@type\":\"PropertyValueSpecification\",\"valueRequired\":true,\"valueName\":\"search_term_string\"}}],\"inLanguage\":\"en-GB\"},{\"@type\":\"Organization\",\"@id\":\"http:\\\/\\\/kiddoo.ee\\\/#organization\",\"name\":\"Kiddoo\",\"url\":\"http:\\\/\\\/kiddoo.ee\\\/\",\"logo\":{\"@type\":\"ImageObject\",\"inLanguage\":\"en-GB\",\"@id\":\"http:\\\/\\\/kiddoo.ee\\\/#\\\/schema\\\/logo\\\/image\\\/\",\"url\":\"https:\\\/\\\/kiddoo.ee\\\/wp-content\\\/uploads\\\/2021\\\/10\\\/logo-04-scaled.jpg\",\"contentUrl\":\"https:\\\/\\\/kiddoo.ee\\\/wp-content\\\/uploads\\\/2021\\\/10\\\/logo-04-scaled.jpg\",\"width\":2560,\"height\":2560,\"caption\":\"Kiddoo\"},\"image\":{\"@id\":\"http:\\\/\\\/kiddoo.ee\\\/#\\\/schema\\\/logo\\\/image\\\/\"},\"sameAs\":[\"https:\\\/\\\/www.facebook.com\\\/Kiddoo-103191601863440\"]}]}<\/script>\n<!-- \/ Yoast SEO plugin. -->","yoast_head_json":{"title":"Bambustekk ja lutikett Puuder - Kiddoo","robots":{"index":"index","follow":"follow","max-snippet":"max-snippet:-1","max-image-preview":"max-image-preview:large","max-video-preview":"max-video-preview:-1"},"canonical":"https:\/\/www.kiddoo.ee\/product\/bambustekk-ja-lutikett-puuder\/","og_locale":"en_GB","og_type":"article","og_title":"Bambustekk ja lutikett Puuder - Kiddoo","og_description":"Tarneaeg 3-7 t\u00f6\u00f6p\u00e4eva","og_url":"https:\/\/www.kiddoo.ee\/product\/bambustekk-ja-lutikett-puuder\/","og_site_name":"Kiddoo","article_publisher":"https:\/\/www.facebook.com\/Kiddoo-103191601863440","article_modified_time":"2025-12-01T11:52:09+00:00","og_image":[{"width":2377,"height":2377,"url":"https:\/\/kiddoo.ee\/wp-content\/uploads\/2022\/12\/79AEA215-5509-4CF5-BBF8-8F2F9569C261.jpeg","type":"image\/jpeg"}],"twitter_card":"summary_large_image","twitter_misc":{"Estimated reading time":"1 minute"},"schema":{"@context":"https:\/\/schema.org","@graph":[{"@type":"WebPage","@id":"https:\/\/www.kiddoo.ee\/product\/bambustekk-ja-lutikett-puuder\/","url":"https:\/\/www.kiddoo.ee\/product\/bambustekk-ja-lutikett-puuder\/","name":"Bambustekk ja lutikett Puuder - Kiddoo","isPartOf":{"@id":"http:\/\/kiddoo.ee\/#website"},"primaryImageOfPage":{"@id":"https:\/\/www.kiddoo.ee\/product\/bambustekk-ja-lutikett-puuder\/#primaryimage"},"image":{"@id":"https:\/\/www.kiddoo.ee\/product\/bambustekk-ja-lutikett-puuder\/#primaryimage"},"thumbnailUrl":"https:\/\/www.kiddoo.ee\/wp-content\/uploads\/2022\/12\/79AEA215-5509-4CF5-BBF8-8F2F9569C261.jpeg","datePublished":"2022-12-02T13:21:24+00:00","dateModified":"2025-12-01T11:52:09+00:00","breadcrumb":{"@id":"https:\/\/www.kiddoo.ee\/product\/bambustekk-ja-lutikett-puuder\/#breadcrumb"},"inLanguage":"en-GB","potentialAction":[{"@type":"ReadAction","target":["https:\/\/www.kiddoo.ee\/product\/bambustekk-ja-lutikett-puuder\/"]}]},{"@type":"ImageObject","inLanguage":"en-GB","@id":"https:\/\/www.kiddoo.ee\/product\/bambustekk-ja-lutikett-puuder\/#primaryimage","url":"https:\/\/www.kiddoo.ee\/wp-content\/uploads\/2022\/12\/79AEA215-5509-4CF5-BBF8-8F2F9569C261.jpeg","contentUrl":"https:\/\/www.kiddoo.ee\/wp-content\/uploads\/2022\/12\/79AEA215-5509-4CF5-BBF8-8F2F9569C261.jpeg","width":2377,"height":2377},{"@type":"BreadcrumbList","@id":"https:\/\/www.kiddoo.ee\/product\/bambustekk-ja-lutikett-puuder\/#breadcrumb","itemListElement":[{"@type":"ListItem","position":1,"name":"Home","item":"http:\/\/kiddoo.ee\/"},{"@type":"ListItem","position":2,"name":"Pood","item":"https:\/\/kiddoo.ee\/en\/shop\/"},{"@type":"ListItem","position":3,"name":"Bambustekk ja lutikett Puuder"}]},{"@type":"WebSite","@id":"http:\/\/kiddoo.ee\/#website","url":"http:\/\/kiddoo.ee\/","name":"Kiddoo","description":"Kvaliteet ja Eesti disain sinu lapsele","publisher":{"@id":"http:\/\/kiddoo.ee\/#organization"},"potentialAction":[{"@type":"SearchAction","target":{"@type":"EntryPoint","urlTemplate":"http:\/\/kiddoo.ee\/?s={search_term_string}"},"query-input":{"@type":"PropertyValueSpecification","valueRequired":true,"valueName":"search_term_string"}}],"inLanguage":"en-GB"},{"@type":"Organization","@id":"http:\/\/kiddoo.ee\/#organization","name":"Kiddoo","url":"http:\/\/kiddoo.ee\/","logo":{"@type":"ImageObject","inLanguage":"en-GB","@id":"http:\/\/kiddoo.ee\/#\/schema\/logo\/image\/","url":"https:\/\/kiddoo.ee\/wp-content\/uploads\/2021\/10\/logo-04-scaled.jpg","contentUrl":"https:\/\/kiddoo.ee\/wp-content\/uploads\/2021\/10\/logo-04-scaled.jpg","width":2560,"height":2560,"caption":"Kiddoo"},"image":{"@id":"http:\/\/kiddoo.ee\/#\/schema\/logo\/image\/"},"sameAs":["https:\/\/www.facebook.com\/Kiddoo-103191601863440"]}]}},"_links":{"self":[{"href":"https:\/\/kiddoo.ee\/en\/wp-json\/wp\/v2\/product\/2689","targetHints":{"allow":["GET"]}}],"collection":[{"href":"https:\/\/kiddoo.ee\/en\/wp-json\/wp\/v2\/product"}],"about":[{"href":"https:\/\/kiddoo.ee\/en\/wp-json\/wp\/v2\/types\/product"}],"wp:featuredmedia":[{"embeddable":true,"href":"https:\/\/kiddoo.ee\/en\/wp-json\/wp\/v2\/media\/2690"}],"wp:attachment":[{"href":"https:\/\/kiddoo.ee\/en\/wp-json\/wp\/v2\/media?parent=2689"}],"wp:term":[{"taxonomy":"product_brand","embeddable":true,"href":"https:\/\/kiddoo.ee\/en\/wp-json\/wp\/v2\/product_brand?post=2689"},{"taxonomy":"product_cat","embeddable":true,"href":"https:\/\/kiddoo.ee\/en\/wp-json\/wp\/v2\/product_cat?post=2689"},{"taxonomy":"product_tag","embeddable":true,"href":"https:\/\/kiddoo.ee\/en\/wp-json\/wp\/v2\/product_tag?post=2689"}],"curies":[{"name":"wp","href":"https:\/\/api.w.org\/{rel}","templated":true}]}}