{"id":3043,"date":"2023-04-16T17:54:55","date_gmt":"2023-04-16T17:54:55","guid":{"rendered":"https:\/\/kiddoo.ee\/?post_type=product&#038;p=3043"},"modified":"2025-11-09T17:33:34","modified_gmt":"2025-11-09T17:33:34","slug":"jaatisevormid","status":"publish","type":"product","link":"https:\/\/kiddoo.ee\/en\/product\/jaatisevormid\/","title":{"rendered":"Ice cream molds"},"content":{"rendered":"<p>Set includes six colorful molds. Molds are specially designed so the melting ice cream wont spill.<\/p>\n<ul>\n<li>100% food grade silicone<\/li>\n<li>Doesn't break<\/li>\n<li>Set includes 6 colorful molds<\/li>\n<li>Safe and designed specially for the kids. Use only under adult supervision<\/li>\n<li>Can be put into the microwave and dishwasher<\/li>\n<\/ul>\n<p>&nbsp;<\/p>","protected":false},"excerpt":{"rendered":"<p>Delivery time 3-7 working days<\/p>","protected":false},"featured_media":3045,"template":"","meta":[],"product_brand":[],"product_cat":[314,41],"product_tag":[],"class_list":{"0":"post-3043","1":"product","2":"type-product","3":"status-publish","4":"has-post-thumbnail","6":"product_cat-jaatisevormid","7":"product_cat-soogiaeg","9":"first","10":"instock","11":"sale","12":"taxable","13":"shipping-taxable","14":"purchasable","15":"product-type-simple"},"yoast_head":"<!-- This site is optimized with the Yoast SEO plugin v27.5 - https:\/\/yoast.com\/product\/yoast-seo-wordpress\/ -->\n<title>J\u00e4\u00e4tisevormid - Kiddoo<\/title>\n<meta name=\"description\" content=\"Silikoonist j\u00e4\u00e4tisevormid. Komplekti kuulub kuus eriv\u00e4rvi vormi. Vormid on spetsiaalselt disainitud lastele ning j\u00e4\u00e4tis ei hakka sulades tilkuma,\" \/>\n<meta name=\"robots\" content=\"index, follow, max-snippet:-1, max-image-preview:large, max-video-preview:-1\" \/>\n<link rel=\"canonical\" href=\"http:\/\/kiddoo.ee\/en\/product\/jaatisevormid\/\" \/>\n<meta property=\"og:locale\" content=\"en_GB\" \/>\n<meta property=\"og:type\" content=\"article\" \/>\n<meta property=\"og:title\" content=\"J\u00e4\u00e4tisevormid - Kiddoo\" \/>\n<meta property=\"og:description\" content=\"Silikoonist j\u00e4\u00e4tisevormid. Komplekti kuulub kuus eriv\u00e4rvi vormi. Vormid on spetsiaalselt disainitud lastele ning j\u00e4\u00e4tis ei hakka sulades tilkuma,\" \/>\n<meta property=\"og:url\" content=\"http:\/\/kiddoo.ee\/en\/product\/jaatisevormid\/\" \/>\n<meta property=\"og:site_name\" content=\"Kiddoo\" \/>\n<meta property=\"article:publisher\" content=\"https:\/\/www.facebook.com\/Kiddoo-103191601863440\" \/>\n<meta property=\"article:modified_time\" content=\"2025-11-09T17:33:34+00:00\" \/>\n<meta property=\"og:image\" content=\"http:\/\/kiddoo.ee\/wp-content\/uploads\/2023\/04\/7AC037BF-6E0F-4908-ACEA-5A854659B001.jpeg\" \/>\n\t<meta property=\"og:image:width\" content=\"2554\" \/>\n\t<meta property=\"og:image:height\" content=\"2554\" \/>\n\t<meta property=\"og:image:type\" content=\"image\/jpeg\" \/>\n<meta name=\"twitter:card\" content=\"summary_large_image\" \/>\n<meta name=\"twitter:label1\" content=\"Estimated reading time\" \/>\n\t<meta name=\"twitter:data1\" content=\"1 minute\" \/>\n<script type=\"application\/ld+json\" class=\"yoast-schema-graph\">{\"@context\":\"https:\\\/\\\/schema.org\",\"@graph\":[{\"@type\":\"WebPage\",\"@id\":\"http:\\\/\\\/kiddoo.ee\\\/product\\\/jaatisevormid\\\/\",\"url\":\"http:\\\/\\\/kiddoo.ee\\\/product\\\/jaatisevormid\\\/\",\"name\":\"J\u00e4\u00e4tisevormid - Kiddoo\",\"isPartOf\":{\"@id\":\"http:\\\/\\\/kiddoo.ee\\\/#website\"},\"primaryImageOfPage\":{\"@id\":\"http:\\\/\\\/kiddoo.ee\\\/product\\\/jaatisevormid\\\/#primaryimage\"},\"image\":{\"@id\":\"http:\\\/\\\/kiddoo.ee\\\/product\\\/jaatisevormid\\\/#primaryimage\"},\"thumbnailUrl\":\"https:\\\/\\\/kiddoo.ee\\\/wp-content\\\/uploads\\\/2023\\\/04\\\/7AC037BF-6E0F-4908-ACEA-5A854659B001.jpeg\",\"datePublished\":\"2023-04-16T17:54:55+00:00\",\"dateModified\":\"2025-11-09T17:33:34+00:00\",\"description\":\"Silikoonist j\u00e4\u00e4tisevormid. Komplekti kuulub kuus eriv\u00e4rvi vormi. Vormid on spetsiaalselt disainitud lastele ning j\u00e4\u00e4tis ei hakka sulades tilkuma,\",\"breadcrumb\":{\"@id\":\"http:\\\/\\\/kiddoo.ee\\\/product\\\/jaatisevormid\\\/#breadcrumb\"},\"inLanguage\":\"en-GB\",\"potentialAction\":[{\"@type\":\"ReadAction\",\"target\":[\"http:\\\/\\\/kiddoo.ee\\\/product\\\/jaatisevormid\\\/\"]}]},{\"@type\":\"ImageObject\",\"inLanguage\":\"en-GB\",\"@id\":\"http:\\\/\\\/kiddoo.ee\\\/product\\\/jaatisevormid\\\/#primaryimage\",\"url\":\"https:\\\/\\\/kiddoo.ee\\\/wp-content\\\/uploads\\\/2023\\\/04\\\/7AC037BF-6E0F-4908-ACEA-5A854659B001.jpeg\",\"contentUrl\":\"https:\\\/\\\/kiddoo.ee\\\/wp-content\\\/uploads\\\/2023\\\/04\\\/7AC037BF-6E0F-4908-ACEA-5A854659B001.jpeg\",\"width\":2554,\"height\":2554},{\"@type\":\"BreadcrumbList\",\"@id\":\"http:\\\/\\\/kiddoo.ee\\\/product\\\/jaatisevormid\\\/#breadcrumb\",\"itemListElement\":[{\"@type\":\"ListItem\",\"position\":1,\"name\":\"Home\",\"item\":\"http:\\\/\\\/kiddoo.ee\\\/\"},{\"@type\":\"ListItem\",\"position\":2,\"name\":\"Pood\",\"item\":\"https:\\\/\\\/kiddoo.ee\\\/en\\\/shop\\\/\"},{\"@type\":\"ListItem\",\"position\":3,\"name\":\"J\u00e4\u00e4tisevormid\"}]},{\"@type\":\"WebSite\",\"@id\":\"http:\\\/\\\/kiddoo.ee\\\/#website\",\"url\":\"http:\\\/\\\/kiddoo.ee\\\/\",\"name\":\"Kiddoo\",\"description\":\"Kvaliteet ja Eesti disain sinu lapsele\",\"publisher\":{\"@id\":\"http:\\\/\\\/kiddoo.ee\\\/#organization\"},\"potentialAction\":[{\"@type\":\"SearchAction\",\"target\":{\"@type\":\"EntryPoint\",\"urlTemplate\":\"http:\\\/\\\/kiddoo.ee\\\/?s={search_term_string}\"},\"query-input\":{\"@type\":\"PropertyValueSpecification\",\"valueRequired\":true,\"valueName\":\"search_term_string\"}}],\"inLanguage\":\"en-GB\"},{\"@type\":\"Organization\",\"@id\":\"http:\\\/\\\/kiddoo.ee\\\/#organization\",\"name\":\"Kiddoo\",\"url\":\"http:\\\/\\\/kiddoo.ee\\\/\",\"logo\":{\"@type\":\"ImageObject\",\"inLanguage\":\"en-GB\",\"@id\":\"http:\\\/\\\/kiddoo.ee\\\/#\\\/schema\\\/logo\\\/image\\\/\",\"url\":\"https:\\\/\\\/kiddoo.ee\\\/wp-content\\\/uploads\\\/2021\\\/10\\\/logo-04-scaled.jpg\",\"contentUrl\":\"https:\\\/\\\/kiddoo.ee\\\/wp-content\\\/uploads\\\/2021\\\/10\\\/logo-04-scaled.jpg\",\"width\":2560,\"height\":2560,\"caption\":\"Kiddoo\"},\"image\":{\"@id\":\"http:\\\/\\\/kiddoo.ee\\\/#\\\/schema\\\/logo\\\/image\\\/\"},\"sameAs\":[\"https:\\\/\\\/www.facebook.com\\\/Kiddoo-103191601863440\"]}]}<\/script>\n<!-- \/ Yoast SEO plugin. -->","yoast_head_json":{"title":"J\u00e4\u00e4tisevormid - Kiddoo","description":"Silikoonist j\u00e4\u00e4tisevormid. Komplekti kuulub kuus eriv\u00e4rvi vormi. Vormid on spetsiaalselt disainitud lastele ning j\u00e4\u00e4tis ei hakka sulades tilkuma,","robots":{"index":"index","follow":"follow","max-snippet":"max-snippet:-1","max-image-preview":"max-image-preview:large","max-video-preview":"max-video-preview:-1"},"canonical":"http:\/\/kiddoo.ee\/en\/product\/jaatisevormid\/","og_locale":"en_GB","og_type":"article","og_title":"J\u00e4\u00e4tisevormid - Kiddoo","og_description":"Silikoonist j\u00e4\u00e4tisevormid. Komplekti kuulub kuus eriv\u00e4rvi vormi. Vormid on spetsiaalselt disainitud lastele ning j\u00e4\u00e4tis ei hakka sulades tilkuma,","og_url":"http:\/\/kiddoo.ee\/en\/product\/jaatisevormid\/","og_site_name":"Kiddoo","article_publisher":"https:\/\/www.facebook.com\/Kiddoo-103191601863440","article_modified_time":"2025-11-09T17:33:34+00:00","og_image":[{"width":2554,"height":2554,"url":"http:\/\/kiddoo.ee\/wp-content\/uploads\/2023\/04\/7AC037BF-6E0F-4908-ACEA-5A854659B001.jpeg","type":"image\/jpeg"}],"twitter_card":"summary_large_image","twitter_misc":{"Estimated reading time":"1 minute"},"schema":{"@context":"https:\/\/schema.org","@graph":[{"@type":"WebPage","@id":"http:\/\/kiddoo.ee\/product\/jaatisevormid\/","url":"http:\/\/kiddoo.ee\/product\/jaatisevormid\/","name":"J\u00e4\u00e4tisevormid - Kiddoo","isPartOf":{"@id":"http:\/\/kiddoo.ee\/#website"},"primaryImageOfPage":{"@id":"http:\/\/kiddoo.ee\/product\/jaatisevormid\/#primaryimage"},"image":{"@id":"http:\/\/kiddoo.ee\/product\/jaatisevormid\/#primaryimage"},"thumbnailUrl":"https:\/\/kiddoo.ee\/wp-content\/uploads\/2023\/04\/7AC037BF-6E0F-4908-ACEA-5A854659B001.jpeg","datePublished":"2023-04-16T17:54:55+00:00","dateModified":"2025-11-09T17:33:34+00:00","description":"Silikoonist j\u00e4\u00e4tisevormid. Komplekti kuulub kuus eriv\u00e4rvi vormi. Vormid on spetsiaalselt disainitud lastele ning j\u00e4\u00e4tis ei hakka sulades tilkuma,","breadcrumb":{"@id":"http:\/\/kiddoo.ee\/product\/jaatisevormid\/#breadcrumb"},"inLanguage":"en-GB","potentialAction":[{"@type":"ReadAction","target":["http:\/\/kiddoo.ee\/product\/jaatisevormid\/"]}]},{"@type":"ImageObject","inLanguage":"en-GB","@id":"http:\/\/kiddoo.ee\/product\/jaatisevormid\/#primaryimage","url":"https:\/\/kiddoo.ee\/wp-content\/uploads\/2023\/04\/7AC037BF-6E0F-4908-ACEA-5A854659B001.jpeg","contentUrl":"https:\/\/kiddoo.ee\/wp-content\/uploads\/2023\/04\/7AC037BF-6E0F-4908-ACEA-5A854659B001.jpeg","width":2554,"height":2554},{"@type":"BreadcrumbList","@id":"http:\/\/kiddoo.ee\/product\/jaatisevormid\/#breadcrumb","itemListElement":[{"@type":"ListItem","position":1,"name":"Home","item":"http:\/\/kiddoo.ee\/"},{"@type":"ListItem","position":2,"name":"Pood","item":"https:\/\/kiddoo.ee\/en\/shop\/"},{"@type":"ListItem","position":3,"name":"J\u00e4\u00e4tisevormid"}]},{"@type":"WebSite","@id":"http:\/\/kiddoo.ee\/#website","url":"http:\/\/kiddoo.ee\/","name":"Kiddoo","description":"Kvaliteet ja Eesti disain sinu lapsele","publisher":{"@id":"http:\/\/kiddoo.ee\/#organization"},"potentialAction":[{"@type":"SearchAction","target":{"@type":"EntryPoint","urlTemplate":"http:\/\/kiddoo.ee\/?s={search_term_string}"},"query-input":{"@type":"PropertyValueSpecification","valueRequired":true,"valueName":"search_term_string"}}],"inLanguage":"en-GB"},{"@type":"Organization","@id":"http:\/\/kiddoo.ee\/#organization","name":"Kiddoo","url":"http:\/\/kiddoo.ee\/","logo":{"@type":"ImageObject","inLanguage":"en-GB","@id":"http:\/\/kiddoo.ee\/#\/schema\/logo\/image\/","url":"https:\/\/kiddoo.ee\/wp-content\/uploads\/2021\/10\/logo-04-scaled.jpg","contentUrl":"https:\/\/kiddoo.ee\/wp-content\/uploads\/2021\/10\/logo-04-scaled.jpg","width":2560,"height":2560,"caption":"Kiddoo"},"image":{"@id":"http:\/\/kiddoo.ee\/#\/schema\/logo\/image\/"},"sameAs":["https:\/\/www.facebook.com\/Kiddoo-103191601863440"]}]}},"_links":{"self":[{"href":"https:\/\/kiddoo.ee\/en\/wp-json\/wp\/v2\/product\/3043","targetHints":{"allow":["GET"]}}],"collection":[{"href":"https:\/\/kiddoo.ee\/en\/wp-json\/wp\/v2\/product"}],"about":[{"href":"https:\/\/kiddoo.ee\/en\/wp-json\/wp\/v2\/types\/product"}],"wp:featuredmedia":[{"embeddable":true,"href":"https:\/\/kiddoo.ee\/en\/wp-json\/wp\/v2\/media\/3045"}],"wp:attachment":[{"href":"https:\/\/kiddoo.ee\/en\/wp-json\/wp\/v2\/media?parent=3043"}],"wp:term":[{"taxonomy":"product_brand","embeddable":true,"href":"https:\/\/kiddoo.ee\/en\/wp-json\/wp\/v2\/product_brand?post=3043"},{"taxonomy":"product_cat","embeddable":true,"href":"https:\/\/kiddoo.ee\/en\/wp-json\/wp\/v2\/product_cat?post=3043"},{"taxonomy":"product_tag","embeddable":true,"href":"https:\/\/kiddoo.ee\/en\/wp-json\/wp\/v2\/product_tag?post=3043"}],"curies":[{"name":"wp","href":"https:\/\/api.w.org\/{rel}","templated":true}]}}