{"id":4582,"date":"2024-10-06T19:45:45","date_gmt":"2024-10-06T19:45:45","guid":{"rendered":"https:\/\/kiddoo.ee\/?post_type=product&#038;p=4582"},"modified":"2026-03-11T19:50:35","modified_gmt":"2026-03-11T19:50:35","slug":"lelude-komplekt-janku","status":"publish","type":"product","link":"https:\/\/kiddoo.ee\/en\/product\/lelude-komplekt-janku\/","title":{"rendered":"Lelude komplekt \u201cJ\u00e4nku\u201d \u2013 stiilne ja personaalne beebikingitus"},"content":{"rendered":"<p data-start=\"177\" data-end=\"366\">Otsid praktilist ja kaunist kingitust beebi s\u00fcnniks v\u00f5i katsikuteks? <strong data-start=\"246\" data-end=\"273\">Lelude komplekt \u201cJ\u00e4nku\u201d<\/strong> on ideaalne valik \u2013 see sisaldab k\u00f5ike, mida v\u00e4ike ilmakodanik vajab oma esimestel kuudel.<\/p>\n<h3 data-start=\"368\" data-end=\"389\">Komplekti kuulub:<\/h3>\n<ul data-start=\"390\" data-end=\"692\">\n<li data-start=\"390\" data-end=\"462\">\n<p data-start=\"392\" data-end=\"462\"><strong data-start=\"392\" data-end=\"404\">Pacifier clip<\/strong> \u2013 turvaline ja mugav, varustatud ventilatsiooniavadega.<\/p>\n<\/li>\n<li data-start=\"463\" data-end=\"601\">\n<p data-start=\"465\" data-end=\"601\"><strong data-start=\"465\" data-end=\"480\">Teether<\/strong> \u2013 valmistatud naturaalsest puidust ja toidusilikoonist, erinevate tekstuuridega, mis masseerivad \u00f5rnalt lapse igemeid.<\/p>\n<\/li>\n<li data-start=\"602\" data-end=\"692\">\n<p data-start=\"604\" data-end=\"692\"><strong data-start=\"604\" data-end=\"614\">Vutlar<\/strong> \u2013 praktiline hoiustamiseks, sobib nii lutile kui ka v\u00e4iksematele esemetele.<\/p>\n<\/li>\n<\/ul>\n<h3 data-start=\"694\" data-end=\"729\">Miks valida lelude komplekt ?<\/h3>\n<ul data-start=\"730\" data-end=\"1041\">\n<li data-start=\"730\" data-end=\"806\">\n<p data-start=\"732\" data-end=\"806\">Tooted on valmistatud <strong data-start=\"754\" data-end=\"803\">mittem\u00fcrgistest ja looduslikest materjalidest<\/strong>.<\/p>\n<\/li>\n<li data-start=\"807\" data-end=\"881\">\n<p data-start=\"809\" data-end=\"881\"><strong data-start=\"809\" data-end=\"832\">Erinevad tekstuurid<\/strong> leevendavad igemete s\u00fcgelust hammaste tulekul.<\/p>\n<\/li>\n<li data-start=\"882\" data-end=\"962\">\n<p data-start=\"884\" data-end=\"962\"><strong data-start=\"884\" data-end=\"911\">Kaunis disain ja v\u00e4rvid<\/strong> sobituvad suurep\u00e4raselt ka meie bambustekkidega.<\/p>\n<\/li>\n<li data-start=\"963\" data-end=\"1041\">\n<p data-start=\"965\" data-end=\"1041\"><strong data-start=\"965\" data-end=\"989\">Personaalne puudutus<\/strong> \u2013 soovi korral saad lutiketile lisada lapse nime.<\/p>\n<\/li>\n<\/ul>\n<h3 data-start=\"1043\" data-end=\"1057\">Hooldus:<\/h3>\n<ul data-start=\"1058\" data-end=\"1213\">\n<li data-start=\"1058\" data-end=\"1095\">\n<p data-start=\"1060\" data-end=\"1095\">Pese \u00f5rnatoimelise pesuvahendiga.<\/p>\n<\/li>\n<li data-start=\"1096\" data-end=\"1124\">\n<p data-start=\"1098\" data-end=\"1124\">\u00c4ra leota toodet pikalt.<\/p>\n<\/li>\n<li data-start=\"1125\" data-end=\"1213\">\n<p data-start=\"1127\" data-end=\"1213\">Kasutamisel vajalik alati vanemlik j\u00e4relvalve. Defekti ilmnemisel l\u00f5peta kasutamine.<\/p>\n<\/li>\n<\/ul>\n<p data-start=\"1215\" data-end=\"1367\"><strong data-start=\"1218\" data-end=\"1262\">T\u00e4iuslik ja personaalne kingitus beebile<\/strong> \u2013 praktiline, turvaline ja stiilne komplekt, mis r\u00f5\u00f5mustab nii lapsevanemaid kui ka v\u00e4ikest kasutajat.<\/p>","protected":false},"excerpt":{"rendered":"<p>Otsid praktilist ja kaunist kingitust beebi s\u00fcnniks v\u00f5i katsikuteks? Lelude komplekt \u201cJ\u00e4nku\u201d on ideaalne valik \u2013 see sisaldab k\u00f5ike, mida v\u00e4ike ilmakodanik vajab oma esimestel kuudel. Komplekti kuulub: Lutikett \u2013 turvaline ja mugav, varustatud ventilatsiooniavadega. N\u00e4rimislelu \u2013 valmistatud naturaalsest puidust ja toidusilikoonist, erinevate tekstuuridega, mis masseerivad \u00f5rnalt lapse igemeid. Vutlar \u2013 praktiline hoiustamiseks, sobib nii lutile kui ka v\u00e4iksematele esemetele. Miks valida lelude komplekt ? Tooted on valmistatud mittem\u00fcrgistest ja looduslikest materjalidest. Erinevad tekstuurid leevendavad igemete s\u00fcgelust hammaste tulekul. Kaunis disain ja v\u00e4rvid sobituvad suurep\u00e4raselt ka meie bambustekkidega. Personaalne puudutus \u2013 soovi korral saad lutiketile lisada lapse nime. Hooldus: Pese \u00f5rnatoimelise pesuvahendiga. \u00c4ra leota toodet pikalt. Kasutamisel vajalik alati vanemlik j\u00e4relvalve. Defekti ilmnemisel l\u00f5peta kasutamine. T\u00e4iuslik ja personaalne kingitus beebile \u2013 praktiline, turvaline ja stiilne komplekt, mis r\u00f5\u00f5mustab nii lapsevanemaid kui ka v\u00e4ikest kasutajat.<\/p>","protected":false},"featured_media":4564,"template":"","meta":[],"product_brand":[],"product_cat":[308,278],"product_tag":[],"class_list":{"0":"post-4582","1":"product","2":"type-product","3":"status-publish","4":"has-post-thumbnail","6":"product_cat-manguaeg","7":"product_cat-nimelised-lutiketid-narimislelud","8":"wcpa_has_options","10":"first","11":"instock","12":"taxable","13":"shipping-taxable","14":"purchasable","15":"product-type-variable"},"yoast_head":"<!-- This site is optimized with the Yoast SEO plugin v27.5 - https:\/\/yoast.com\/product\/yoast-seo-wordpress\/ -->\n<title>Lelude komplekt \u201cJ\u00e4nku\u201d \u2013 stiilne ja personaalne beebikingitus - Kiddoo<\/title>\n<meta name=\"description\" content=\"Stiilne ja personaalne beebikingitus \u2013 lelude komplekt \u201cJ\u00e4nku\u201d. Sisaldab lutiketti, n\u00e4rimislelu ja vutlarit. Naturaalsed materjalid, turvaline disain, v\u00f5imalus lisada lapse nimi.\" \/>\n<meta name=\"robots\" content=\"index, follow, max-snippet:-1, max-image-preview:large, max-video-preview:-1\" \/>\n<link rel=\"canonical\" href=\"https:\/\/kiddoo.ee\/en\/product\/lelude-komplekt-janku\/\" \/>\n<meta property=\"og:locale\" content=\"en_GB\" \/>\n<meta property=\"og:type\" content=\"article\" \/>\n<meta property=\"og:title\" content=\"Lelude komplekt \u201cJ\u00e4nku\u201d \u2013 stiilne ja personaalne beebikingitus - Kiddoo\" \/>\n<meta property=\"og:description\" content=\"Stiilne ja personaalne beebikingitus \u2013 lelude komplekt \u201cJ\u00e4nku\u201d. Sisaldab lutiketti, n\u00e4rimislelu ja vutlarit. Naturaalsed materjalid, turvaline disain, v\u00f5imalus lisada lapse nimi.\" \/>\n<meta property=\"og:url\" content=\"https:\/\/kiddoo.ee\/en\/product\/lelude-komplekt-janku\/\" \/>\n<meta property=\"og:site_name\" content=\"Kiddoo\" \/>\n<meta property=\"article:publisher\" content=\"https:\/\/www.facebook.com\/Kiddoo-103191601863440\" \/>\n<meta property=\"article:modified_time\" content=\"2026-03-11T19:50:35+00:00\" \/>\n<meta property=\"og:image\" content=\"https:\/\/kiddoo.ee\/wp-content\/uploads\/2024\/10\/IMG_0997-scaled.jpeg\" \/>\n\t<meta property=\"og:image:width\" content=\"2560\" \/>\n\t<meta property=\"og:image:height\" content=\"2560\" \/>\n\t<meta property=\"og:image:type\" content=\"image\/jpeg\" \/>\n<meta name=\"twitter:card\" content=\"summary_large_image\" \/>\n<meta name=\"twitter:label1\" content=\"Estimated reading time\" \/>\n\t<meta name=\"twitter:data1\" content=\"1 minute\" \/>\n<script type=\"application\/ld+json\" class=\"yoast-schema-graph\">{\"@context\":\"https:\\\/\\\/schema.org\",\"@graph\":[{\"@type\":\"WebPage\",\"@id\":\"https:\\\/\\\/kiddoo.ee\\\/product\\\/lelude-komplekt-janku\\\/\",\"url\":\"https:\\\/\\\/kiddoo.ee\\\/product\\\/lelude-komplekt-janku\\\/\",\"name\":\"Lelude komplekt \u201cJ\u00e4nku\u201d \u2013 stiilne ja personaalne beebikingitus - Kiddoo\",\"isPartOf\":{\"@id\":\"http:\\\/\\\/kiddoo.ee\\\/#website\"},\"primaryImageOfPage\":{\"@id\":\"https:\\\/\\\/kiddoo.ee\\\/product\\\/lelude-komplekt-janku\\\/#primaryimage\"},\"image\":{\"@id\":\"https:\\\/\\\/kiddoo.ee\\\/product\\\/lelude-komplekt-janku\\\/#primaryimage\"},\"thumbnailUrl\":\"https:\\\/\\\/kiddoo.ee\\\/wp-content\\\/uploads\\\/2024\\\/10\\\/IMG_0997-scaled.jpeg\",\"datePublished\":\"2024-10-06T19:45:45+00:00\",\"dateModified\":\"2026-03-11T19:50:35+00:00\",\"description\":\"Stiilne ja personaalne beebikingitus \u2013 lelude komplekt \u201cJ\u00e4nku\u201d. Sisaldab lutiketti, n\u00e4rimislelu ja vutlarit. Naturaalsed materjalid, turvaline disain, v\u00f5imalus lisada lapse nimi.\",\"breadcrumb\":{\"@id\":\"https:\\\/\\\/kiddoo.ee\\\/product\\\/lelude-komplekt-janku\\\/#breadcrumb\"},\"inLanguage\":\"en-GB\",\"potentialAction\":[{\"@type\":\"ReadAction\",\"target\":[\"https:\\\/\\\/kiddoo.ee\\\/product\\\/lelude-komplekt-janku\\\/\"]}]},{\"@type\":\"ImageObject\",\"inLanguage\":\"en-GB\",\"@id\":\"https:\\\/\\\/kiddoo.ee\\\/product\\\/lelude-komplekt-janku\\\/#primaryimage\",\"url\":\"https:\\\/\\\/kiddoo.ee\\\/wp-content\\\/uploads\\\/2024\\\/10\\\/IMG_0997-scaled.jpeg\",\"contentUrl\":\"https:\\\/\\\/kiddoo.ee\\\/wp-content\\\/uploads\\\/2024\\\/10\\\/IMG_0997-scaled.jpeg\",\"width\":2560,\"height\":2560},{\"@type\":\"BreadcrumbList\",\"@id\":\"https:\\\/\\\/kiddoo.ee\\\/product\\\/lelude-komplekt-janku\\\/#breadcrumb\",\"itemListElement\":[{\"@type\":\"ListItem\",\"position\":1,\"name\":\"Home\",\"item\":\"http:\\\/\\\/kiddoo.ee\\\/\"},{\"@type\":\"ListItem\",\"position\":2,\"name\":\"Pood\",\"item\":\"https:\\\/\\\/kiddoo.ee\\\/en\\\/shop\\\/\"},{\"@type\":\"ListItem\",\"position\":3,\"name\":\"Lelude komplekt \u201cJ\u00e4nku\u201d \u2013 stiilne ja personaalne beebikingitus\"}]},{\"@type\":\"WebSite\",\"@id\":\"http:\\\/\\\/kiddoo.ee\\\/#website\",\"url\":\"http:\\\/\\\/kiddoo.ee\\\/\",\"name\":\"Kiddoo\",\"description\":\"Kvaliteet ja Eesti disain sinu lapsele\",\"publisher\":{\"@id\":\"http:\\\/\\\/kiddoo.ee\\\/#organization\"},\"potentialAction\":[{\"@type\":\"SearchAction\",\"target\":{\"@type\":\"EntryPoint\",\"urlTemplate\":\"http:\\\/\\\/kiddoo.ee\\\/?s={search_term_string}\"},\"query-input\":{\"@type\":\"PropertyValueSpecification\",\"valueRequired\":true,\"valueName\":\"search_term_string\"}}],\"inLanguage\":\"en-GB\"},{\"@type\":\"Organization\",\"@id\":\"http:\\\/\\\/kiddoo.ee\\\/#organization\",\"name\":\"Kiddoo\",\"url\":\"http:\\\/\\\/kiddoo.ee\\\/\",\"logo\":{\"@type\":\"ImageObject\",\"inLanguage\":\"en-GB\",\"@id\":\"http:\\\/\\\/kiddoo.ee\\\/#\\\/schema\\\/logo\\\/image\\\/\",\"url\":\"https:\\\/\\\/kiddoo.ee\\\/wp-content\\\/uploads\\\/2021\\\/10\\\/logo-04-scaled.jpg\",\"contentUrl\":\"https:\\\/\\\/kiddoo.ee\\\/wp-content\\\/uploads\\\/2021\\\/10\\\/logo-04-scaled.jpg\",\"width\":2560,\"height\":2560,\"caption\":\"Kiddoo\"},\"image\":{\"@id\":\"http:\\\/\\\/kiddoo.ee\\\/#\\\/schema\\\/logo\\\/image\\\/\"},\"sameAs\":[\"https:\\\/\\\/www.facebook.com\\\/Kiddoo-103191601863440\"]}]}<\/script>\n<!-- \/ Yoast SEO plugin. -->","yoast_head_json":{"title":"Lelude komplekt \u201cJ\u00e4nku\u201d \u2013 stiilne ja personaalne beebikingitus - Kiddoo","description":"Stiilne ja personaalne beebikingitus \u2013 lelude komplekt \u201cJ\u00e4nku\u201d. Sisaldab lutiketti, n\u00e4rimislelu ja vutlarit. Naturaalsed materjalid, turvaline disain, v\u00f5imalus lisada lapse nimi.","robots":{"index":"index","follow":"follow","max-snippet":"max-snippet:-1","max-image-preview":"max-image-preview:large","max-video-preview":"max-video-preview:-1"},"canonical":"https:\/\/kiddoo.ee\/en\/product\/lelude-komplekt-janku\/","og_locale":"en_GB","og_type":"article","og_title":"Lelude komplekt \u201cJ\u00e4nku\u201d \u2013 stiilne ja personaalne beebikingitus - Kiddoo","og_description":"Stiilne ja personaalne beebikingitus \u2013 lelude komplekt \u201cJ\u00e4nku\u201d. Sisaldab lutiketti, n\u00e4rimislelu ja vutlarit. Naturaalsed materjalid, turvaline disain, v\u00f5imalus lisada lapse nimi.","og_url":"https:\/\/kiddoo.ee\/en\/product\/lelude-komplekt-janku\/","og_site_name":"Kiddoo","article_publisher":"https:\/\/www.facebook.com\/Kiddoo-103191601863440","article_modified_time":"2026-03-11T19:50:35+00:00","og_image":[{"width":2560,"height":2560,"url":"https:\/\/kiddoo.ee\/wp-content\/uploads\/2024\/10\/IMG_0997-scaled.jpeg","type":"image\/jpeg"}],"twitter_card":"summary_large_image","twitter_misc":{"Estimated reading time":"1 minute"},"schema":{"@context":"https:\/\/schema.org","@graph":[{"@type":"WebPage","@id":"https:\/\/kiddoo.ee\/product\/lelude-komplekt-janku\/","url":"https:\/\/kiddoo.ee\/product\/lelude-komplekt-janku\/","name":"Lelude komplekt \u201cJ\u00e4nku\u201d \u2013 stiilne ja personaalne beebikingitus - Kiddoo","isPartOf":{"@id":"http:\/\/kiddoo.ee\/#website"},"primaryImageOfPage":{"@id":"https:\/\/kiddoo.ee\/product\/lelude-komplekt-janku\/#primaryimage"},"image":{"@id":"https:\/\/kiddoo.ee\/product\/lelude-komplekt-janku\/#primaryimage"},"thumbnailUrl":"https:\/\/kiddoo.ee\/wp-content\/uploads\/2024\/10\/IMG_0997-scaled.jpeg","datePublished":"2024-10-06T19:45:45+00:00","dateModified":"2026-03-11T19:50:35+00:00","description":"Stiilne ja personaalne beebikingitus \u2013 lelude komplekt \u201cJ\u00e4nku\u201d. Sisaldab lutiketti, n\u00e4rimislelu ja vutlarit. Naturaalsed materjalid, turvaline disain, v\u00f5imalus lisada lapse nimi.","breadcrumb":{"@id":"https:\/\/kiddoo.ee\/product\/lelude-komplekt-janku\/#breadcrumb"},"inLanguage":"en-GB","potentialAction":[{"@type":"ReadAction","target":["https:\/\/kiddoo.ee\/product\/lelude-komplekt-janku\/"]}]},{"@type":"ImageObject","inLanguage":"en-GB","@id":"https:\/\/kiddoo.ee\/product\/lelude-komplekt-janku\/#primaryimage","url":"https:\/\/kiddoo.ee\/wp-content\/uploads\/2024\/10\/IMG_0997-scaled.jpeg","contentUrl":"https:\/\/kiddoo.ee\/wp-content\/uploads\/2024\/10\/IMG_0997-scaled.jpeg","width":2560,"height":2560},{"@type":"BreadcrumbList","@id":"https:\/\/kiddoo.ee\/product\/lelude-komplekt-janku\/#breadcrumb","itemListElement":[{"@type":"ListItem","position":1,"name":"Home","item":"http:\/\/kiddoo.ee\/"},{"@type":"ListItem","position":2,"name":"Pood","item":"https:\/\/kiddoo.ee\/en\/shop\/"},{"@type":"ListItem","position":3,"name":"Lelude komplekt \u201cJ\u00e4nku\u201d \u2013 stiilne ja personaalne beebikingitus"}]},{"@type":"WebSite","@id":"http:\/\/kiddoo.ee\/#website","url":"http:\/\/kiddoo.ee\/","name":"Kiddoo","description":"Kvaliteet ja Eesti disain sinu lapsele","publisher":{"@id":"http:\/\/kiddoo.ee\/#organization"},"potentialAction":[{"@type":"SearchAction","target":{"@type":"EntryPoint","urlTemplate":"http:\/\/kiddoo.ee\/?s={search_term_string}"},"query-input":{"@type":"PropertyValueSpecification","valueRequired":true,"valueName":"search_term_string"}}],"inLanguage":"en-GB"},{"@type":"Organization","@id":"http:\/\/kiddoo.ee\/#organization","name":"Kiddoo","url":"http:\/\/kiddoo.ee\/","logo":{"@type":"ImageObject","inLanguage":"en-GB","@id":"http:\/\/kiddoo.ee\/#\/schema\/logo\/image\/","url":"https:\/\/kiddoo.ee\/wp-content\/uploads\/2021\/10\/logo-04-scaled.jpg","contentUrl":"https:\/\/kiddoo.ee\/wp-content\/uploads\/2021\/10\/logo-04-scaled.jpg","width":2560,"height":2560,"caption":"Kiddoo"},"image":{"@id":"http:\/\/kiddoo.ee\/#\/schema\/logo\/image\/"},"sameAs":["https:\/\/www.facebook.com\/Kiddoo-103191601863440"]}]}},"_links":{"self":[{"href":"https:\/\/kiddoo.ee\/en\/wp-json\/wp\/v2\/product\/4582","targetHints":{"allow":["GET"]}}],"collection":[{"href":"https:\/\/kiddoo.ee\/en\/wp-json\/wp\/v2\/product"}],"about":[{"href":"https:\/\/kiddoo.ee\/en\/wp-json\/wp\/v2\/types\/product"}],"wp:featuredmedia":[{"embeddable":true,"href":"https:\/\/kiddoo.ee\/en\/wp-json\/wp\/v2\/media\/4564"}],"wp:attachment":[{"href":"https:\/\/kiddoo.ee\/en\/wp-json\/wp\/v2\/media?parent=4582"}],"wp:term":[{"taxonomy":"product_brand","embeddable":true,"href":"https:\/\/kiddoo.ee\/en\/wp-json\/wp\/v2\/product_brand?post=4582"},{"taxonomy":"product_cat","embeddable":true,"href":"https:\/\/kiddoo.ee\/en\/wp-json\/wp\/v2\/product_cat?post=4582"},{"taxonomy":"product_tag","embeddable":true,"href":"https:\/\/kiddoo.ee\/en\/wp-json\/wp\/v2\/product_tag?post=4582"}],"curies":[{"name":"wp","href":"https:\/\/api.w.org\/{rel}","templated":true}]}}