{"id":5748,"date":"2025-09-18T11:18:11","date_gmt":"2025-09-18T11:18:11","guid":{"rendered":"https:\/\/kiddoo.ee\/?post_type=product&#038;p=5748"},"modified":"2026-03-23T17:19:34","modified_gmt":"2026-03-23T17:19:34","slug":"silikoonist-noudekomplekt","status":"publish","type":"product","link":"https:\/\/kiddoo.ee\/en\/product\/silikoonist-noudekomplekt\/","title":{"rendered":"Silikoonist n\u00f5udekomplekt \u2014 vastupidav ja praktiline valik lapse esimesteks ampsudeks"},"content":{"rendered":"<h1>Silikoonist n\u00f5udekomplekt \u2014 vastupidav ja praktiline valik lapse esimesteks ampsudeks<\/h1>\n<p>Otsid oma lapsele parimat? Meie <b>silikoonist n\u00f5udekomplekt<\/b> on loodud selleks, et muuta toidukorrad turvaliseks, stressivabaks ja l\u00f5busaks seikluseks. See komplekt on suurep\u00e4rane <b>alternatiiv klaasist ja plastikust n\u00f5udele<\/b>, sobides ideaalselt nii beebidele kui ka v\u00e4ikelastele.<\/p>\n<h2>Miks valida toidukvaliteediga silikoon?<\/h2>\n<p>Erinevalt teistest materjalidest on <b>100% toidukvaliteediga silikoon<\/b> \u00e4\u00e4rmiselt vastupidav ja purunematu. See materjal on <b>ohutu<\/b> ning t\u00e4ielikult BPA-vaba. Lisaks on silikooni lihtne hooldada \u2013 tooteid saab pesta <b>n\u00f5udepesumasinas<\/b> ja kasutada <b>mikrolaineahjus<\/b>, mis teeb igap\u00e4evase puhastuse imelihtsaks.<\/p>\n<h3>Nutikad funktsioonid igaks s\u00f6\u00f6gikorraks<\/h3>\n<p>Iga komplekti detail on disainitud, pidades silmas lapse vajadusi ja arengut:<\/p>\n<ul>\n<li><b>Sektortaldrik:<\/b> Mitme sektsiooniga taldrik aitab lapsel avastada uusi maitseid ja tekstuure, hoides toidud kenasti lahus.<\/li>\n<li><b>Mitmek\u00fclgne joogitops:<\/b> Sageli on topse v\u00f5imalik kasutada nii k\u00f5rre ja kaanega kui ka avatud topsina, mis aitab lapsel \u00f5ppida tassist jooma ja arendab motoorikat.<\/li>\n<li><strong>Lusikas &#8211; <\/strong>mugav ja k\u00e4ep\u00e4rane lapse esimesteks katsetusteks<\/li>\n<\/ul>\n<p><b>Silikoonist n\u00f5udekomplekt<\/b> on suurep\u00e4rane valik Sinu lapse esimeseks s\u00f6\u00f6gin\u00f5uks ja ka suurep\u00e4rane kingiidee. Vali kvaliteet, vali mugavus ja naudi muretuid s\u00f6\u00f6maaegu!<\/p>\n<p><a href=\"https:\/\/kiddoo.ee\/en\/shop\/\">Tutvu ka teiste toodetega meie e-poes.<\/a><\/p>","protected":false},"excerpt":{"rendered":"<p>Silikoonist n\u00f5udekomplekt \u2014 vastupidav ja praktiline valik lapse esimesteks ampsudeks Otsid oma lapsele parimat? Meie silikoonist n\u00f5udekomplekt on loodud selleks, et muuta toidukorrad turvaliseks, stressivabaks ja l\u00f5busaks seikluseks. See komplekt on suurep\u00e4rane alternatiiv klaasist ja plastikust n\u00f5udele, sobides ideaalselt nii beebidele kui ka v\u00e4ikelastele. Miks valida toidukvaliteediga silikoon? Erinevalt teistest materjalidest on 100% toidukvaliteediga silikoon \u00e4\u00e4rmiselt vastupidav ja purunematu. See materjal on ohutu ning t\u00e4ielikult BPA-vaba. Lisaks on silikooni lihtne hooldada \u2013 tooteid saab pesta n\u00f5udepesumasinas ja kasutada mikrolaineahjus, mis teeb igap\u00e4evase puhastuse imelihtsaks. Nutikad funktsioonid igaks s\u00f6\u00f6gikorraks Iga komplekti detail on disainitud, pidades silmas lapse vajadusi ja arengut: Sektortaldrik: Mitme sektsiooniga taldrik aitab lapsel avastada uusi maitseid ja tekstuure, hoides toidud kenasti lahus. Mitmek\u00fclgne joogitops: Sageli on topse v\u00f5imalik kasutada nii k\u00f5rre ja kaanega kui ka avatud topsina, mis aitab lapsel \u00f5ppida tassist jooma ja arendab motoorikat. Lusikas &#8211; mugav ja k\u00e4ep\u00e4rane lapse esimesteks katsetusteks Silikoonist n\u00f5udekomplekt on suurep\u00e4rane valik Sinu lapse esimeseks s\u00f6\u00f6gin\u00f5uks ja ka suurep\u00e4rane kingiidee. Vali kvaliteet, vali mugavus ja naudi muretuid s\u00f6\u00f6maaegu! Tutvu ka teiste toodetega meie e-poes.<\/p>","protected":false},"featured_media":1049,"template":"","meta":[],"product_brand":[325],"product_cat":[280,41],"product_tag":[],"class_list":{"0":"post-5748","1":"product","2":"type-product","3":"status-publish","4":"has-post-thumbnail","6":"product_brand-kiddoo","7":"product_cat-noudekomplekt","8":"product_cat-soogiaeg","10":"first","11":"instock","12":"taxable","13":"shipping-taxable","14":"purchasable","15":"product-type-variable"},"yoast_head":"<!-- This site is optimized with the Yoast SEO plugin v27.5 - https:\/\/yoast.com\/product\/yoast-seo-wordpress\/ -->\n<title>Silikoonist n\u00f5udekomplekt lapsele- BPA vaba ja vastupidav | Kiddoo<\/title>\n<meta name=\"description\" content=\"Avasta meie vastupidav silikoonist n\u00f5udekomplekt lapsele! BPA-vaba, mikrolaineahjus ja n\u00f5udepesumasinas pestav. S\u00f6\u00f6gi nautimine on n\u00fc\u00fcd lihtne!\" \/>\n<meta name=\"robots\" content=\"index, follow, max-snippet:-1, max-image-preview:large, max-video-preview:-1\" \/>\n<link rel=\"canonical\" href=\"https:\/\/kiddoo.ee\/en\/product\/silikoonist-noudekomplekt\/\" \/>\n<meta property=\"og:locale\" content=\"en_GB\" \/>\n<meta property=\"og:type\" content=\"article\" \/>\n<meta property=\"og:title\" content=\"Silikoonist n\u00f5udekomplekt lapsele- BPA vaba ja vastupidav | Kiddoo\" \/>\n<meta property=\"og:description\" content=\"Avasta meie vastupidav silikoonist n\u00f5udekomplekt lapsele! BPA-vaba, mikrolaineahjus ja n\u00f5udepesumasinas pestav. S\u00f6\u00f6gi nautimine on n\u00fc\u00fcd lihtne!\" \/>\n<meta property=\"og:url\" content=\"https:\/\/kiddoo.ee\/en\/product\/silikoonist-noudekomplekt\/\" \/>\n<meta property=\"og:site_name\" content=\"Kiddoo\" \/>\n<meta property=\"article:publisher\" content=\"https:\/\/www.facebook.com\/Kiddoo-103191601863440\" \/>\n<meta property=\"article:modified_time\" content=\"2026-03-23T17:19:34+00:00\" \/>\n<meta property=\"og:image\" content=\"https:\/\/kiddoo.ee\/wp-content\/uploads\/2021\/08\/IMG_5167-10.jpg\" \/>\n\t<meta property=\"og:image:width\" content=\"852\" \/>\n\t<meta property=\"og:image:height\" content=\"852\" \/>\n\t<meta property=\"og:image:type\" content=\"image\/jpeg\" \/>\n<meta name=\"twitter:card\" content=\"summary_large_image\" \/>\n<meta name=\"twitter:label1\" content=\"Estimated reading time\" \/>\n\t<meta name=\"twitter:data1\" content=\"1 minute\" \/>\n<script type=\"application\/ld+json\" class=\"yoast-schema-graph\">{\"@context\":\"https:\\\/\\\/schema.org\",\"@graph\":[{\"@type\":\"WebPage\",\"@id\":\"https:\\\/\\\/kiddoo.ee\\\/product\\\/silikoonist-noudekomplekt\\\/\",\"url\":\"https:\\\/\\\/kiddoo.ee\\\/product\\\/silikoonist-noudekomplekt\\\/\",\"name\":\"Silikoonist n\u00f5udekomplekt lapsele- BPA vaba ja vastupidav | Kiddoo\",\"isPartOf\":{\"@id\":\"http:\\\/\\\/kiddoo.ee\\\/#website\"},\"primaryImageOfPage\":{\"@id\":\"https:\\\/\\\/kiddoo.ee\\\/product\\\/silikoonist-noudekomplekt\\\/#primaryimage\"},\"image\":{\"@id\":\"https:\\\/\\\/kiddoo.ee\\\/product\\\/silikoonist-noudekomplekt\\\/#primaryimage\"},\"thumbnailUrl\":\"https:\\\/\\\/kiddoo.ee\\\/wp-content\\\/uploads\\\/2021\\\/08\\\/IMG_5167-10.jpg\",\"datePublished\":\"2025-09-18T11:18:11+00:00\",\"dateModified\":\"2026-03-23T17:19:34+00:00\",\"description\":\"Avasta meie vastupidav silikoonist n\u00f5udekomplekt lapsele! BPA-vaba, mikrolaineahjus ja n\u00f5udepesumasinas pestav. S\u00f6\u00f6gi nautimine on n\u00fc\u00fcd lihtne!\",\"breadcrumb\":{\"@id\":\"https:\\\/\\\/kiddoo.ee\\\/product\\\/silikoonist-noudekomplekt\\\/#breadcrumb\"},\"inLanguage\":\"en-GB\",\"potentialAction\":[{\"@type\":\"ReadAction\",\"target\":[\"https:\\\/\\\/kiddoo.ee\\\/product\\\/silikoonist-noudekomplekt\\\/\"]}]},{\"@type\":\"ImageObject\",\"inLanguage\":\"en-GB\",\"@id\":\"https:\\\/\\\/kiddoo.ee\\\/product\\\/silikoonist-noudekomplekt\\\/#primaryimage\",\"url\":\"https:\\\/\\\/kiddoo.ee\\\/wp-content\\\/uploads\\\/2021\\\/08\\\/IMG_5167-10.jpg\",\"contentUrl\":\"https:\\\/\\\/kiddoo.ee\\\/wp-content\\\/uploads\\\/2021\\\/08\\\/IMG_5167-10.jpg\",\"width\":852,\"height\":852},{\"@type\":\"BreadcrumbList\",\"@id\":\"https:\\\/\\\/kiddoo.ee\\\/product\\\/silikoonist-noudekomplekt\\\/#breadcrumb\",\"itemListElement\":[{\"@type\":\"ListItem\",\"position\":1,\"name\":\"Home\",\"item\":\"http:\\\/\\\/kiddoo.ee\\\/\"},{\"@type\":\"ListItem\",\"position\":2,\"name\":\"Pood\",\"item\":\"https:\\\/\\\/kiddoo.ee\\\/en\\\/shop\\\/\"},{\"@type\":\"ListItem\",\"position\":3,\"name\":\"Silikoonist n\u00f5udekomplekt \u2014 vastupidav ja praktiline valik lapse esimesteks ampsudeks\"}]},{\"@type\":\"WebSite\",\"@id\":\"http:\\\/\\\/kiddoo.ee\\\/#website\",\"url\":\"http:\\\/\\\/kiddoo.ee\\\/\",\"name\":\"Kiddoo\",\"description\":\"Kvaliteet ja Eesti disain sinu lapsele\",\"publisher\":{\"@id\":\"http:\\\/\\\/kiddoo.ee\\\/#organization\"},\"potentialAction\":[{\"@type\":\"SearchAction\",\"target\":{\"@type\":\"EntryPoint\",\"urlTemplate\":\"http:\\\/\\\/kiddoo.ee\\\/?s={search_term_string}\"},\"query-input\":{\"@type\":\"PropertyValueSpecification\",\"valueRequired\":true,\"valueName\":\"search_term_string\"}}],\"inLanguage\":\"en-GB\"},{\"@type\":\"Organization\",\"@id\":\"http:\\\/\\\/kiddoo.ee\\\/#organization\",\"name\":\"Kiddoo\",\"url\":\"http:\\\/\\\/kiddoo.ee\\\/\",\"logo\":{\"@type\":\"ImageObject\",\"inLanguage\":\"en-GB\",\"@id\":\"http:\\\/\\\/kiddoo.ee\\\/#\\\/schema\\\/logo\\\/image\\\/\",\"url\":\"https:\\\/\\\/kiddoo.ee\\\/wp-content\\\/uploads\\\/2021\\\/10\\\/logo-04-scaled.jpg\",\"contentUrl\":\"https:\\\/\\\/kiddoo.ee\\\/wp-content\\\/uploads\\\/2021\\\/10\\\/logo-04-scaled.jpg\",\"width\":2560,\"height\":2560,\"caption\":\"Kiddoo\"},\"image\":{\"@id\":\"http:\\\/\\\/kiddoo.ee\\\/#\\\/schema\\\/logo\\\/image\\\/\"},\"sameAs\":[\"https:\\\/\\\/www.facebook.com\\\/Kiddoo-103191601863440\"]}]}<\/script>\n<!-- \/ Yoast SEO plugin. -->","yoast_head_json":{"title":"Silikoonist n\u00f5udekomplekt lapsele- BPA vaba ja vastupidav | Kiddoo","description":"Avasta meie vastupidav silikoonist n\u00f5udekomplekt lapsele! BPA-vaba, mikrolaineahjus ja n\u00f5udepesumasinas pestav. S\u00f6\u00f6gi nautimine on n\u00fc\u00fcd lihtne!","robots":{"index":"index","follow":"follow","max-snippet":"max-snippet:-1","max-image-preview":"max-image-preview:large","max-video-preview":"max-video-preview:-1"},"canonical":"https:\/\/kiddoo.ee\/en\/product\/silikoonist-noudekomplekt\/","og_locale":"en_GB","og_type":"article","og_title":"Silikoonist n\u00f5udekomplekt lapsele- BPA vaba ja vastupidav | Kiddoo","og_description":"Avasta meie vastupidav silikoonist n\u00f5udekomplekt lapsele! BPA-vaba, mikrolaineahjus ja n\u00f5udepesumasinas pestav. S\u00f6\u00f6gi nautimine on n\u00fc\u00fcd lihtne!","og_url":"https:\/\/kiddoo.ee\/en\/product\/silikoonist-noudekomplekt\/","og_site_name":"Kiddoo","article_publisher":"https:\/\/www.facebook.com\/Kiddoo-103191601863440","article_modified_time":"2026-03-23T17:19:34+00:00","og_image":[{"width":852,"height":852,"url":"https:\/\/kiddoo.ee\/wp-content\/uploads\/2021\/08\/IMG_5167-10.jpg","type":"image\/jpeg"}],"twitter_card":"summary_large_image","twitter_misc":{"Estimated reading time":"1 minute"},"schema":{"@context":"https:\/\/schema.org","@graph":[{"@type":"WebPage","@id":"https:\/\/kiddoo.ee\/product\/silikoonist-noudekomplekt\/","url":"https:\/\/kiddoo.ee\/product\/silikoonist-noudekomplekt\/","name":"Silikoonist n\u00f5udekomplekt lapsele- BPA vaba ja vastupidav | Kiddoo","isPartOf":{"@id":"http:\/\/kiddoo.ee\/#website"},"primaryImageOfPage":{"@id":"https:\/\/kiddoo.ee\/product\/silikoonist-noudekomplekt\/#primaryimage"},"image":{"@id":"https:\/\/kiddoo.ee\/product\/silikoonist-noudekomplekt\/#primaryimage"},"thumbnailUrl":"https:\/\/kiddoo.ee\/wp-content\/uploads\/2021\/08\/IMG_5167-10.jpg","datePublished":"2025-09-18T11:18:11+00:00","dateModified":"2026-03-23T17:19:34+00:00","description":"Avasta meie vastupidav silikoonist n\u00f5udekomplekt lapsele! BPA-vaba, mikrolaineahjus ja n\u00f5udepesumasinas pestav. S\u00f6\u00f6gi nautimine on n\u00fc\u00fcd lihtne!","breadcrumb":{"@id":"https:\/\/kiddoo.ee\/product\/silikoonist-noudekomplekt\/#breadcrumb"},"inLanguage":"en-GB","potentialAction":[{"@type":"ReadAction","target":["https:\/\/kiddoo.ee\/product\/silikoonist-noudekomplekt\/"]}]},{"@type":"ImageObject","inLanguage":"en-GB","@id":"https:\/\/kiddoo.ee\/product\/silikoonist-noudekomplekt\/#primaryimage","url":"https:\/\/kiddoo.ee\/wp-content\/uploads\/2021\/08\/IMG_5167-10.jpg","contentUrl":"https:\/\/kiddoo.ee\/wp-content\/uploads\/2021\/08\/IMG_5167-10.jpg","width":852,"height":852},{"@type":"BreadcrumbList","@id":"https:\/\/kiddoo.ee\/product\/silikoonist-noudekomplekt\/#breadcrumb","itemListElement":[{"@type":"ListItem","position":1,"name":"Home","item":"http:\/\/kiddoo.ee\/"},{"@type":"ListItem","position":2,"name":"Pood","item":"https:\/\/kiddoo.ee\/en\/shop\/"},{"@type":"ListItem","position":3,"name":"Silikoonist n\u00f5udekomplekt \u2014 vastupidav ja praktiline valik lapse esimesteks ampsudeks"}]},{"@type":"WebSite","@id":"http:\/\/kiddoo.ee\/#website","url":"http:\/\/kiddoo.ee\/","name":"Kiddoo","description":"Kvaliteet ja Eesti disain sinu lapsele","publisher":{"@id":"http:\/\/kiddoo.ee\/#organization"},"potentialAction":[{"@type":"SearchAction","target":{"@type":"EntryPoint","urlTemplate":"http:\/\/kiddoo.ee\/?s={search_term_string}"},"query-input":{"@type":"PropertyValueSpecification","valueRequired":true,"valueName":"search_term_string"}}],"inLanguage":"en-GB"},{"@type":"Organization","@id":"http:\/\/kiddoo.ee\/#organization","name":"Kiddoo","url":"http:\/\/kiddoo.ee\/","logo":{"@type":"ImageObject","inLanguage":"en-GB","@id":"http:\/\/kiddoo.ee\/#\/schema\/logo\/image\/","url":"https:\/\/kiddoo.ee\/wp-content\/uploads\/2021\/10\/logo-04-scaled.jpg","contentUrl":"https:\/\/kiddoo.ee\/wp-content\/uploads\/2021\/10\/logo-04-scaled.jpg","width":2560,"height":2560,"caption":"Kiddoo"},"image":{"@id":"http:\/\/kiddoo.ee\/#\/schema\/logo\/image\/"},"sameAs":["https:\/\/www.facebook.com\/Kiddoo-103191601863440"]}]}},"_links":{"self":[{"href":"https:\/\/kiddoo.ee\/en\/wp-json\/wp\/v2\/product\/5748","targetHints":{"allow":["GET"]}}],"collection":[{"href":"https:\/\/kiddoo.ee\/en\/wp-json\/wp\/v2\/product"}],"about":[{"href":"https:\/\/kiddoo.ee\/en\/wp-json\/wp\/v2\/types\/product"}],"wp:featuredmedia":[{"embeddable":true,"href":"https:\/\/kiddoo.ee\/en\/wp-json\/wp\/v2\/media\/1049"}],"wp:attachment":[{"href":"https:\/\/kiddoo.ee\/en\/wp-json\/wp\/v2\/media?parent=5748"}],"wp:term":[{"taxonomy":"product_brand","embeddable":true,"href":"https:\/\/kiddoo.ee\/en\/wp-json\/wp\/v2\/product_brand?post=5748"},{"taxonomy":"product_cat","embeddable":true,"href":"https:\/\/kiddoo.ee\/en\/wp-json\/wp\/v2\/product_cat?post=5748"},{"taxonomy":"product_tag","embeddable":true,"href":"https:\/\/kiddoo.ee\/en\/wp-json\/wp\/v2\/product_tag?post=5748"}],"curies":[{"name":"wp","href":"https:\/\/api.w.org\/{rel}","templated":true}]}}