{"id":5757,"date":"2025-09-18T11:26:47","date_gmt":"2025-09-18T11:26:47","guid":{"rendered":"https:\/\/kiddoo.ee\/?post_type=product&#038;p=5757"},"modified":"2026-03-23T17:19:14","modified_gmt":"2026-03-23T17:19:14","slug":"silikoonist-kauss-iminapaga","status":"publish","type":"product","link":"https:\/\/kiddoo.ee\/en\/product\/silikoonist-kauss-iminapaga\/","title":{"rendered":"Silikoonist kauss iminapaga \u2013 muretu s\u00f6\u00f6mine algab siit"},"content":{"rendered":"<p>Otsid oma lapsele <b>turvalist ja praktilist kaussi<\/b>? Meie <b>silikoonist kauss iminapaga<\/b> on disainitud just selliseks, et muuta s\u00f6\u00f6gikorrad lihtsaks ja muretuks. See kauss p\u00fcsib kindlalt laual, v\u00e4listades \u00fcmbermineku ja toiduj\u00e4\u00e4tmete koristamise.<\/p>\n<h2>Miks on see parim valik?<\/h2>\n<ul>\n<li><b>P\u00fcsib laual paigal:<\/b> Tugev <b>iminapp<\/b> kinnitub siledale pinnale, nagu n\u00e4iteks s\u00f6\u00f6gitooli kandikule v\u00f5i lauale. See on parim lahendus aktiivsetele pisikestele, kes armastavad asju \u00fcmber l\u00fckata.<\/li>\n<li><b>Ohutu ja vastupidav:<\/b> Valmistatud 100% toidukvaliteediga silikoonist. Materjal on <b>BPA-vaba<\/b>, ftalaadivaba ja ohutu sinu lapse tervisele. See <b>purunematu kauss<\/b> kestab aastaid ja talub igasugust kasutamist.<\/li>\n<li><b>Lihtne puhastada:<\/b> S\u00e4\u00e4sta aega ja vaeva! Kaussi saab pesta <b>n\u00f5udepesumasinas<\/b> v\u00f5i lihtsalt voolava vee all. See sobib ka <b>mikrolaineahju<\/b>, mis teeb toidu soojendamise eriti mugavaks.<\/li>\n<li><b>Ideaalne esimeseks toiduks:<\/b> Kauss on piisavalt s\u00fcgav ja kuju on optimeeritud, et laps saaks lusikaga toidu kerge vaevaga k\u00e4tte, arendades samal ajal oma iseseisvust.<\/li>\n<\/ul>\n<h5>Investeeri kvaliteeti ja naudi muretuid hetki oma lapsega. See silikoonist kauss on suurep\u00e4rane lisa igale lapsega perele ja ideaalne kingiidee.<\/h5>\n<p><a href=\"https:\/\/kiddoo.ee\/en\/shop\/\">Avasta ka meie teisi tooteid.<\/a><\/p>","protected":false},"excerpt":{"rendered":"<p>Otsid oma lapsele turvalist ja praktilist kaussi? Meie silikoonist kauss iminapaga on disainitud just selliseks, et muuta s\u00f6\u00f6gikorrad lihtsaks ja muretuks. See kauss p\u00fcsib kindlalt laual, v\u00e4listades \u00fcmbermineku ja toiduj\u00e4\u00e4tmete koristamise. Miks on see parim valik? P\u00fcsib laual paigal: Tugev iminapp kinnitub siledale pinnale, nagu n\u00e4iteks s\u00f6\u00f6gitooli kandikule v\u00f5i lauale. See on parim lahendus aktiivsetele pisikestele, kes armastavad asju \u00fcmber l\u00fckata. Ohutu ja vastupidav: Valmistatud 100% toidukvaliteediga silikoonist. Materjal on BPA-vaba, ftalaadivaba ja ohutu sinu lapse tervisele. See purunematu kauss kestab aastaid ja talub igasugust kasutamist. Lihtne puhastada: S\u00e4\u00e4sta aega ja vaeva! Kaussi saab pesta n\u00f5udepesumasinas v\u00f5i lihtsalt voolava vee all. See sobib ka mikrolaineahju, mis teeb toidu soojendamise eriti mugavaks. Ideaalne esimeseks toiduks: Kauss on piisavalt s\u00fcgav ja kuju on optimeeritud, et laps saaks lusikaga toidu kerge vaevaga k\u00e4tte, arendades samal ajal oma iseseisvust. Investeeri kvaliteeti ja naudi muretuid hetki oma lapsega. See silikoonist kauss on suurep\u00e4rane lisa igale lapsega perele ja ideaalne kingiidee. Avasta ka meie teisi tooteid.<\/p>","protected":false},"featured_media":5758,"template":"","meta":[],"product_brand":[325],"product_cat":[313,41],"product_tag":[],"class_list":{"0":"post-5757","1":"product","2":"type-product","3":"status-publish","4":"has-post-thumbnail","6":"product_brand-kiddoo","7":"product_cat-kauss","8":"product_cat-soogiaeg","10":"first","11":"instock","12":"taxable","13":"shipping-taxable","14":"purchasable","15":"product-type-variable"},"yoast_head":"<!-- This site is optimized with the Yoast SEO plugin v27.5 - https:\/\/yoast.com\/product\/yoast-seo-wordpress\/ -->\n<title>Silikoonist kauss iminapaga | Turvaline ja praktiline | Kiddoo.ee<\/title>\n<meta name=\"description\" content=\"Avasta meie vastupidav silikoonist kauss iminapaga. Hoiab toidu laual, on BPA-vaba ning sobib kasutamiseks mikrolaineahjus ja n\u00f5udepesumasinas.\" \/>\n<meta name=\"robots\" content=\"index, follow, max-snippet:-1, max-image-preview:large, max-video-preview:-1\" \/>\n<link rel=\"canonical\" href=\"https:\/\/kiddoo.ee\/en\/product\/silikoonist-kauss-iminapaga\/\" \/>\n<meta property=\"og:locale\" content=\"en_GB\" \/>\n<meta property=\"og:type\" content=\"article\" \/>\n<meta property=\"og:title\" content=\"Silikoonist kauss iminapaga | Turvaline ja praktiline | Kiddoo.ee\" \/>\n<meta property=\"og:description\" content=\"Avasta meie vastupidav silikoonist kauss iminapaga. Hoiab toidu laual, on BPA-vaba ning sobib kasutamiseks mikrolaineahjus ja n\u00f5udepesumasinas.\" \/>\n<meta property=\"og:url\" content=\"https:\/\/kiddoo.ee\/en\/product\/silikoonist-kauss-iminapaga\/\" \/>\n<meta property=\"og:site_name\" content=\"Kiddoo\" \/>\n<meta property=\"article:publisher\" content=\"https:\/\/www.facebook.com\/Kiddoo-103191601863440\" \/>\n<meta property=\"article:modified_time\" content=\"2026-03-23T17:19:14+00:00\" \/>\n<meta property=\"og:image\" content=\"https:\/\/kiddoo.ee\/wp-content\/uploads\/2025\/09\/85A251FD-F5DC-4D40-A431-4B29A8EE29E5-700x700-1.jpeg\" \/>\n\t<meta property=\"og:image:width\" content=\"700\" \/>\n\t<meta property=\"og:image:height\" content=\"700\" \/>\n\t<meta property=\"og:image:type\" content=\"image\/jpeg\" \/>\n<meta name=\"twitter:card\" content=\"summary_large_image\" \/>\n<meta name=\"twitter:label1\" content=\"Estimated reading time\" \/>\n\t<meta name=\"twitter:data1\" content=\"1 minute\" \/>\n<script type=\"application\/ld+json\" class=\"yoast-schema-graph\">{\"@context\":\"https:\\\/\\\/schema.org\",\"@graph\":[{\"@type\":\"WebPage\",\"@id\":\"https:\\\/\\\/kiddoo.ee\\\/product\\\/silikoonist-kauss-iminapaga\\\/\",\"url\":\"https:\\\/\\\/kiddoo.ee\\\/product\\\/silikoonist-kauss-iminapaga\\\/\",\"name\":\"Silikoonist kauss iminapaga | Turvaline ja praktiline | Kiddoo.ee\",\"isPartOf\":{\"@id\":\"http:\\\/\\\/kiddoo.ee\\\/#website\"},\"primaryImageOfPage\":{\"@id\":\"https:\\\/\\\/kiddoo.ee\\\/product\\\/silikoonist-kauss-iminapaga\\\/#primaryimage\"},\"image\":{\"@id\":\"https:\\\/\\\/kiddoo.ee\\\/product\\\/silikoonist-kauss-iminapaga\\\/#primaryimage\"},\"thumbnailUrl\":\"https:\\\/\\\/kiddoo.ee\\\/wp-content\\\/uploads\\\/2025\\\/09\\\/85A251FD-F5DC-4D40-A431-4B29A8EE29E5-700x700-1.jpeg\",\"datePublished\":\"2025-09-18T11:26:47+00:00\",\"dateModified\":\"2026-03-23T17:19:14+00:00\",\"description\":\"Avasta meie vastupidav silikoonist kauss iminapaga. Hoiab toidu laual, on BPA-vaba ning sobib kasutamiseks mikrolaineahjus ja n\u00f5udepesumasinas.\",\"breadcrumb\":{\"@id\":\"https:\\\/\\\/kiddoo.ee\\\/product\\\/silikoonist-kauss-iminapaga\\\/#breadcrumb\"},\"inLanguage\":\"en-GB\",\"potentialAction\":[{\"@type\":\"ReadAction\",\"target\":[\"https:\\\/\\\/kiddoo.ee\\\/product\\\/silikoonist-kauss-iminapaga\\\/\"]}]},{\"@type\":\"ImageObject\",\"inLanguage\":\"en-GB\",\"@id\":\"https:\\\/\\\/kiddoo.ee\\\/product\\\/silikoonist-kauss-iminapaga\\\/#primaryimage\",\"url\":\"https:\\\/\\\/kiddoo.ee\\\/wp-content\\\/uploads\\\/2025\\\/09\\\/85A251FD-F5DC-4D40-A431-4B29A8EE29E5-700x700-1.jpeg\",\"contentUrl\":\"https:\\\/\\\/kiddoo.ee\\\/wp-content\\\/uploads\\\/2025\\\/09\\\/85A251FD-F5DC-4D40-A431-4B29A8EE29E5-700x700-1.jpeg\",\"width\":700,\"height\":700,\"caption\":\"Silikoonist kausid\"},{\"@type\":\"BreadcrumbList\",\"@id\":\"https:\\\/\\\/kiddoo.ee\\\/product\\\/silikoonist-kauss-iminapaga\\\/#breadcrumb\",\"itemListElement\":[{\"@type\":\"ListItem\",\"position\":1,\"name\":\"Home\",\"item\":\"http:\\\/\\\/kiddoo.ee\\\/\"},{\"@type\":\"ListItem\",\"position\":2,\"name\":\"Pood\",\"item\":\"https:\\\/\\\/kiddoo.ee\\\/en\\\/shop\\\/\"},{\"@type\":\"ListItem\",\"position\":3,\"name\":\"Silikoonist kauss iminapaga \u2013 muretu s\u00f6\u00f6mine algab siit\"}]},{\"@type\":\"WebSite\",\"@id\":\"http:\\\/\\\/kiddoo.ee\\\/#website\",\"url\":\"http:\\\/\\\/kiddoo.ee\\\/\",\"name\":\"Kiddoo\",\"description\":\"Kvaliteet ja Eesti disain sinu lapsele\",\"publisher\":{\"@id\":\"http:\\\/\\\/kiddoo.ee\\\/#organization\"},\"potentialAction\":[{\"@type\":\"SearchAction\",\"target\":{\"@type\":\"EntryPoint\",\"urlTemplate\":\"http:\\\/\\\/kiddoo.ee\\\/?s={search_term_string}\"},\"query-input\":{\"@type\":\"PropertyValueSpecification\",\"valueRequired\":true,\"valueName\":\"search_term_string\"}}],\"inLanguage\":\"en-GB\"},{\"@type\":\"Organization\",\"@id\":\"http:\\\/\\\/kiddoo.ee\\\/#organization\",\"name\":\"Kiddoo\",\"url\":\"http:\\\/\\\/kiddoo.ee\\\/\",\"logo\":{\"@type\":\"ImageObject\",\"inLanguage\":\"en-GB\",\"@id\":\"http:\\\/\\\/kiddoo.ee\\\/#\\\/schema\\\/logo\\\/image\\\/\",\"url\":\"https:\\\/\\\/kiddoo.ee\\\/wp-content\\\/uploads\\\/2021\\\/10\\\/logo-04-scaled.jpg\",\"contentUrl\":\"https:\\\/\\\/kiddoo.ee\\\/wp-content\\\/uploads\\\/2021\\\/10\\\/logo-04-scaled.jpg\",\"width\":2560,\"height\":2560,\"caption\":\"Kiddoo\"},\"image\":{\"@id\":\"http:\\\/\\\/kiddoo.ee\\\/#\\\/schema\\\/logo\\\/image\\\/\"},\"sameAs\":[\"https:\\\/\\\/www.facebook.com\\\/Kiddoo-103191601863440\"]}]}<\/script>\n<!-- \/ Yoast SEO plugin. -->","yoast_head_json":{"title":"Silikoonist kauss iminapaga | Turvaline ja praktiline | Kiddoo.ee","description":"Avasta meie vastupidav silikoonist kauss iminapaga. Hoiab toidu laual, on BPA-vaba ning sobib kasutamiseks mikrolaineahjus ja n\u00f5udepesumasinas.","robots":{"index":"index","follow":"follow","max-snippet":"max-snippet:-1","max-image-preview":"max-image-preview:large","max-video-preview":"max-video-preview:-1"},"canonical":"https:\/\/kiddoo.ee\/en\/product\/silikoonist-kauss-iminapaga\/","og_locale":"en_GB","og_type":"article","og_title":"Silikoonist kauss iminapaga | Turvaline ja praktiline | Kiddoo.ee","og_description":"Avasta meie vastupidav silikoonist kauss iminapaga. Hoiab toidu laual, on BPA-vaba ning sobib kasutamiseks mikrolaineahjus ja n\u00f5udepesumasinas.","og_url":"https:\/\/kiddoo.ee\/en\/product\/silikoonist-kauss-iminapaga\/","og_site_name":"Kiddoo","article_publisher":"https:\/\/www.facebook.com\/Kiddoo-103191601863440","article_modified_time":"2026-03-23T17:19:14+00:00","og_image":[{"width":700,"height":700,"url":"https:\/\/kiddoo.ee\/wp-content\/uploads\/2025\/09\/85A251FD-F5DC-4D40-A431-4B29A8EE29E5-700x700-1.jpeg","type":"image\/jpeg"}],"twitter_card":"summary_large_image","twitter_misc":{"Estimated reading time":"1 minute"},"schema":{"@context":"https:\/\/schema.org","@graph":[{"@type":"WebPage","@id":"https:\/\/kiddoo.ee\/product\/silikoonist-kauss-iminapaga\/","url":"https:\/\/kiddoo.ee\/product\/silikoonist-kauss-iminapaga\/","name":"Silikoonist kauss iminapaga | Turvaline ja praktiline | Kiddoo.ee","isPartOf":{"@id":"http:\/\/kiddoo.ee\/#website"},"primaryImageOfPage":{"@id":"https:\/\/kiddoo.ee\/product\/silikoonist-kauss-iminapaga\/#primaryimage"},"image":{"@id":"https:\/\/kiddoo.ee\/product\/silikoonist-kauss-iminapaga\/#primaryimage"},"thumbnailUrl":"https:\/\/kiddoo.ee\/wp-content\/uploads\/2025\/09\/85A251FD-F5DC-4D40-A431-4B29A8EE29E5-700x700-1.jpeg","datePublished":"2025-09-18T11:26:47+00:00","dateModified":"2026-03-23T17:19:14+00:00","description":"Avasta meie vastupidav silikoonist kauss iminapaga. Hoiab toidu laual, on BPA-vaba ning sobib kasutamiseks mikrolaineahjus ja n\u00f5udepesumasinas.","breadcrumb":{"@id":"https:\/\/kiddoo.ee\/product\/silikoonist-kauss-iminapaga\/#breadcrumb"},"inLanguage":"en-GB","potentialAction":[{"@type":"ReadAction","target":["https:\/\/kiddoo.ee\/product\/silikoonist-kauss-iminapaga\/"]}]},{"@type":"ImageObject","inLanguage":"en-GB","@id":"https:\/\/kiddoo.ee\/product\/silikoonist-kauss-iminapaga\/#primaryimage","url":"https:\/\/kiddoo.ee\/wp-content\/uploads\/2025\/09\/85A251FD-F5DC-4D40-A431-4B29A8EE29E5-700x700-1.jpeg","contentUrl":"https:\/\/kiddoo.ee\/wp-content\/uploads\/2025\/09\/85A251FD-F5DC-4D40-A431-4B29A8EE29E5-700x700-1.jpeg","width":700,"height":700,"caption":"Silikoonist kausid"},{"@type":"BreadcrumbList","@id":"https:\/\/kiddoo.ee\/product\/silikoonist-kauss-iminapaga\/#breadcrumb","itemListElement":[{"@type":"ListItem","position":1,"name":"Home","item":"http:\/\/kiddoo.ee\/"},{"@type":"ListItem","position":2,"name":"Pood","item":"https:\/\/kiddoo.ee\/en\/shop\/"},{"@type":"ListItem","position":3,"name":"Silikoonist kauss iminapaga \u2013 muretu s\u00f6\u00f6mine algab siit"}]},{"@type":"WebSite","@id":"http:\/\/kiddoo.ee\/#website","url":"http:\/\/kiddoo.ee\/","name":"Kiddoo","description":"Kvaliteet ja Eesti disain sinu lapsele","publisher":{"@id":"http:\/\/kiddoo.ee\/#organization"},"potentialAction":[{"@type":"SearchAction","target":{"@type":"EntryPoint","urlTemplate":"http:\/\/kiddoo.ee\/?s={search_term_string}"},"query-input":{"@type":"PropertyValueSpecification","valueRequired":true,"valueName":"search_term_string"}}],"inLanguage":"en-GB"},{"@type":"Organization","@id":"http:\/\/kiddoo.ee\/#organization","name":"Kiddoo","url":"http:\/\/kiddoo.ee\/","logo":{"@type":"ImageObject","inLanguage":"en-GB","@id":"http:\/\/kiddoo.ee\/#\/schema\/logo\/image\/","url":"https:\/\/kiddoo.ee\/wp-content\/uploads\/2021\/10\/logo-04-scaled.jpg","contentUrl":"https:\/\/kiddoo.ee\/wp-content\/uploads\/2021\/10\/logo-04-scaled.jpg","width":2560,"height":2560,"caption":"Kiddoo"},"image":{"@id":"http:\/\/kiddoo.ee\/#\/schema\/logo\/image\/"},"sameAs":["https:\/\/www.facebook.com\/Kiddoo-103191601863440"]}]}},"_links":{"self":[{"href":"https:\/\/kiddoo.ee\/en\/wp-json\/wp\/v2\/product\/5757","targetHints":{"allow":["GET"]}}],"collection":[{"href":"https:\/\/kiddoo.ee\/en\/wp-json\/wp\/v2\/product"}],"about":[{"href":"https:\/\/kiddoo.ee\/en\/wp-json\/wp\/v2\/types\/product"}],"wp:featuredmedia":[{"embeddable":true,"href":"https:\/\/kiddoo.ee\/en\/wp-json\/wp\/v2\/media\/5758"}],"wp:attachment":[{"href":"https:\/\/kiddoo.ee\/en\/wp-json\/wp\/v2\/media?parent=5757"}],"wp:term":[{"taxonomy":"product_brand","embeddable":true,"href":"https:\/\/kiddoo.ee\/en\/wp-json\/wp\/v2\/product_brand?post=5757"},{"taxonomy":"product_cat","embeddable":true,"href":"https:\/\/kiddoo.ee\/en\/wp-json\/wp\/v2\/product_cat?post=5757"},{"taxonomy":"product_tag","embeddable":true,"href":"https:\/\/kiddoo.ee\/en\/wp-json\/wp\/v2\/product_tag?post=5757"}],"curies":[{"name":"wp","href":"https:\/\/api.w.org\/{rel}","templated":true}]}}