{"id":6058,"date":"2025-09-24T09:08:33","date_gmt":"2025-09-24T09:08:33","guid":{"rendered":"https:\/\/kiddoo.ee\/?post_type=product&#038;p=6058"},"modified":"2026-03-23T17:18:14","modified_gmt":"2026-03-23T17:18:14","slug":"okoloogiline-vooditasku-voodikorraldaja-2","status":"publish","type":"product","link":"https:\/\/kiddoo.ee\/en\/product\/okoloogiline-vooditasku-voodikorraldaja-2\/","title":{"rendered":"Musliinist vooditasku: Nutikas voodikorraldaja beebivoodile (mustriga)"},"content":{"rendered":"<h1>Musliinist vooditasku: Nutikas ja turvaline voodikorraldaja<\/h1>\n<p>Kas oled kunagi \u00e4rganud keset \u00f6\u00f6d, et otsida pimedas lutti v\u00f5i m\u00e4hkmeid? N\u00fc\u00fcd saad selle mure unustada. Meie <b>\u00f6koloogiline vooditasku<\/b> on loodud selleks, et tuua sinu ellu korda ja mugavust, hoides k\u00f5ik h\u00e4davajalikud beebitarbed alati k\u00e4eulatuses. See on asendamatu abimees igale vanemale.<\/p>\n<h2>Miks valida meie vooditasku?<\/h2>\n<p>Meie vooditasku on kvaliteetne ja kauni disainiga. See on valmistatud <b>100% \u00f6koloogilisest puuvillast<\/b>, mis on kasvatatud ilma kahjulike kemikaalide ja pestitsiidideta. See tagab, et vooditasku on beebi tundlikule nahale t\u00e4iesti ohutu ja sobib ideaalselt teadlikule perele. Pehme ja hingav materjal on ka looduss\u00f5bralik valik, mis kestab kaua.<\/p>\n<h2>Kasutusmugavus ja praktilisus<\/h2>\n<p>Selle vooditasku disain on sama lihtne ja ilus. T\u00e4nu <b>m\u00f5\u00f5tmetele 38 x 19 cm<\/b> on see piisavalt kompaktne, et mahtuda igale voodile, kuid piisavalt suur, et mahutada k\u00f5ik vajalik. Saad sinna sisse panna lutid, pudelid, m\u00e4hkmed, salvr\u00e4tikud, lemmikm\u00e4nguasja v\u00f5i unejuturaamatu \u2013 k\u00f5ik, mida sul v\u00f5ib keset \u00f6\u00f6d v\u00f5i hommikul vaja minna.<\/p>\n<p><b>Lihtne n\u00f6\u00f6ridega kinnituss\u00fcsteem<\/b> teeb tasku paigaldamise imelihtsaks. Seo tasku lihtsalt beebivoodi, h\u00e4lli, v\u00f5revoodi v\u00f5i isegi lapse voodi k\u00fclge. Tasku p\u00fcsib kindlalt paigas ja on alati k\u00e4ttesaadav.<\/p>\n<h3>Rohkem kui lihtsalt panipaik<\/h3>\n<p>Meie <b>\u00f6koloogiline vooditasku<\/b> on lisaks praktilisele funktsioonile ka stiilne sisustuselement. Selle minimalistlik ja elegantne disain sulandub kenasti igasuguse lastetoa interj\u00f6\u00f6riga. See aitab luua korrastatud ja rahulikuma keskkonna, mis on oluline nii lapse kui ka vanema heaolu jaoks. Vali oma lemmikv\u00e4rv ja loo hubane ning isikup\u00e4rane lastetuba.<\/p>\n<p><a href=\"https:\/\/kiddoo.ee\/en\/shop\/\">Uudista ka meie teisi tooteid ning loo oma lapsele t\u00e4ielikult \u00f6koloogiline ja hubane unekeskkond.<\/a><\/p>","protected":false},"excerpt":{"rendered":"<p>Musliinist vooditasku: Nutikas ja turvaline voodikorraldaja Kas oled kunagi \u00e4rganud keset \u00f6\u00f6d, et otsida pimedas lutti v\u00f5i m\u00e4hkmeid? N\u00fc\u00fcd saad selle mure unustada. Meie \u00f6koloogiline vooditasku on loodud selleks, et tuua sinu ellu korda ja mugavust, hoides k\u00f5ik h\u00e4davajalikud beebitarbed alati k\u00e4eulatuses. See on asendamatu abimees igale vanemale. Miks valida meie vooditasku? Meie vooditasku on kvaliteetne ja kauni disainiga. See on valmistatud 100% \u00f6koloogilisest puuvillast, mis on kasvatatud ilma kahjulike kemikaalide ja pestitsiidideta. See tagab, et vooditasku on beebi tundlikule nahale t\u00e4iesti ohutu ja sobib ideaalselt teadlikule perele. Pehme ja hingav materjal on ka looduss\u00f5bralik valik, mis kestab kaua. Kasutusmugavus ja praktilisus Selle vooditasku disain on sama lihtne ja ilus. T\u00e4nu m\u00f5\u00f5tmetele 38 x 19 cm on see piisavalt kompaktne, et mahtuda igale voodile, kuid piisavalt suur, et mahutada k\u00f5ik vajalik. Saad sinna sisse panna lutid, pudelid, m\u00e4hkmed, salvr\u00e4tikud, lemmikm\u00e4nguasja v\u00f5i unejuturaamatu \u2013 k\u00f5ik, mida sul v\u00f5ib keset \u00f6\u00f6d v\u00f5i hommikul vaja minna. Lihtne n\u00f6\u00f6ridega kinnituss\u00fcsteem teeb tasku paigaldamise imelihtsaks. Seo tasku lihtsalt beebivoodi, h\u00e4lli, v\u00f5revoodi v\u00f5i isegi lapse voodi k\u00fclge. Tasku p\u00fcsib kindlalt paigas ja on alati k\u00e4ttesaadav. Rohkem kui lihtsalt panipaik Meie \u00f6koloogiline vooditasku on lisaks praktilisele funktsioonile ka stiilne sisustuselement. Selle minimalistlik ja elegantne disain sulandub kenasti igasuguse lastetoa interj\u00f6\u00f6riga. See aitab luua korrastatud ja rahulikuma keskkonna, mis on oluline nii lapse kui ka vanema heaolu jaoks. Vali oma lemmikv\u00e4rv ja loo hubane ning isikup\u00e4rane lastetuba. Uudista ka meie teisi tooteid ning loo oma lapsele t\u00e4ielikult \u00f6koloogiline ja hubane unekeskkond.<\/p>","protected":false},"featured_media":5150,"template":"","meta":[],"product_brand":[325],"product_cat":[322,297],"product_tag":[],"class_list":{"0":"post-6058","1":"product","2":"type-product","3":"status-publish","4":"has-post-thumbnail","6":"product_brand-kiddoo","7":"product_cat-musliinist-tasku","8":"product_cat-uneaeg","10":"first","11":"instock","12":"taxable","13":"shipping-taxable","14":"purchasable","15":"product-type-variable"},"yoast_head":"<!-- This site is optimized with the Yoast SEO plugin v27.5 - https:\/\/yoast.com\/product\/yoast-seo-wordpress\/ -->\n<title>\u00d6koloogiline vooditasku beebile | Korraldaja vajalikule| Kiddoo.ee<\/title>\n<meta name=\"description\" content=\"See \u00f6koloogiline vooditasku on ideaalne lahendus, et hoida beebi asjad (lutt, m\u00e4he jne) alati k\u00e4eulatuses. Korrasta lastetuba lihtsalt ja stiilselt.\" \/>\n<meta name=\"robots\" content=\"index, follow, max-snippet:-1, max-image-preview:large, max-video-preview:-1\" \/>\n<link rel=\"canonical\" href=\"https:\/\/kiddoo.ee\/en\/product\/okoloogiline-vooditasku-voodikorraldaja-2\/\" \/>\n<meta property=\"og:locale\" content=\"en_GB\" \/>\n<meta property=\"og:type\" content=\"article\" \/>\n<meta property=\"og:title\" content=\"\u00d6koloogiline vooditasku beebile | Korraldaja vajalikule| Kiddoo.ee\" \/>\n<meta property=\"og:description\" content=\"See \u00f6koloogiline vooditasku on ideaalne lahendus, et hoida beebi asjad (lutt, m\u00e4he jne) alati k\u00e4eulatuses. Korrasta lastetuba lihtsalt ja stiilselt.\" \/>\n<meta property=\"og:url\" content=\"https:\/\/kiddoo.ee\/en\/product\/okoloogiline-vooditasku-voodikorraldaja-2\/\" \/>\n<meta property=\"og:site_name\" content=\"Kiddoo\" \/>\n<meta property=\"article:publisher\" content=\"https:\/\/www.facebook.com\/Kiddoo-103191601863440\" \/>\n<meta property=\"article:modified_time\" content=\"2026-03-23T17:18:14+00:00\" \/>\n<meta property=\"og:image\" content=\"https:\/\/kiddoo.ee\/wp-content\/uploads\/2025\/05\/8339A831-F765-4AC5-8075-A8A787C45619.jpeg\" \/>\n\t<meta property=\"og:image:width\" content=\"1024\" \/>\n\t<meta property=\"og:image:height\" content=\"1024\" \/>\n\t<meta property=\"og:image:type\" content=\"image\/jpeg\" \/>\n<meta name=\"twitter:card\" content=\"summary_large_image\" \/>\n<meta name=\"twitter:label1\" content=\"Estimated reading time\" \/>\n\t<meta name=\"twitter:data1\" content=\"2 minutes\" \/>\n<script type=\"application\/ld+json\" class=\"yoast-schema-graph\">{\"@context\":\"https:\\\/\\\/schema.org\",\"@graph\":[{\"@type\":\"WebPage\",\"@id\":\"https:\\\/\\\/kiddoo.ee\\\/product\\\/okoloogiline-vooditasku-voodikorraldaja-2\\\/\",\"url\":\"https:\\\/\\\/kiddoo.ee\\\/product\\\/okoloogiline-vooditasku-voodikorraldaja-2\\\/\",\"name\":\"\u00d6koloogiline vooditasku beebile | Korraldaja vajalikule| Kiddoo.ee\",\"isPartOf\":{\"@id\":\"http:\\\/\\\/kiddoo.ee\\\/#website\"},\"primaryImageOfPage\":{\"@id\":\"https:\\\/\\\/kiddoo.ee\\\/product\\\/okoloogiline-vooditasku-voodikorraldaja-2\\\/#primaryimage\"},\"image\":{\"@id\":\"https:\\\/\\\/kiddoo.ee\\\/product\\\/okoloogiline-vooditasku-voodikorraldaja-2\\\/#primaryimage\"},\"thumbnailUrl\":\"https:\\\/\\\/kiddoo.ee\\\/wp-content\\\/uploads\\\/2025\\\/05\\\/8339A831-F765-4AC5-8075-A8A787C45619.jpeg\",\"datePublished\":\"2025-09-24T09:08:33+00:00\",\"dateModified\":\"2026-03-23T17:18:14+00:00\",\"description\":\"See \u00f6koloogiline vooditasku on ideaalne lahendus, et hoida beebi asjad (lutt, m\u00e4he jne) alati k\u00e4eulatuses. Korrasta lastetuba lihtsalt ja stiilselt.\",\"breadcrumb\":{\"@id\":\"https:\\\/\\\/kiddoo.ee\\\/product\\\/okoloogiline-vooditasku-voodikorraldaja-2\\\/#breadcrumb\"},\"inLanguage\":\"en-GB\",\"potentialAction\":[{\"@type\":\"ReadAction\",\"target\":[\"https:\\\/\\\/kiddoo.ee\\\/product\\\/okoloogiline-vooditasku-voodikorraldaja-2\\\/\"]}]},{\"@type\":\"ImageObject\",\"inLanguage\":\"en-GB\",\"@id\":\"https:\\\/\\\/kiddoo.ee\\\/product\\\/okoloogiline-vooditasku-voodikorraldaja-2\\\/#primaryimage\",\"url\":\"https:\\\/\\\/kiddoo.ee\\\/wp-content\\\/uploads\\\/2025\\\/05\\\/8339A831-F765-4AC5-8075-A8A787C45619.jpeg\",\"contentUrl\":\"https:\\\/\\\/kiddoo.ee\\\/wp-content\\\/uploads\\\/2025\\\/05\\\/8339A831-F765-4AC5-8075-A8A787C45619.jpeg\",\"width\":1024,\"height\":1024},{\"@type\":\"BreadcrumbList\",\"@id\":\"https:\\\/\\\/kiddoo.ee\\\/product\\\/okoloogiline-vooditasku-voodikorraldaja-2\\\/#breadcrumb\",\"itemListElement\":[{\"@type\":\"ListItem\",\"position\":1,\"name\":\"Home\",\"item\":\"http:\\\/\\\/kiddoo.ee\\\/\"},{\"@type\":\"ListItem\",\"position\":2,\"name\":\"Pood\",\"item\":\"https:\\\/\\\/kiddoo.ee\\\/en\\\/shop\\\/\"},{\"@type\":\"ListItem\",\"position\":3,\"name\":\"Musliinist vooditasku: Nutikas voodikorraldaja beebivoodile (mustriga)\"}]},{\"@type\":\"WebSite\",\"@id\":\"http:\\\/\\\/kiddoo.ee\\\/#website\",\"url\":\"http:\\\/\\\/kiddoo.ee\\\/\",\"name\":\"Kiddoo\",\"description\":\"Kvaliteet ja Eesti disain sinu lapsele\",\"publisher\":{\"@id\":\"http:\\\/\\\/kiddoo.ee\\\/#organization\"},\"potentialAction\":[{\"@type\":\"SearchAction\",\"target\":{\"@type\":\"EntryPoint\",\"urlTemplate\":\"http:\\\/\\\/kiddoo.ee\\\/?s={search_term_string}\"},\"query-input\":{\"@type\":\"PropertyValueSpecification\",\"valueRequired\":true,\"valueName\":\"search_term_string\"}}],\"inLanguage\":\"en-GB\"},{\"@type\":\"Organization\",\"@id\":\"http:\\\/\\\/kiddoo.ee\\\/#organization\",\"name\":\"Kiddoo\",\"url\":\"http:\\\/\\\/kiddoo.ee\\\/\",\"logo\":{\"@type\":\"ImageObject\",\"inLanguage\":\"en-GB\",\"@id\":\"http:\\\/\\\/kiddoo.ee\\\/#\\\/schema\\\/logo\\\/image\\\/\",\"url\":\"https:\\\/\\\/kiddoo.ee\\\/wp-content\\\/uploads\\\/2021\\\/10\\\/logo-04-scaled.jpg\",\"contentUrl\":\"https:\\\/\\\/kiddoo.ee\\\/wp-content\\\/uploads\\\/2021\\\/10\\\/logo-04-scaled.jpg\",\"width\":2560,\"height\":2560,\"caption\":\"Kiddoo\"},\"image\":{\"@id\":\"http:\\\/\\\/kiddoo.ee\\\/#\\\/schema\\\/logo\\\/image\\\/\"},\"sameAs\":[\"https:\\\/\\\/www.facebook.com\\\/Kiddoo-103191601863440\"]}]}<\/script>\n<!-- \/ Yoast SEO plugin. -->","yoast_head_json":{"title":"\u00d6koloogiline vooditasku beebile | Korraldaja vajalikule| Kiddoo.ee","description":"See \u00f6koloogiline vooditasku on ideaalne lahendus, et hoida beebi asjad (lutt, m\u00e4he jne) alati k\u00e4eulatuses. Korrasta lastetuba lihtsalt ja stiilselt.","robots":{"index":"index","follow":"follow","max-snippet":"max-snippet:-1","max-image-preview":"max-image-preview:large","max-video-preview":"max-video-preview:-1"},"canonical":"https:\/\/kiddoo.ee\/en\/product\/okoloogiline-vooditasku-voodikorraldaja-2\/","og_locale":"en_GB","og_type":"article","og_title":"\u00d6koloogiline vooditasku beebile | Korraldaja vajalikule| Kiddoo.ee","og_description":"See \u00f6koloogiline vooditasku on ideaalne lahendus, et hoida beebi asjad (lutt, m\u00e4he jne) alati k\u00e4eulatuses. Korrasta lastetuba lihtsalt ja stiilselt.","og_url":"https:\/\/kiddoo.ee\/en\/product\/okoloogiline-vooditasku-voodikorraldaja-2\/","og_site_name":"Kiddoo","article_publisher":"https:\/\/www.facebook.com\/Kiddoo-103191601863440","article_modified_time":"2026-03-23T17:18:14+00:00","og_image":[{"width":1024,"height":1024,"url":"https:\/\/kiddoo.ee\/wp-content\/uploads\/2025\/05\/8339A831-F765-4AC5-8075-A8A787C45619.jpeg","type":"image\/jpeg"}],"twitter_card":"summary_large_image","twitter_misc":{"Estimated reading time":"2 minutes"},"schema":{"@context":"https:\/\/schema.org","@graph":[{"@type":"WebPage","@id":"https:\/\/kiddoo.ee\/product\/okoloogiline-vooditasku-voodikorraldaja-2\/","url":"https:\/\/kiddoo.ee\/product\/okoloogiline-vooditasku-voodikorraldaja-2\/","name":"\u00d6koloogiline vooditasku beebile | Korraldaja vajalikule| Kiddoo.ee","isPartOf":{"@id":"http:\/\/kiddoo.ee\/#website"},"primaryImageOfPage":{"@id":"https:\/\/kiddoo.ee\/product\/okoloogiline-vooditasku-voodikorraldaja-2\/#primaryimage"},"image":{"@id":"https:\/\/kiddoo.ee\/product\/okoloogiline-vooditasku-voodikorraldaja-2\/#primaryimage"},"thumbnailUrl":"https:\/\/kiddoo.ee\/wp-content\/uploads\/2025\/05\/8339A831-F765-4AC5-8075-A8A787C45619.jpeg","datePublished":"2025-09-24T09:08:33+00:00","dateModified":"2026-03-23T17:18:14+00:00","description":"See \u00f6koloogiline vooditasku on ideaalne lahendus, et hoida beebi asjad (lutt, m\u00e4he jne) alati k\u00e4eulatuses. Korrasta lastetuba lihtsalt ja stiilselt.","breadcrumb":{"@id":"https:\/\/kiddoo.ee\/product\/okoloogiline-vooditasku-voodikorraldaja-2\/#breadcrumb"},"inLanguage":"en-GB","potentialAction":[{"@type":"ReadAction","target":["https:\/\/kiddoo.ee\/product\/okoloogiline-vooditasku-voodikorraldaja-2\/"]}]},{"@type":"ImageObject","inLanguage":"en-GB","@id":"https:\/\/kiddoo.ee\/product\/okoloogiline-vooditasku-voodikorraldaja-2\/#primaryimage","url":"https:\/\/kiddoo.ee\/wp-content\/uploads\/2025\/05\/8339A831-F765-4AC5-8075-A8A787C45619.jpeg","contentUrl":"https:\/\/kiddoo.ee\/wp-content\/uploads\/2025\/05\/8339A831-F765-4AC5-8075-A8A787C45619.jpeg","width":1024,"height":1024},{"@type":"BreadcrumbList","@id":"https:\/\/kiddoo.ee\/product\/okoloogiline-vooditasku-voodikorraldaja-2\/#breadcrumb","itemListElement":[{"@type":"ListItem","position":1,"name":"Home","item":"http:\/\/kiddoo.ee\/"},{"@type":"ListItem","position":2,"name":"Pood","item":"https:\/\/kiddoo.ee\/en\/shop\/"},{"@type":"ListItem","position":3,"name":"Musliinist vooditasku: Nutikas voodikorraldaja beebivoodile (mustriga)"}]},{"@type":"WebSite","@id":"http:\/\/kiddoo.ee\/#website","url":"http:\/\/kiddoo.ee\/","name":"Kiddoo","description":"Kvaliteet ja Eesti disain sinu lapsele","publisher":{"@id":"http:\/\/kiddoo.ee\/#organization"},"potentialAction":[{"@type":"SearchAction","target":{"@type":"EntryPoint","urlTemplate":"http:\/\/kiddoo.ee\/?s={search_term_string}"},"query-input":{"@type":"PropertyValueSpecification","valueRequired":true,"valueName":"search_term_string"}}],"inLanguage":"en-GB"},{"@type":"Organization","@id":"http:\/\/kiddoo.ee\/#organization","name":"Kiddoo","url":"http:\/\/kiddoo.ee\/","logo":{"@type":"ImageObject","inLanguage":"en-GB","@id":"http:\/\/kiddoo.ee\/#\/schema\/logo\/image\/","url":"https:\/\/kiddoo.ee\/wp-content\/uploads\/2021\/10\/logo-04-scaled.jpg","contentUrl":"https:\/\/kiddoo.ee\/wp-content\/uploads\/2021\/10\/logo-04-scaled.jpg","width":2560,"height":2560,"caption":"Kiddoo"},"image":{"@id":"http:\/\/kiddoo.ee\/#\/schema\/logo\/image\/"},"sameAs":["https:\/\/www.facebook.com\/Kiddoo-103191601863440"]}]}},"_links":{"self":[{"href":"https:\/\/kiddoo.ee\/en\/wp-json\/wp\/v2\/product\/6058","targetHints":{"allow":["GET"]}}],"collection":[{"href":"https:\/\/kiddoo.ee\/en\/wp-json\/wp\/v2\/product"}],"about":[{"href":"https:\/\/kiddoo.ee\/en\/wp-json\/wp\/v2\/types\/product"}],"wp:featuredmedia":[{"embeddable":true,"href":"https:\/\/kiddoo.ee\/en\/wp-json\/wp\/v2\/media\/5150"}],"wp:attachment":[{"href":"https:\/\/kiddoo.ee\/en\/wp-json\/wp\/v2\/media?parent=6058"}],"wp:term":[{"taxonomy":"product_brand","embeddable":true,"href":"https:\/\/kiddoo.ee\/en\/wp-json\/wp\/v2\/product_brand?post=6058"},{"taxonomy":"product_cat","embeddable":true,"href":"https:\/\/kiddoo.ee\/en\/wp-json\/wp\/v2\/product_cat?post=6058"},{"taxonomy":"product_tag","embeddable":true,"href":"https:\/\/kiddoo.ee\/en\/wp-json\/wp\/v2\/product_tag?post=6058"}],"curies":[{"name":"wp","href":"https:\/\/api.w.org\/{rel}","templated":true}]}}