{"id":6071,"date":"2025-09-25T16:37:10","date_gmt":"2025-09-25T16:37:10","guid":{"rendered":"https:\/\/kiddoo.ee\/?post_type=product&#038;p=6071"},"modified":"2026-05-04T12:43:43","modified_gmt":"2026-05-04T12:43:43","slug":"musliinist-kaisulapp-janku-saadaval-erinevad-mudelid-ja-varvid","status":"publish","type":"product","link":"https:\/\/kiddoo.ee\/en\/product\/musliinist-kaisulapp-janku-saadaval-erinevad-mudelid-ja-varvid\/","title":{"rendered":"Musliinist kaisulapp J\u00e4nku | Saadaval erinevad v\u00e4rvid"},"content":{"rendered":"<h1>Musliinist kaisulapp: armas ja pehme kaisukas beebile<\/h1>\n<p>Meie <b>musliinist kaisulapp<\/b> on loodud sinu beebi unekvaliteeti silmas pidades. See on palju enamat kui lihtsalt tekk, see on beebi esimene kaisukaaslane, mis pakub lohutust ja turvatunnet nii kodus kui ka eemal.<\/p>\n<h2>Mis teeb meie musliinist kaisulapi eriliseks?<\/h2>\n<p>Meie kaisulapp on valmistatud hoolikalt valitud <b>100% musliinpuuvillast<\/b>, mis on tuntud oma erakordse pehmuse ja vastupidavuse poolest. See materjal on ideaalne beebi tundlikule nahale, olles h\u00fcpoallergeenne ja hingav, mis aitab v\u00e4ltida \u00fclekuumenemist. \u00dcks musliini imelisemaid omadusi on see, et iga pesukorraga muutub kangas aina pehmemaks ja m\u00f5nusamaks, muutes sellest ajas veelgi v\u00e4\u00e4rtuslikuma eseme.<\/p>\n<h3>Musliinist kaisulapi omadused<\/h3>\n<ul>\n<li><b>Materjal:<\/b> 100% musliinpuuvill<\/li>\n<li><b>Dimensions:<\/b> 30&#215;30 cm<\/li>\n<li><b>Hingav ja kerge:<\/b> Ideealne beebi v\u00e4ikeste k\u00e4tega haaramiseks<\/li>\n<li><b>H\u00fcpoallergeenne:<\/b> Ohutu beebi tundlikule nahale.<\/li>\n<li><b>Lihtne hooldada:<\/b> Muutub iga pesuga pehmemaks.<\/li>\n<li><b>Ideaalne magama j\u00e4\u00e4mise abivahend:<\/b> Pakub turvatunnet ja lohutust.<\/li>\n<\/ul>\n<h3>Vali enda lemmik mudel ja v\u00e4rv<\/h3>\n<p>Meie kollektsioonis on erinevad armsad mudelid. Olgu sinu valik <b>kaisulapp valge j\u00e4nku<\/b> v\u00f5i hoopis m\u00f5ni teine armas kaisuloom, leiad kindlasti ideaalse variandi, mis sobib sinu lapsega. Kaisulapp on ka suurep\u00e4rane kingiidee katsikuks v\u00f5i beebipeole, olles ilus ja praktiline valik, mis toob r\u00f5\u00f5mu nii lapsele kui ka vanemale.<\/p>\n<p><a href=\"https:\/\/kiddoo.ee\/en\/shop\/\">Avasta ka teisi tooteid meie e-poes.<\/a><\/p>","protected":false},"excerpt":{"rendered":"<p>Musliinist kaisulapp: armas ja pehme kaisukas beebile Meie musliinist kaisulapp on loodud sinu beebi unekvaliteeti silmas pidades. See on palju enamat kui lihtsalt tekk, see on beebi esimene kaisukaaslane, mis pakub lohutust ja turvatunnet nii kodus kui ka eemal. Mis teeb meie musliinist kaisulapi eriliseks? Meie kaisulapp on valmistatud hoolikalt valitud 100% musliinpuuvillast, mis on tuntud oma erakordse pehmuse ja vastupidavuse poolest. See materjal on ideaalne beebi tundlikule nahale, olles h\u00fcpoallergeenne ja hingav, mis aitab v\u00e4ltida \u00fclekuumenemist. \u00dcks musliini imelisemaid omadusi on see, et iga pesukorraga muutub kangas aina pehmemaks ja m\u00f5nusamaks, muutes sellest ajas veelgi v\u00e4\u00e4rtuslikuma eseme. Musliinist kaisulapi omadused Materjal: 100% musliinpuuvill M\u00f5\u00f5dud: 30&#215;30 cm Hingav ja kerge: Ideealne beebi v\u00e4ikeste k\u00e4tega haaramiseks H\u00fcpoallergeenne: Ohutu beebi tundlikule nahale. Lihtne hooldada: Muutub iga pesuga pehmemaks. Ideaalne magama j\u00e4\u00e4mise abivahend: Pakub turvatunnet ja lohutust. Vali enda lemmik mudel ja v\u00e4rv Meie kollektsioonis on erinevad armsad mudelid. Olgu sinu valik kaisulapp valge j\u00e4nku v\u00f5i hoopis m\u00f5ni teine armas kaisuloom, leiad kindlasti ideaalse variandi, mis sobib sinu lapsega. Kaisulapp on ka suurep\u00e4rane kingiidee katsikuks v\u00f5i beebipeole, olles ilus ja praktiline valik, mis toob r\u00f5\u00f5mu nii lapsele kui ka vanemale. Avasta ka teisi tooteid meie e-poes.<\/p>","protected":false},"featured_media":6020,"template":"","meta":[],"product_brand":[],"product_cat":[306,297],"product_tag":[],"class_list":{"0":"post-6071","1":"product","2":"type-product","3":"status-publish","4":"has-post-thumbnail","6":"product_cat-kaisulapid","7":"product_cat-uneaeg","9":"first","10":"instock","11":"taxable","12":"shipping-taxable","13":"purchasable","14":"product-type-variable"},"yoast_head":"<!-- This site is optimized with the Yoast SEO plugin v27.5 - https:\/\/yoast.com\/product\/yoast-seo-wordpress\/ -->\n<title>Musliinist kaisulapp | Vali endale sobiv mudel ja v\u00e4rv | Kiddoo.ee<\/title>\n<meta name=\"description\" content=\"Musliinist kaisulapp beebile leia Kiddoo e-poest. Saadaval mitmes erinevas mudelis (j\u00e4nku, merekarp jm) ja v\u00e4rvitoonis. Ideaalne kaisukaaslane ja kingiidee.\" \/>\n<meta name=\"robots\" content=\"index, follow, max-snippet:-1, max-image-preview:large, max-video-preview:-1\" \/>\n<link rel=\"canonical\" href=\"https:\/\/kiddoo.ee\/en\/product\/musliinist-kaisulapp-janku-saadaval-erinevad-mudelid-ja-varvid\/\" \/>\n<meta property=\"og:locale\" content=\"en_GB\" \/>\n<meta property=\"og:type\" content=\"article\" \/>\n<meta property=\"og:title\" content=\"Musliinist kaisulapp | Vali endale sobiv mudel ja v\u00e4rv | Kiddoo.ee\" \/>\n<meta property=\"og:description\" content=\"Musliinist kaisulapp beebile leia Kiddoo e-poest. Saadaval mitmes erinevas mudelis (j\u00e4nku, merekarp jm) ja v\u00e4rvitoonis. Ideaalne kaisukaaslane ja kingiidee.\" \/>\n<meta property=\"og:url\" content=\"https:\/\/kiddoo.ee\/en\/product\/musliinist-kaisulapp-janku-saadaval-erinevad-mudelid-ja-varvid\/\" \/>\n<meta property=\"og:site_name\" content=\"Kiddoo\" \/>\n<meta property=\"article:publisher\" content=\"https:\/\/www.facebook.com\/Kiddoo-103191601863440\" \/>\n<meta property=\"article:modified_time\" content=\"2026-05-04T12:43:43+00:00\" \/>\n<meta property=\"og:image\" content=\"https:\/\/kiddoo.ee\/wp-content\/uploads\/2025\/09\/IMG_4509.jpeg\" \/>\n\t<meta property=\"og:image:width\" content=\"678\" \/>\n\t<meta property=\"og:image:height\" content=\"678\" \/>\n\t<meta property=\"og:image:type\" content=\"image\/jpeg\" \/>\n<meta name=\"twitter:card\" content=\"summary_large_image\" \/>\n<meta name=\"twitter:label1\" content=\"Estimated reading time\" \/>\n\t<meta name=\"twitter:data1\" content=\"2 minutes\" \/>\n<script type=\"application\/ld+json\" class=\"yoast-schema-graph\">{\"@context\":\"https:\\\/\\\/schema.org\",\"@graph\":[{\"@type\":\"WebPage\",\"@id\":\"https:\\\/\\\/kiddoo.ee\\\/product\\\/musliinist-kaisulapp-janku-saadaval-erinevad-mudelid-ja-varvid\\\/\",\"url\":\"https:\\\/\\\/kiddoo.ee\\\/product\\\/musliinist-kaisulapp-janku-saadaval-erinevad-mudelid-ja-varvid\\\/\",\"name\":\"Musliinist kaisulapp | Vali endale sobiv mudel ja v\u00e4rv | Kiddoo.ee\",\"isPartOf\":{\"@id\":\"http:\\\/\\\/kiddoo.ee\\\/#website\"},\"primaryImageOfPage\":{\"@id\":\"https:\\\/\\\/kiddoo.ee\\\/product\\\/musliinist-kaisulapp-janku-saadaval-erinevad-mudelid-ja-varvid\\\/#primaryimage\"},\"image\":{\"@id\":\"https:\\\/\\\/kiddoo.ee\\\/product\\\/musliinist-kaisulapp-janku-saadaval-erinevad-mudelid-ja-varvid\\\/#primaryimage\"},\"thumbnailUrl\":\"https:\\\/\\\/kiddoo.ee\\\/wp-content\\\/uploads\\\/2025\\\/09\\\/IMG_4509.jpeg\",\"datePublished\":\"2025-09-25T16:37:10+00:00\",\"dateModified\":\"2026-05-04T12:43:43+00:00\",\"description\":\"Musliinist kaisulapp beebile leia Kiddoo e-poest. Saadaval mitmes erinevas mudelis (j\u00e4nku, merekarp jm) ja v\u00e4rvitoonis. Ideaalne kaisukaaslane ja kingiidee.\",\"breadcrumb\":{\"@id\":\"https:\\\/\\\/kiddoo.ee\\\/product\\\/musliinist-kaisulapp-janku-saadaval-erinevad-mudelid-ja-varvid\\\/#breadcrumb\"},\"inLanguage\":\"en-GB\",\"potentialAction\":[{\"@type\":\"ReadAction\",\"target\":[\"https:\\\/\\\/kiddoo.ee\\\/product\\\/musliinist-kaisulapp-janku-saadaval-erinevad-mudelid-ja-varvid\\\/\"]}]},{\"@type\":\"ImageObject\",\"inLanguage\":\"en-GB\",\"@id\":\"https:\\\/\\\/kiddoo.ee\\\/product\\\/musliinist-kaisulapp-janku-saadaval-erinevad-mudelid-ja-varvid\\\/#primaryimage\",\"url\":\"https:\\\/\\\/kiddoo.ee\\\/wp-content\\\/uploads\\\/2025\\\/09\\\/IMG_4509.jpeg\",\"contentUrl\":\"https:\\\/\\\/kiddoo.ee\\\/wp-content\\\/uploads\\\/2025\\\/09\\\/IMG_4509.jpeg\",\"width\":678,\"height\":678},{\"@type\":\"BreadcrumbList\",\"@id\":\"https:\\\/\\\/kiddoo.ee\\\/product\\\/musliinist-kaisulapp-janku-saadaval-erinevad-mudelid-ja-varvid\\\/#breadcrumb\",\"itemListElement\":[{\"@type\":\"ListItem\",\"position\":1,\"name\":\"Home\",\"item\":\"http:\\\/\\\/kiddoo.ee\\\/\"},{\"@type\":\"ListItem\",\"position\":2,\"name\":\"Pood\",\"item\":\"https:\\\/\\\/kiddoo.ee\\\/en\\\/shop\\\/\"},{\"@type\":\"ListItem\",\"position\":3,\"name\":\"Musliinist kaisulapp J\u00e4nku | Saadaval erinevad v\u00e4rvid\"}]},{\"@type\":\"WebSite\",\"@id\":\"http:\\\/\\\/kiddoo.ee\\\/#website\",\"url\":\"http:\\\/\\\/kiddoo.ee\\\/\",\"name\":\"Kiddoo\",\"description\":\"Kvaliteet ja Eesti disain sinu lapsele\",\"publisher\":{\"@id\":\"http:\\\/\\\/kiddoo.ee\\\/#organization\"},\"potentialAction\":[{\"@type\":\"SearchAction\",\"target\":{\"@type\":\"EntryPoint\",\"urlTemplate\":\"http:\\\/\\\/kiddoo.ee\\\/?s={search_term_string}\"},\"query-input\":{\"@type\":\"PropertyValueSpecification\",\"valueRequired\":true,\"valueName\":\"search_term_string\"}}],\"inLanguage\":\"en-GB\"},{\"@type\":\"Organization\",\"@id\":\"http:\\\/\\\/kiddoo.ee\\\/#organization\",\"name\":\"Kiddoo\",\"url\":\"http:\\\/\\\/kiddoo.ee\\\/\",\"logo\":{\"@type\":\"ImageObject\",\"inLanguage\":\"en-GB\",\"@id\":\"http:\\\/\\\/kiddoo.ee\\\/#\\\/schema\\\/logo\\\/image\\\/\",\"url\":\"https:\\\/\\\/kiddoo.ee\\\/wp-content\\\/uploads\\\/2021\\\/10\\\/logo-04-scaled.jpg\",\"contentUrl\":\"https:\\\/\\\/kiddoo.ee\\\/wp-content\\\/uploads\\\/2021\\\/10\\\/logo-04-scaled.jpg\",\"width\":2560,\"height\":2560,\"caption\":\"Kiddoo\"},\"image\":{\"@id\":\"http:\\\/\\\/kiddoo.ee\\\/#\\\/schema\\\/logo\\\/image\\\/\"},\"sameAs\":[\"https:\\\/\\\/www.facebook.com\\\/Kiddoo-103191601863440\"]}]}<\/script>\n<!-- \/ Yoast SEO plugin. -->","yoast_head_json":{"title":"Musliinist kaisulapp | Vali endale sobiv mudel ja v\u00e4rv | Kiddoo.ee","description":"Musliinist kaisulapp beebile leia Kiddoo e-poest. Saadaval mitmes erinevas mudelis (j\u00e4nku, merekarp jm) ja v\u00e4rvitoonis. Ideaalne kaisukaaslane ja kingiidee.","robots":{"index":"index","follow":"follow","max-snippet":"max-snippet:-1","max-image-preview":"max-image-preview:large","max-video-preview":"max-video-preview:-1"},"canonical":"https:\/\/kiddoo.ee\/en\/product\/musliinist-kaisulapp-janku-saadaval-erinevad-mudelid-ja-varvid\/","og_locale":"en_GB","og_type":"article","og_title":"Musliinist kaisulapp | Vali endale sobiv mudel ja v\u00e4rv | Kiddoo.ee","og_description":"Musliinist kaisulapp beebile leia Kiddoo e-poest. Saadaval mitmes erinevas mudelis (j\u00e4nku, merekarp jm) ja v\u00e4rvitoonis. Ideaalne kaisukaaslane ja kingiidee.","og_url":"https:\/\/kiddoo.ee\/en\/product\/musliinist-kaisulapp-janku-saadaval-erinevad-mudelid-ja-varvid\/","og_site_name":"Kiddoo","article_publisher":"https:\/\/www.facebook.com\/Kiddoo-103191601863440","article_modified_time":"2026-05-04T12:43:43+00:00","og_image":[{"width":678,"height":678,"url":"https:\/\/kiddoo.ee\/wp-content\/uploads\/2025\/09\/IMG_4509.jpeg","type":"image\/jpeg"}],"twitter_card":"summary_large_image","twitter_misc":{"Estimated reading time":"2 minutes"},"schema":{"@context":"https:\/\/schema.org","@graph":[{"@type":"WebPage","@id":"https:\/\/kiddoo.ee\/product\/musliinist-kaisulapp-janku-saadaval-erinevad-mudelid-ja-varvid\/","url":"https:\/\/kiddoo.ee\/product\/musliinist-kaisulapp-janku-saadaval-erinevad-mudelid-ja-varvid\/","name":"Musliinist kaisulapp | Vali endale sobiv mudel ja v\u00e4rv | Kiddoo.ee","isPartOf":{"@id":"http:\/\/kiddoo.ee\/#website"},"primaryImageOfPage":{"@id":"https:\/\/kiddoo.ee\/product\/musliinist-kaisulapp-janku-saadaval-erinevad-mudelid-ja-varvid\/#primaryimage"},"image":{"@id":"https:\/\/kiddoo.ee\/product\/musliinist-kaisulapp-janku-saadaval-erinevad-mudelid-ja-varvid\/#primaryimage"},"thumbnailUrl":"https:\/\/kiddoo.ee\/wp-content\/uploads\/2025\/09\/IMG_4509.jpeg","datePublished":"2025-09-25T16:37:10+00:00","dateModified":"2026-05-04T12:43:43+00:00","description":"Musliinist kaisulapp beebile leia Kiddoo e-poest. Saadaval mitmes erinevas mudelis (j\u00e4nku, merekarp jm) ja v\u00e4rvitoonis. Ideaalne kaisukaaslane ja kingiidee.","breadcrumb":{"@id":"https:\/\/kiddoo.ee\/product\/musliinist-kaisulapp-janku-saadaval-erinevad-mudelid-ja-varvid\/#breadcrumb"},"inLanguage":"en-GB","potentialAction":[{"@type":"ReadAction","target":["https:\/\/kiddoo.ee\/product\/musliinist-kaisulapp-janku-saadaval-erinevad-mudelid-ja-varvid\/"]}]},{"@type":"ImageObject","inLanguage":"en-GB","@id":"https:\/\/kiddoo.ee\/product\/musliinist-kaisulapp-janku-saadaval-erinevad-mudelid-ja-varvid\/#primaryimage","url":"https:\/\/kiddoo.ee\/wp-content\/uploads\/2025\/09\/IMG_4509.jpeg","contentUrl":"https:\/\/kiddoo.ee\/wp-content\/uploads\/2025\/09\/IMG_4509.jpeg","width":678,"height":678},{"@type":"BreadcrumbList","@id":"https:\/\/kiddoo.ee\/product\/musliinist-kaisulapp-janku-saadaval-erinevad-mudelid-ja-varvid\/#breadcrumb","itemListElement":[{"@type":"ListItem","position":1,"name":"Home","item":"http:\/\/kiddoo.ee\/"},{"@type":"ListItem","position":2,"name":"Pood","item":"https:\/\/kiddoo.ee\/en\/shop\/"},{"@type":"ListItem","position":3,"name":"Musliinist kaisulapp J\u00e4nku | Saadaval erinevad v\u00e4rvid"}]},{"@type":"WebSite","@id":"http:\/\/kiddoo.ee\/#website","url":"http:\/\/kiddoo.ee\/","name":"Kiddoo","description":"Kvaliteet ja Eesti disain sinu lapsele","publisher":{"@id":"http:\/\/kiddoo.ee\/#organization"},"potentialAction":[{"@type":"SearchAction","target":{"@type":"EntryPoint","urlTemplate":"http:\/\/kiddoo.ee\/?s={search_term_string}"},"query-input":{"@type":"PropertyValueSpecification","valueRequired":true,"valueName":"search_term_string"}}],"inLanguage":"en-GB"},{"@type":"Organization","@id":"http:\/\/kiddoo.ee\/#organization","name":"Kiddoo","url":"http:\/\/kiddoo.ee\/","logo":{"@type":"ImageObject","inLanguage":"en-GB","@id":"http:\/\/kiddoo.ee\/#\/schema\/logo\/image\/","url":"https:\/\/kiddoo.ee\/wp-content\/uploads\/2021\/10\/logo-04-scaled.jpg","contentUrl":"https:\/\/kiddoo.ee\/wp-content\/uploads\/2021\/10\/logo-04-scaled.jpg","width":2560,"height":2560,"caption":"Kiddoo"},"image":{"@id":"http:\/\/kiddoo.ee\/#\/schema\/logo\/image\/"},"sameAs":["https:\/\/www.facebook.com\/Kiddoo-103191601863440"]}]}},"_links":{"self":[{"href":"https:\/\/kiddoo.ee\/en\/wp-json\/wp\/v2\/product\/6071","targetHints":{"allow":["GET"]}}],"collection":[{"href":"https:\/\/kiddoo.ee\/en\/wp-json\/wp\/v2\/product"}],"about":[{"href":"https:\/\/kiddoo.ee\/en\/wp-json\/wp\/v2\/types\/product"}],"wp:featuredmedia":[{"embeddable":true,"href":"https:\/\/kiddoo.ee\/en\/wp-json\/wp\/v2\/media\/6020"}],"wp:attachment":[{"href":"https:\/\/kiddoo.ee\/en\/wp-json\/wp\/v2\/media?parent=6071"}],"wp:term":[{"taxonomy":"product_brand","embeddable":true,"href":"https:\/\/kiddoo.ee\/en\/wp-json\/wp\/v2\/product_brand?post=6071"},{"taxonomy":"product_cat","embeddable":true,"href":"https:\/\/kiddoo.ee\/en\/wp-json\/wp\/v2\/product_cat?post=6071"},{"taxonomy":"product_tag","embeddable":true,"href":"https:\/\/kiddoo.ee\/en\/wp-json\/wp\/v2\/product_tag?post=6071"}],"curies":[{"name":"wp","href":"https:\/\/api.w.org\/{rel}","templated":true}]}}