{"id":6094,"date":"2025-09-29T20:30:16","date_gmt":"2025-09-29T20:30:16","guid":{"rendered":"https:\/\/kiddoo.ee\/?post_type=product&#038;p=6094"},"modified":"2026-04-23T11:17:58","modified_gmt":"2026-04-23T11:17:58","slug":"bambusest-vanniponso-lapsele-pehme-nahasobralik-ja-antibakteriaalne","status":"publish","type":"product","link":"https:\/\/kiddoo.ee\/en\/product\/bambusest-vanniponso-lapsele-pehme-nahasobralik-ja-antibakteriaalne\/","title":{"rendered":"Bambusest vannipon\u0161o lapsele &#8211; pehme, nahas\u00f5bralik ja antibakteriaalne"},"content":{"rendered":"<h1 data-start=\"494\" data-end=\"542\">Bambusest vannipon\u0161o lapsele<\/h1>\n<p data-start=\"543\" data-end=\"801\">Bambusest vannipon\u0161o on erakordselt pehme, nahas\u00f5bralik ja suurep\u00e4rase imavusega. Bambusest frotee kuivab oluliselt kiiremini kui tavap\u00e4rane puuvill, v\u00e4ltides niiskusest tingitud hallitust. T\u00e4nu antibakteriaalsetele omadustele sobib pon\u0161o ka allergikutele.<\/p>\n<h2 data-start=\"803\" data-end=\"834\">Luksuslik ja mugav disain<\/h2>\n<p data-start=\"835\" data-end=\"1084\">Pon\u0161ol on kapuuts, mille k\u00fclge on \u00f5mmeldud armsad k\u00f5rvakesed, silmad ja suu, pakkudes lapsele l\u00f5busat ja turvalist vannikogemust. Kapuuts aitab p\u00e4rast vanni last kiiresti ja pehmesse r\u00e4tikusse m\u00e4hkida, hoides sooja ning kaitstes tuulet\u00f5mbuse eest.<\/p>\n<h3 data-start=\"1086\" data-end=\"1111\">Mitmek\u00fclgne kasutus<\/h3>\n<p data-start=\"1112\" data-end=\"1302\">Bambusest vannipon\u0161o sobib igap\u00e4evaseks vannisk\u00e4iguks, basseini \u00e4\u00e4res, saunas, spaas v\u00f5i rannas. T\u00e4nu oma luksuslikule ja kohevile froteele annab see lapsele mugava ja soojendava kogemuse.<\/p>\n<h3 data-start=\"1304\" data-end=\"1330\">Kvaliteet ja hooldus<\/h3>\n<ul data-start=\"1331\" data-end=\"1693\">\n<li data-start=\"1331\" data-end=\"1365\">\n<p data-start=\"1333\" data-end=\"1365\"><strong data-start=\"1333\" data-end=\"1345\">Fabric:<\/strong> 100% bambusfrotee<\/p>\n<\/li>\n<li data-start=\"1366\" data-end=\"1400\">\n<p data-start=\"1368\" data-end=\"1400\"><strong data-start=\"1368\" data-end=\"1379\">Dimensions:<\/strong> 60 x 60 cm (+-3cm)<\/p>\n<\/li>\n<li data-start=\"1401\" data-end=\"1448\">\n<p data-start=\"1403\" data-end=\"1448\"><strong data-start=\"1403\" data-end=\"1413\">Vanus:<\/strong> Sobib alates s\u00fcnnist, parim 1\u20136a<\/p>\n<\/li>\n<li data-start=\"1449\" data-end=\"1530\">\n<p data-start=\"1451\" data-end=\"1530\"><strong data-start=\"1451\" data-end=\"1464\">Omadused:<\/strong> antibakteriaalne, hallituskindel, UV-kaitse, h\u00fcpoallergeeniline<\/p>\n<\/li>\n<li data-start=\"1531\" data-end=\"1624\">\n<p data-start=\"1533\" data-end=\"1624\"><strong data-start=\"1533\" data-end=\"1545\">Hooldus:<\/strong> \u00f5rn masinpesu kuni 40\u00b0C, r\u00e4tiku raputamine p\u00e4rast pesu kohevuse taastamiseks<\/p>\n<\/li>\n<li data-start=\"1625\" data-end=\"1664\">\n<p data-start=\"1627\" data-end=\"1664\"><strong data-start=\"1627\" data-end=\"1640\">Standard:<\/strong> OEKO-TEX\u00ae 100 Class 1<\/p>\n<\/li>\n<li data-start=\"1665\" data-end=\"1693\">\n<p data-start=\"1667\" data-end=\"1693\"><strong data-start=\"1667\" data-end=\"1678\">Disain:<\/strong> Estonian design<\/p>\n<\/li>\n<\/ul>\n<h3 data-start=\"1695\" data-end=\"1718\">Ideaalne kingitus<\/h3>\n<p data-start=\"1719\" data-end=\"1913\">Bambusest vannipon\u0161o on pehme, kaunis ja luksuslik, sobides suurep\u00e4raselt kingituseks. Armsa kapuutsiga pon\u0161o teeb iga vannikogemuse meeldivaks ning aitab lapsel tunda end soojas ja kaitstuna.<\/p>\n<p data-start=\"1719\" data-end=\"1913\">Uudista ka meie teisi tooteid <a href=\"https:\/\/kiddoo.ee\/en\/shop\/\">siin<\/a><\/p>","protected":false},"excerpt":{"rendered":"<p>Bambusest vannipon\u0161o lapsele Bambusest vannipon\u0161o on erakordselt pehme, nahas\u00f5bralik ja suurep\u00e4rase imavusega. Bambusest frotee kuivab oluliselt kiiremini kui tavap\u00e4rane puuvill, v\u00e4ltides niiskusest tingitud hallitust. T\u00e4nu antibakteriaalsetele omadustele sobib pon\u0161o ka allergikutele. Luksuslik ja mugav disain Pon\u0161ol on kapuuts, mille k\u00fclge on \u00f5mmeldud armsad k\u00f5rvakesed, silmad ja suu, pakkudes lapsele l\u00f5busat ja turvalist vannikogemust. Kapuuts aitab p\u00e4rast vanni last kiiresti ja pehmesse r\u00e4tikusse m\u00e4hkida, hoides sooja ning kaitstes tuulet\u00f5mbuse eest. Mitmek\u00fclgne kasutus Bambusest vannipon\u0161o sobib igap\u00e4evaseks vannisk\u00e4iguks, basseini \u00e4\u00e4res, saunas, spaas v\u00f5i rannas. T\u00e4nu oma luksuslikule ja kohevile froteele annab see lapsele mugava ja soojendava kogemuse. Kvaliteet ja hooldus Koostis: 100% bambusfrotee M\u00f5\u00f5dud: 60 x 60 cm (+-3cm) Vanus: Sobib alates s\u00fcnnist, parim 1\u20136a Omadused: antibakteriaalne, hallituskindel, UV-kaitse, h\u00fcpoallergeeniline Hooldus: \u00f5rn masinpesu kuni 40\u00b0C, r\u00e4tiku raputamine p\u00e4rast pesu kohevuse taastamiseks Standard: OEKO-TEX\u00ae 100 Class 1 Disain: Eesti disain Ideaalne kingitus Bambusest vannipon\u0161o on pehme, kaunis ja luksuslik, sobides suurep\u00e4raselt kingituseks. Armsa kapuutsiga pon\u0161o teeb iga vannikogemuse meeldivaks ning aitab lapsel tunda end soojas ja kaitstuna. Uudista ka meie teisi tooteid siin<\/p>","protected":false},"featured_media":6229,"template":"","meta":[],"product_brand":[325],"product_cat":[310,309],"product_tag":[],"class_list":{"0":"post-6094","1":"product","2":"type-product","3":"status-publish","4":"has-post-thumbnail","6":"product_brand-kiddoo","7":"product_cat-vanniaeg","8":"product_cat-vanniponso","10":"first","11":"instock","12":"taxable","13":"shipping-taxable","14":"purchasable","15":"product-type-variable"},"yoast_head":"<!-- This site is optimized with the Yoast SEO plugin v27.5 - https:\/\/yoast.com\/product\/yoast-seo-wordpress\/ -->\n<title>Bambusest vannipon\u0161o lapsele -Kiddoo.ee<\/title>\n<meta name=\"description\" content=\"Bambusest vannipon\u0161o lapsele \u2013 kiirelt kuivav, pehme ja antibakteriaalne. Sobib allergikutele, tundlikule nahale ning ideaalne igap\u00e4evaseks vanniks.\" \/>\n<meta name=\"robots\" content=\"index, follow, max-snippet:-1, max-image-preview:large, max-video-preview:-1\" \/>\n<link rel=\"canonical\" href=\"https:\/\/kiddoo.ee\/en\/product\/bambusest-vanniponso-lapsele-pehme-nahasobralik-ja-antibakteriaalne\/\" \/>\n<meta property=\"og:locale\" content=\"en_GB\" \/>\n<meta property=\"og:type\" content=\"article\" \/>\n<meta property=\"og:title\" content=\"Bambusest vannipon\u0161o lapsele -Kiddoo.ee\" \/>\n<meta property=\"og:description\" content=\"Bambusest vannipon\u0161o lapsele \u2013 kiirelt kuivav, pehme ja antibakteriaalne. Sobib allergikutele, tundlikule nahale ning ideaalne igap\u00e4evaseks vanniks.\" \/>\n<meta property=\"og:url\" content=\"https:\/\/kiddoo.ee\/en\/product\/bambusest-vanniponso-lapsele-pehme-nahasobralik-ja-antibakteriaalne\/\" \/>\n<meta property=\"og:site_name\" content=\"Kiddoo\" \/>\n<meta property=\"article:publisher\" content=\"https:\/\/www.facebook.com\/Kiddoo-103191601863440\" \/>\n<meta property=\"article:modified_time\" content=\"2026-04-23T11:17:58+00:00\" \/>\n<meta property=\"og:image\" content=\"https:\/\/www.kiddoo.ee\/wp-content\/uploads\/2025\/09\/IMG_7977-scaled-e1759424231886.jpeg\" \/>\n\t<meta property=\"og:image:width\" content=\"1707\" \/>\n\t<meta property=\"og:image:height\" content=\"1788\" \/>\n\t<meta property=\"og:image:type\" content=\"image\/jpeg\" \/>\n<meta name=\"twitter:card\" content=\"summary_large_image\" \/>\n<meta name=\"twitter:label1\" content=\"Estimated reading time\" \/>\n\t<meta name=\"twitter:data1\" content=\"1 minute\" \/>\n<script type=\"application\/ld+json\" class=\"yoast-schema-graph\">{\"@context\":\"https:\\\/\\\/schema.org\",\"@graph\":[{\"@type\":\"WebPage\",\"@id\":\"https:\\\/\\\/kiddoo.ee\\\/product\\\/bambusest-vanniponso-lapsele-pehme-nahasobralik-ja-antibakteriaalne\\\/\",\"url\":\"https:\\\/\\\/kiddoo.ee\\\/product\\\/bambusest-vanniponso-lapsele-pehme-nahasobralik-ja-antibakteriaalne\\\/\",\"name\":\"Bambusest vannipon\u0161o lapsele -Kiddoo.ee\",\"isPartOf\":{\"@id\":\"http:\\\/\\\/kiddoo.ee\\\/#website\"},\"primaryImageOfPage\":{\"@id\":\"https:\\\/\\\/kiddoo.ee\\\/product\\\/bambusest-vanniponso-lapsele-pehme-nahasobralik-ja-antibakteriaalne\\\/#primaryimage\"},\"image\":{\"@id\":\"https:\\\/\\\/kiddoo.ee\\\/product\\\/bambusest-vanniponso-lapsele-pehme-nahasobralik-ja-antibakteriaalne\\\/#primaryimage\"},\"thumbnailUrl\":\"https:\\\/\\\/www.kiddoo.ee\\\/wp-content\\\/uploads\\\/2025\\\/09\\\/IMG_7977-scaled-e1759424231886.jpeg\",\"datePublished\":\"2025-09-29T20:30:16+00:00\",\"dateModified\":\"2026-04-23T11:17:58+00:00\",\"description\":\"Bambusest vannipon\u0161o lapsele \u2013 kiirelt kuivav, pehme ja antibakteriaalne. Sobib allergikutele, tundlikule nahale ning ideaalne igap\u00e4evaseks vanniks.\",\"breadcrumb\":{\"@id\":\"https:\\\/\\\/kiddoo.ee\\\/product\\\/bambusest-vanniponso-lapsele-pehme-nahasobralik-ja-antibakteriaalne\\\/#breadcrumb\"},\"inLanguage\":\"en-GB\",\"potentialAction\":[{\"@type\":\"ReadAction\",\"target\":[\"https:\\\/\\\/kiddoo.ee\\\/product\\\/bambusest-vanniponso-lapsele-pehme-nahasobralik-ja-antibakteriaalne\\\/\"]}]},{\"@type\":\"ImageObject\",\"inLanguage\":\"en-GB\",\"@id\":\"https:\\\/\\\/kiddoo.ee\\\/product\\\/bambusest-vanniponso-lapsele-pehme-nahasobralik-ja-antibakteriaalne\\\/#primaryimage\",\"url\":\"https:\\\/\\\/www.kiddoo.ee\\\/wp-content\\\/uploads\\\/2025\\\/09\\\/IMG_7977-scaled-e1759424231886.jpeg\",\"contentUrl\":\"https:\\\/\\\/www.kiddoo.ee\\\/wp-content\\\/uploads\\\/2025\\\/09\\\/IMG_7977-scaled-e1759424231886.jpeg\",\"width\":1707,\"height\":1788},{\"@type\":\"BreadcrumbList\",\"@id\":\"https:\\\/\\\/kiddoo.ee\\\/product\\\/bambusest-vanniponso-lapsele-pehme-nahasobralik-ja-antibakteriaalne\\\/#breadcrumb\",\"itemListElement\":[{\"@type\":\"ListItem\",\"position\":1,\"name\":\"Home\",\"item\":\"http:\\\/\\\/kiddoo.ee\\\/\"},{\"@type\":\"ListItem\",\"position\":2,\"name\":\"Pood\",\"item\":\"https:\\\/\\\/kiddoo.ee\\\/en\\\/shop\\\/\"},{\"@type\":\"ListItem\",\"position\":3,\"name\":\"Bambusest vannipon\u0161o lapsele &#8211; pehme, nahas\u00f5bralik ja antibakteriaalne\"}]},{\"@type\":\"WebSite\",\"@id\":\"http:\\\/\\\/kiddoo.ee\\\/#website\",\"url\":\"http:\\\/\\\/kiddoo.ee\\\/\",\"name\":\"Kiddoo\",\"description\":\"Kvaliteet ja Eesti disain sinu lapsele\",\"publisher\":{\"@id\":\"http:\\\/\\\/kiddoo.ee\\\/#organization\"},\"potentialAction\":[{\"@type\":\"SearchAction\",\"target\":{\"@type\":\"EntryPoint\",\"urlTemplate\":\"http:\\\/\\\/kiddoo.ee\\\/?s={search_term_string}\"},\"query-input\":{\"@type\":\"PropertyValueSpecification\",\"valueRequired\":true,\"valueName\":\"search_term_string\"}}],\"inLanguage\":\"en-GB\"},{\"@type\":\"Organization\",\"@id\":\"http:\\\/\\\/kiddoo.ee\\\/#organization\",\"name\":\"Kiddoo\",\"url\":\"http:\\\/\\\/kiddoo.ee\\\/\",\"logo\":{\"@type\":\"ImageObject\",\"inLanguage\":\"en-GB\",\"@id\":\"http:\\\/\\\/kiddoo.ee\\\/#\\\/schema\\\/logo\\\/image\\\/\",\"url\":\"https:\\\/\\\/kiddoo.ee\\\/wp-content\\\/uploads\\\/2021\\\/10\\\/logo-04-scaled.jpg\",\"contentUrl\":\"https:\\\/\\\/kiddoo.ee\\\/wp-content\\\/uploads\\\/2021\\\/10\\\/logo-04-scaled.jpg\",\"width\":2560,\"height\":2560,\"caption\":\"Kiddoo\"},\"image\":{\"@id\":\"http:\\\/\\\/kiddoo.ee\\\/#\\\/schema\\\/logo\\\/image\\\/\"},\"sameAs\":[\"https:\\\/\\\/www.facebook.com\\\/Kiddoo-103191601863440\"]}]}<\/script>\n<!-- \/ Yoast SEO plugin. -->","yoast_head_json":{"title":"Bambusest vannipon\u0161o lapsele -Kiddoo.ee","description":"Bambusest vannipon\u0161o lapsele \u2013 kiirelt kuivav, pehme ja antibakteriaalne. Sobib allergikutele, tundlikule nahale ning ideaalne igap\u00e4evaseks vanniks.","robots":{"index":"index","follow":"follow","max-snippet":"max-snippet:-1","max-image-preview":"max-image-preview:large","max-video-preview":"max-video-preview:-1"},"canonical":"https:\/\/kiddoo.ee\/en\/product\/bambusest-vanniponso-lapsele-pehme-nahasobralik-ja-antibakteriaalne\/","og_locale":"en_GB","og_type":"article","og_title":"Bambusest vannipon\u0161o lapsele -Kiddoo.ee","og_description":"Bambusest vannipon\u0161o lapsele \u2013 kiirelt kuivav, pehme ja antibakteriaalne. Sobib allergikutele, tundlikule nahale ning ideaalne igap\u00e4evaseks vanniks.","og_url":"https:\/\/kiddoo.ee\/en\/product\/bambusest-vanniponso-lapsele-pehme-nahasobralik-ja-antibakteriaalne\/","og_site_name":"Kiddoo","article_publisher":"https:\/\/www.facebook.com\/Kiddoo-103191601863440","article_modified_time":"2026-04-23T11:17:58+00:00","og_image":[{"width":1707,"height":1788,"url":"https:\/\/www.kiddoo.ee\/wp-content\/uploads\/2025\/09\/IMG_7977-scaled-e1759424231886.jpeg","type":"image\/jpeg"}],"twitter_card":"summary_large_image","twitter_misc":{"Estimated reading time":"1 minute"},"schema":{"@context":"https:\/\/schema.org","@graph":[{"@type":"WebPage","@id":"https:\/\/kiddoo.ee\/product\/bambusest-vanniponso-lapsele-pehme-nahasobralik-ja-antibakteriaalne\/","url":"https:\/\/kiddoo.ee\/product\/bambusest-vanniponso-lapsele-pehme-nahasobralik-ja-antibakteriaalne\/","name":"Bambusest vannipon\u0161o lapsele -Kiddoo.ee","isPartOf":{"@id":"http:\/\/kiddoo.ee\/#website"},"primaryImageOfPage":{"@id":"https:\/\/kiddoo.ee\/product\/bambusest-vanniponso-lapsele-pehme-nahasobralik-ja-antibakteriaalne\/#primaryimage"},"image":{"@id":"https:\/\/kiddoo.ee\/product\/bambusest-vanniponso-lapsele-pehme-nahasobralik-ja-antibakteriaalne\/#primaryimage"},"thumbnailUrl":"https:\/\/www.kiddoo.ee\/wp-content\/uploads\/2025\/09\/IMG_7977-scaled-e1759424231886.jpeg","datePublished":"2025-09-29T20:30:16+00:00","dateModified":"2026-04-23T11:17:58+00:00","description":"Bambusest vannipon\u0161o lapsele \u2013 kiirelt kuivav, pehme ja antibakteriaalne. Sobib allergikutele, tundlikule nahale ning ideaalne igap\u00e4evaseks vanniks.","breadcrumb":{"@id":"https:\/\/kiddoo.ee\/product\/bambusest-vanniponso-lapsele-pehme-nahasobralik-ja-antibakteriaalne\/#breadcrumb"},"inLanguage":"en-GB","potentialAction":[{"@type":"ReadAction","target":["https:\/\/kiddoo.ee\/product\/bambusest-vanniponso-lapsele-pehme-nahasobralik-ja-antibakteriaalne\/"]}]},{"@type":"ImageObject","inLanguage":"en-GB","@id":"https:\/\/kiddoo.ee\/product\/bambusest-vanniponso-lapsele-pehme-nahasobralik-ja-antibakteriaalne\/#primaryimage","url":"https:\/\/www.kiddoo.ee\/wp-content\/uploads\/2025\/09\/IMG_7977-scaled-e1759424231886.jpeg","contentUrl":"https:\/\/www.kiddoo.ee\/wp-content\/uploads\/2025\/09\/IMG_7977-scaled-e1759424231886.jpeg","width":1707,"height":1788},{"@type":"BreadcrumbList","@id":"https:\/\/kiddoo.ee\/product\/bambusest-vanniponso-lapsele-pehme-nahasobralik-ja-antibakteriaalne\/#breadcrumb","itemListElement":[{"@type":"ListItem","position":1,"name":"Home","item":"http:\/\/kiddoo.ee\/"},{"@type":"ListItem","position":2,"name":"Pood","item":"https:\/\/kiddoo.ee\/en\/shop\/"},{"@type":"ListItem","position":3,"name":"Bambusest vannipon\u0161o lapsele &#8211; pehme, nahas\u00f5bralik ja antibakteriaalne"}]},{"@type":"WebSite","@id":"http:\/\/kiddoo.ee\/#website","url":"http:\/\/kiddoo.ee\/","name":"Kiddoo","description":"Kvaliteet ja Eesti disain sinu lapsele","publisher":{"@id":"http:\/\/kiddoo.ee\/#organization"},"potentialAction":[{"@type":"SearchAction","target":{"@type":"EntryPoint","urlTemplate":"http:\/\/kiddoo.ee\/?s={search_term_string}"},"query-input":{"@type":"PropertyValueSpecification","valueRequired":true,"valueName":"search_term_string"}}],"inLanguage":"en-GB"},{"@type":"Organization","@id":"http:\/\/kiddoo.ee\/#organization","name":"Kiddoo","url":"http:\/\/kiddoo.ee\/","logo":{"@type":"ImageObject","inLanguage":"en-GB","@id":"http:\/\/kiddoo.ee\/#\/schema\/logo\/image\/","url":"https:\/\/kiddoo.ee\/wp-content\/uploads\/2021\/10\/logo-04-scaled.jpg","contentUrl":"https:\/\/kiddoo.ee\/wp-content\/uploads\/2021\/10\/logo-04-scaled.jpg","width":2560,"height":2560,"caption":"Kiddoo"},"image":{"@id":"http:\/\/kiddoo.ee\/#\/schema\/logo\/image\/"},"sameAs":["https:\/\/www.facebook.com\/Kiddoo-103191601863440"]}]}},"_links":{"self":[{"href":"https:\/\/kiddoo.ee\/en\/wp-json\/wp\/v2\/product\/6094","targetHints":{"allow":["GET"]}}],"collection":[{"href":"https:\/\/kiddoo.ee\/en\/wp-json\/wp\/v2\/product"}],"about":[{"href":"https:\/\/kiddoo.ee\/en\/wp-json\/wp\/v2\/types\/product"}],"wp:featuredmedia":[{"embeddable":true,"href":"https:\/\/kiddoo.ee\/en\/wp-json\/wp\/v2\/media\/6229"}],"wp:attachment":[{"href":"https:\/\/kiddoo.ee\/en\/wp-json\/wp\/v2\/media?parent=6094"}],"wp:term":[{"taxonomy":"product_brand","embeddable":true,"href":"https:\/\/kiddoo.ee\/en\/wp-json\/wp\/v2\/product_brand?post=6094"},{"taxonomy":"product_cat","embeddable":true,"href":"https:\/\/kiddoo.ee\/en\/wp-json\/wp\/v2\/product_cat?post=6094"},{"taxonomy":"product_tag","embeddable":true,"href":"https:\/\/kiddoo.ee\/en\/wp-json\/wp\/v2\/product_tag?post=6094"}],"curies":[{"name":"wp","href":"https:\/\/api.w.org\/{rel}","templated":true}]}}