{"id":6099,"date":"2025-09-29T20:37:00","date_gmt":"2025-09-29T20:37:00","guid":{"rendered":"https:\/\/kiddoo.ee\/?post_type=product&#038;p=6099"},"modified":"2026-03-23T17:17:20","modified_gmt":"2026-03-23T17:17:20","slug":"musliinist-ponso-pehme-ja-nahasobralik-lapsele","status":"publish","type":"product","link":"https:\/\/kiddoo.ee\/en\/product\/musliinist-ponso-pehme-ja-nahasobralik-lapsele\/","title":{"rendered":"Musliinist pon\u0161o \u2013 pehme ja nahas\u00f5bralik lapsele"},"content":{"rendered":"<h2 data-start=\"545\" data-end=\"598\">Musliinist pon\u0161o \u2013 pehme ja nahas\u00f5bralik lapsele<\/h2>\n<p data-start=\"600\" data-end=\"813\">Musliinist pon\u0161o on valmistatud <strong data-start=\"632\" data-end=\"662\">100% puuvillasest musliinist<\/strong>, mis on eriti <strong data-start=\"677\" data-end=\"708\">pehme, imav ja nahas\u00f5bralik<\/strong>. \u00d5huline materjal kuivab kiiresti ning teeb vannisk\u00e4igu v\u00f5i rannapuhkuse lapsele mugavaks ja l\u00f5busaks.<\/p>\n<h3 data-start=\"820\" data-end=\"860\">Praktiline ja mugav igas olukorras<\/h3>\n<p data-start=\"862\" data-end=\"902\">Musliinist pon\u0161o on ideaalne kasutada:<\/p>\n<ul data-start=\"903\" data-end=\"1126\">\n<li data-start=\"903\" data-end=\"971\">\n<p data-start=\"905\" data-end=\"971\"><strong data-start=\"905\" data-end=\"923\">Basseini \u00e4\u00e4res<\/strong> \u2013 laps saab p\u00e4rast ujumist kiiresti sooja<\/p>\n<\/li>\n<li data-start=\"972\" data-end=\"1044\">\n<p data-start=\"974\" data-end=\"1044\"><strong data-start=\"974\" data-end=\"992\">Spas ja saunas<\/strong> \u2013 sooja ja pehmesse pon\u0161osse m\u00e4hkimine on lihtne<\/p>\n<\/li>\n<li data-start=\"1045\" data-end=\"1126\">\n<p data-start=\"1047\" data-end=\"1126\"><strong data-start=\"1047\" data-end=\"1057\">Rannas<\/strong> \u2013 laps saab kuivada ja soojeneda, samal ajal aktiivselt m\u00e4ngides<\/p>\n<\/li>\n<\/ul>\n<p data-start=\"1128\" data-end=\"1199\">Kapuuts lisab lisasoojust ja kaitseb lapse pead tuule ja jaheda eest.<\/p>\n<h3 data-start=\"1206\" data-end=\"1232\">Kvaliteet ja hooldus<\/h3>\n<ul data-start=\"1234\" data-end=\"1520\">\n<li data-start=\"1234\" data-end=\"1274\">\n<p data-start=\"1236\" data-end=\"1274\"><strong data-start=\"1236\" data-end=\"1248\">Fabric:<\/strong> 100% puuvillane musliin<\/p>\n<\/li>\n<li data-start=\"1275\" data-end=\"1330\">\n<p data-start=\"1277\" data-end=\"1330\"><strong data-start=\"1277\" data-end=\"1288\">Dimensions:<\/strong> 60 x 60 cm (+-3 cm), kapuutsi osa 20 cm<\/p>\n<\/li>\n<li data-start=\"1331\" data-end=\"1365\">\n<p data-start=\"1333\" data-end=\"1365\"><strong data-start=\"1333\" data-end=\"1343\">Vanus:<\/strong> ideaalne 1\u20134 aastat<\/p>\n<\/li>\n<li data-start=\"1366\" data-end=\"1405\">\n<p data-start=\"1368\" data-end=\"1405\"><strong data-start=\"1368\" data-end=\"1381\">Standard:<\/strong> OEKO-TEX\u00ae 100 Class 1<\/p>\n<\/li>\n<li data-start=\"1406\" data-end=\"1491\">\n<p data-start=\"1408\" data-end=\"1491\"><strong data-start=\"1408\" data-end=\"1420\">Hooldus:<\/strong> \u00f5rn masinpesu kuni 40\u00b0C, raputada p\u00e4rast pesu \u00f5hulisuse taastamiseks<\/p>\n<\/li>\n<li data-start=\"1492\" data-end=\"1520\">\n<p data-start=\"1494\" data-end=\"1520\"><strong data-start=\"1494\" data-end=\"1505\">Disain:<\/strong> Estonian design<\/p>\n<\/li>\n<\/ul>\n<h3 data-start=\"1527\" data-end=\"1572\">Ideaalne kingitus ja igap\u00e4evane kasutus<\/h3>\n<p data-start=\"1574\" data-end=\"1777\">Musliinist pon\u0161o on pehme, \u00f5huline ja praktiline, sobides igap\u00e4evaseks vanniks, spaasse, basseini v\u00f5i randa. Lapse nahk on kaitstud, pon\u0161o kuivab kiiresti ja teeb igast vannisk\u00e4igust meeldiva kogemuse.<\/p>","protected":false},"excerpt":{"rendered":"<p>Musliinist pon\u0161o \u2013 pehme ja nahas\u00f5bralik lapsele Musliinist pon\u0161o on valmistatud 100% puuvillasest musliinist, mis on eriti pehme, imav ja nahas\u00f5bralik. \u00d5huline materjal kuivab kiiresti ning teeb vannisk\u00e4igu v\u00f5i rannapuhkuse lapsele mugavaks ja l\u00f5busaks. Praktiline ja mugav igas olukorras Musliinist pon\u0161o on ideaalne kasutada: Basseini \u00e4\u00e4res \u2013 laps saab p\u00e4rast ujumist kiiresti sooja Spas ja saunas \u2013 sooja ja pehmesse pon\u0161osse m\u00e4hkimine on lihtne Rannas \u2013 laps saab kuivada ja soojeneda, samal ajal aktiivselt m\u00e4ngides Kapuuts lisab lisasoojust ja kaitseb lapse pead tuule ja jaheda eest. Kvaliteet ja hooldus Koostis: 100% puuvillane musliin M\u00f5\u00f5dud: 60 x 60 cm (+-3 cm), kapuutsi osa 20 cm Vanus: ideaalne 1\u20134 aastat Standard: OEKO-TEX\u00ae 100 Class 1 Hooldus: \u00f5rn masinpesu kuni 40\u00b0C, raputada p\u00e4rast pesu \u00f5hulisuse taastamiseks Disain: Eesti disain Ideaalne kingitus ja igap\u00e4evane kasutus Musliinist pon\u0161o on pehme, \u00f5huline ja praktiline, sobides igap\u00e4evaseks vanniks, spaasse, basseini v\u00f5i randa. Lapse nahk on kaitstud, pon\u0161o kuivab kiiresti ja teeb igast vannisk\u00e4igust meeldiva kogemuse.<\/p>","protected":false},"featured_media":3208,"template":"","meta":[],"product_brand":[],"product_cat":[318,310],"product_tag":[],"class_list":{"0":"post-6099","1":"product","2":"type-product","3":"status-publish","4":"has-post-thumbnail","6":"product_cat-musliinist-ponso","7":"product_cat-vanniaeg","9":"first","10":"instock","11":"taxable","12":"shipping-taxable","13":"purchasable","14":"product-type-variable"},"yoast_head":"<!-- This site is optimized with the Yoast SEO plugin v27.5 - https:\/\/yoast.com\/product\/yoast-seo-wordpress\/ -->\n<title>Musliinist pon\u0161o lapsele - pehme, imav ja nahas\u00f5bralik- Kiddoo.ee<\/title>\n<meta name=\"description\" content=\"Osta musliinist pon\u0161o lapsele \u2013 eriti pehme, nahas\u00f5bralik ja imav. Sobib vanniks, basseini, spaasse v\u00f5i randa. OEKO-TEX\u00ae sertifikaat, Eesti disain.\" \/>\n<meta name=\"robots\" content=\"index, follow, max-snippet:-1, max-image-preview:large, max-video-preview:-1\" \/>\n<link rel=\"canonical\" href=\"https:\/\/kiddoo.ee\/en\/product\/musliinist-ponso-pehme-ja-nahasobralik-lapsele\/\" \/>\n<meta property=\"og:locale\" content=\"en_GB\" \/>\n<meta property=\"og:type\" content=\"article\" \/>\n<meta property=\"og:title\" content=\"Musliinist pon\u0161o lapsele - pehme, imav ja nahas\u00f5bralik- Kiddoo.ee\" \/>\n<meta property=\"og:description\" content=\"Osta musliinist pon\u0161o lapsele \u2013 eriti pehme, nahas\u00f5bralik ja imav. Sobib vanniks, basseini, spaasse v\u00f5i randa. OEKO-TEX\u00ae sertifikaat, Eesti disain.\" \/>\n<meta property=\"og:url\" content=\"https:\/\/kiddoo.ee\/en\/product\/musliinist-ponso-pehme-ja-nahasobralik-lapsele\/\" \/>\n<meta property=\"og:site_name\" content=\"Kiddoo\" \/>\n<meta property=\"article:publisher\" content=\"https:\/\/www.facebook.com\/Kiddoo-103191601863440\" \/>\n<meta property=\"article:modified_time\" content=\"2026-03-23T17:17:20+00:00\" \/>\n<meta property=\"og:image\" content=\"https:\/\/www.kiddoo.ee\/wp-content\/uploads\/2023\/06\/IMG_4705_jpg.jpeg\" \/>\n\t<meta property=\"og:image:width\" content=\"1854\" \/>\n\t<meta property=\"og:image:height\" content=\"1854\" \/>\n\t<meta property=\"og:image:type\" content=\"image\/jpeg\" \/>\n<meta name=\"twitter:card\" content=\"summary_large_image\" \/>\n<meta name=\"twitter:label1\" content=\"Estimated reading time\" \/>\n\t<meta name=\"twitter:data1\" content=\"1 minute\" \/>\n<script type=\"application\/ld+json\" class=\"yoast-schema-graph\">{\"@context\":\"https:\\\/\\\/schema.org\",\"@graph\":[{\"@type\":\"WebPage\",\"@id\":\"https:\\\/\\\/kiddoo.ee\\\/en\\\/product\\\/musliinist-ponso-pehme-ja-nahasobralik-lapsele\\\/\",\"url\":\"https:\\\/\\\/kiddoo.ee\\\/en\\\/product\\\/musliinist-ponso-pehme-ja-nahasobralik-lapsele\\\/\",\"name\":\"Musliinist pon\u0161o lapsele - pehme, imav ja nahas\u00f5bralik- Kiddoo.ee\",\"isPartOf\":{\"@id\":\"http:\\\/\\\/kiddoo.ee\\\/#website\"},\"primaryImageOfPage\":{\"@id\":\"https:\\\/\\\/kiddoo.ee\\\/en\\\/product\\\/musliinist-ponso-pehme-ja-nahasobralik-lapsele\\\/#primaryimage\"},\"image\":{\"@id\":\"https:\\\/\\\/kiddoo.ee\\\/en\\\/product\\\/musliinist-ponso-pehme-ja-nahasobralik-lapsele\\\/#primaryimage\"},\"thumbnailUrl\":\"https:\\\/\\\/kiddoo.ee\\\/wp-content\\\/uploads\\\/2023\\\/06\\\/IMG_4705_jpg.jpeg\",\"datePublished\":\"2025-09-29T20:37:00+00:00\",\"dateModified\":\"2026-03-23T17:17:20+00:00\",\"description\":\"Osta musliinist pon\u0161o lapsele \u2013 eriti pehme, nahas\u00f5bralik ja imav. Sobib vanniks, basseini, spaasse v\u00f5i randa. OEKO-TEX\u00ae sertifikaat, Eesti disain.\",\"breadcrumb\":{\"@id\":\"https:\\\/\\\/kiddoo.ee\\\/en\\\/product\\\/musliinist-ponso-pehme-ja-nahasobralik-lapsele\\\/#breadcrumb\"},\"inLanguage\":\"en-GB\",\"potentialAction\":[{\"@type\":\"ReadAction\",\"target\":[\"https:\\\/\\\/kiddoo.ee\\\/en\\\/product\\\/musliinist-ponso-pehme-ja-nahasobralik-lapsele\\\/\"]}]},{\"@type\":\"ImageObject\",\"inLanguage\":\"en-GB\",\"@id\":\"https:\\\/\\\/kiddoo.ee\\\/en\\\/product\\\/musliinist-ponso-pehme-ja-nahasobralik-lapsele\\\/#primaryimage\",\"url\":\"https:\\\/\\\/kiddoo.ee\\\/wp-content\\\/uploads\\\/2023\\\/06\\\/IMG_4705_jpg.jpeg\",\"contentUrl\":\"https:\\\/\\\/kiddoo.ee\\\/wp-content\\\/uploads\\\/2023\\\/06\\\/IMG_4705_jpg.jpeg\",\"width\":1854,\"height\":1854},{\"@type\":\"BreadcrumbList\",\"@id\":\"https:\\\/\\\/kiddoo.ee\\\/en\\\/product\\\/musliinist-ponso-pehme-ja-nahasobralik-lapsele\\\/#breadcrumb\",\"itemListElement\":[{\"@type\":\"ListItem\",\"position\":1,\"name\":\"Home\",\"item\":\"http:\\\/\\\/kiddoo.ee\\\/\"},{\"@type\":\"ListItem\",\"position\":2,\"name\":\"Pood\",\"item\":\"https:\\\/\\\/kiddoo.ee\\\/en\\\/shop\\\/\"},{\"@type\":\"ListItem\",\"position\":3,\"name\":\"Musliinist pon\u0161o \u2013 pehme ja nahas\u00f5bralik lapsele\"}]},{\"@type\":\"WebSite\",\"@id\":\"http:\\\/\\\/kiddoo.ee\\\/#website\",\"url\":\"http:\\\/\\\/kiddoo.ee\\\/\",\"name\":\"Kiddoo\",\"description\":\"Kvaliteet ja Eesti disain sinu lapsele\",\"publisher\":{\"@id\":\"http:\\\/\\\/kiddoo.ee\\\/#organization\"},\"potentialAction\":[{\"@type\":\"SearchAction\",\"target\":{\"@type\":\"EntryPoint\",\"urlTemplate\":\"http:\\\/\\\/kiddoo.ee\\\/?s={search_term_string}\"},\"query-input\":{\"@type\":\"PropertyValueSpecification\",\"valueRequired\":true,\"valueName\":\"search_term_string\"}}],\"inLanguage\":\"en-GB\"},{\"@type\":\"Organization\",\"@id\":\"http:\\\/\\\/kiddoo.ee\\\/#organization\",\"name\":\"Kiddoo\",\"url\":\"http:\\\/\\\/kiddoo.ee\\\/\",\"logo\":{\"@type\":\"ImageObject\",\"inLanguage\":\"en-GB\",\"@id\":\"http:\\\/\\\/kiddoo.ee\\\/#\\\/schema\\\/logo\\\/image\\\/\",\"url\":\"https:\\\/\\\/kiddoo.ee\\\/wp-content\\\/uploads\\\/2021\\\/10\\\/logo-04-scaled.jpg\",\"contentUrl\":\"https:\\\/\\\/kiddoo.ee\\\/wp-content\\\/uploads\\\/2021\\\/10\\\/logo-04-scaled.jpg\",\"width\":2560,\"height\":2560,\"caption\":\"Kiddoo\"},\"image\":{\"@id\":\"http:\\\/\\\/kiddoo.ee\\\/#\\\/schema\\\/logo\\\/image\\\/\"},\"sameAs\":[\"https:\\\/\\\/www.facebook.com\\\/Kiddoo-103191601863440\"]}]}<\/script>\n<!-- \/ Yoast SEO plugin. -->","yoast_head_json":{"title":"Musliinist pon\u0161o lapsele - pehme, imav ja nahas\u00f5bralik- Kiddoo.ee","description":"Osta musliinist pon\u0161o lapsele \u2013 eriti pehme, nahas\u00f5bralik ja imav. Sobib vanniks, basseini, spaasse v\u00f5i randa. OEKO-TEX\u00ae sertifikaat, Eesti disain.","robots":{"index":"index","follow":"follow","max-snippet":"max-snippet:-1","max-image-preview":"max-image-preview:large","max-video-preview":"max-video-preview:-1"},"canonical":"https:\/\/kiddoo.ee\/en\/product\/musliinist-ponso-pehme-ja-nahasobralik-lapsele\/","og_locale":"en_GB","og_type":"article","og_title":"Musliinist pon\u0161o lapsele - pehme, imav ja nahas\u00f5bralik- Kiddoo.ee","og_description":"Osta musliinist pon\u0161o lapsele \u2013 eriti pehme, nahas\u00f5bralik ja imav. Sobib vanniks, basseini, spaasse v\u00f5i randa. OEKO-TEX\u00ae sertifikaat, Eesti disain.","og_url":"https:\/\/kiddoo.ee\/en\/product\/musliinist-ponso-pehme-ja-nahasobralik-lapsele\/","og_site_name":"Kiddoo","article_publisher":"https:\/\/www.facebook.com\/Kiddoo-103191601863440","article_modified_time":"2026-03-23T17:17:20+00:00","og_image":[{"width":1854,"height":1854,"url":"https:\/\/www.kiddoo.ee\/wp-content\/uploads\/2023\/06\/IMG_4705_jpg.jpeg","type":"image\/jpeg"}],"twitter_card":"summary_large_image","twitter_misc":{"Estimated reading time":"1 minute"},"schema":{"@context":"https:\/\/schema.org","@graph":[{"@type":"WebPage","@id":"https:\/\/kiddoo.ee\/en\/product\/musliinist-ponso-pehme-ja-nahasobralik-lapsele\/","url":"https:\/\/kiddoo.ee\/en\/product\/musliinist-ponso-pehme-ja-nahasobralik-lapsele\/","name":"Musliinist pon\u0161o lapsele - pehme, imav ja nahas\u00f5bralik- Kiddoo.ee","isPartOf":{"@id":"http:\/\/kiddoo.ee\/#website"},"primaryImageOfPage":{"@id":"https:\/\/kiddoo.ee\/en\/product\/musliinist-ponso-pehme-ja-nahasobralik-lapsele\/#primaryimage"},"image":{"@id":"https:\/\/kiddoo.ee\/en\/product\/musliinist-ponso-pehme-ja-nahasobralik-lapsele\/#primaryimage"},"thumbnailUrl":"https:\/\/kiddoo.ee\/wp-content\/uploads\/2023\/06\/IMG_4705_jpg.jpeg","datePublished":"2025-09-29T20:37:00+00:00","dateModified":"2026-03-23T17:17:20+00:00","description":"Osta musliinist pon\u0161o lapsele \u2013 eriti pehme, nahas\u00f5bralik ja imav. Sobib vanniks, basseini, spaasse v\u00f5i randa. OEKO-TEX\u00ae sertifikaat, Eesti disain.","breadcrumb":{"@id":"https:\/\/kiddoo.ee\/en\/product\/musliinist-ponso-pehme-ja-nahasobralik-lapsele\/#breadcrumb"},"inLanguage":"en-GB","potentialAction":[{"@type":"ReadAction","target":["https:\/\/kiddoo.ee\/en\/product\/musliinist-ponso-pehme-ja-nahasobralik-lapsele\/"]}]},{"@type":"ImageObject","inLanguage":"en-GB","@id":"https:\/\/kiddoo.ee\/en\/product\/musliinist-ponso-pehme-ja-nahasobralik-lapsele\/#primaryimage","url":"https:\/\/kiddoo.ee\/wp-content\/uploads\/2023\/06\/IMG_4705_jpg.jpeg","contentUrl":"https:\/\/kiddoo.ee\/wp-content\/uploads\/2023\/06\/IMG_4705_jpg.jpeg","width":1854,"height":1854},{"@type":"BreadcrumbList","@id":"https:\/\/kiddoo.ee\/en\/product\/musliinist-ponso-pehme-ja-nahasobralik-lapsele\/#breadcrumb","itemListElement":[{"@type":"ListItem","position":1,"name":"Home","item":"http:\/\/kiddoo.ee\/"},{"@type":"ListItem","position":2,"name":"Pood","item":"https:\/\/kiddoo.ee\/en\/shop\/"},{"@type":"ListItem","position":3,"name":"Musliinist pon\u0161o \u2013 pehme ja nahas\u00f5bralik lapsele"}]},{"@type":"WebSite","@id":"http:\/\/kiddoo.ee\/#website","url":"http:\/\/kiddoo.ee\/","name":"Kiddoo","description":"Kvaliteet ja Eesti disain sinu lapsele","publisher":{"@id":"http:\/\/kiddoo.ee\/#organization"},"potentialAction":[{"@type":"SearchAction","target":{"@type":"EntryPoint","urlTemplate":"http:\/\/kiddoo.ee\/?s={search_term_string}"},"query-input":{"@type":"PropertyValueSpecification","valueRequired":true,"valueName":"search_term_string"}}],"inLanguage":"en-GB"},{"@type":"Organization","@id":"http:\/\/kiddoo.ee\/#organization","name":"Kiddoo","url":"http:\/\/kiddoo.ee\/","logo":{"@type":"ImageObject","inLanguage":"en-GB","@id":"http:\/\/kiddoo.ee\/#\/schema\/logo\/image\/","url":"https:\/\/kiddoo.ee\/wp-content\/uploads\/2021\/10\/logo-04-scaled.jpg","contentUrl":"https:\/\/kiddoo.ee\/wp-content\/uploads\/2021\/10\/logo-04-scaled.jpg","width":2560,"height":2560,"caption":"Kiddoo"},"image":{"@id":"http:\/\/kiddoo.ee\/#\/schema\/logo\/image\/"},"sameAs":["https:\/\/www.facebook.com\/Kiddoo-103191601863440"]}]}},"_links":{"self":[{"href":"https:\/\/kiddoo.ee\/en\/wp-json\/wp\/v2\/product\/6099","targetHints":{"allow":["GET"]}}],"collection":[{"href":"https:\/\/kiddoo.ee\/en\/wp-json\/wp\/v2\/product"}],"about":[{"href":"https:\/\/kiddoo.ee\/en\/wp-json\/wp\/v2\/types\/product"}],"wp:featuredmedia":[{"embeddable":true,"href":"https:\/\/kiddoo.ee\/en\/wp-json\/wp\/v2\/media\/3208"}],"wp:attachment":[{"href":"https:\/\/kiddoo.ee\/en\/wp-json\/wp\/v2\/media?parent=6099"}],"wp:term":[{"taxonomy":"product_brand","embeddable":true,"href":"https:\/\/kiddoo.ee\/en\/wp-json\/wp\/v2\/product_brand?post=6099"},{"taxonomy":"product_cat","embeddable":true,"href":"https:\/\/kiddoo.ee\/en\/wp-json\/wp\/v2\/product_cat?post=6099"},{"taxonomy":"product_tag","embeddable":true,"href":"https:\/\/kiddoo.ee\/en\/wp-json\/wp\/v2\/product_tag?post=6099"}],"curies":[{"name":"wp","href":"https:\/\/api.w.org\/{rel}","templated":true}]}}