{"id":6112,"date":"2025-09-29T21:08:39","date_gmt":"2025-09-29T21:08:39","guid":{"rendered":"https:\/\/kiddoo.ee\/?post_type=product&#038;p=6112"},"modified":"2026-04-19T18:51:08","modified_gmt":"2026-04-19T18:51:08","slug":"joogipudel-lapsele-350ml-ohutu-silikoonist-ja-disainitud-eestis","status":"publish","type":"product","link":"https:\/\/kiddoo.ee\/en\/product\/joogipudel-lapsele-350ml-ohutu-silikoonist-ja-disainitud-eestis\/","title":{"rendered":"Joogipudel lapsele 350ml \u2013 praktiline ja ohutu"},"content":{"rendered":"<h2 data-start=\"530\" data-end=\"566\">Turvaline ja praktiline lapsele<\/h2>\n<p data-start=\"567\" data-end=\"825\">Silikoonist joogipudel on spetsiaalselt disainitud v\u00e4ikeste laste vajadusi silmas pidades. Pudel ei libise ning t\u00e4nu nurgelisele kujule ei veere, muutes joomise lihtsaks ja turvaliseks. Ideaalne igap\u00e4evaseks kasutamiseks kodus, lasteaias v\u00f5i v\u00e4ljas\u00f5itudel.<\/p>\n<h2 data-start=\"827\" data-end=\"860\">Vastupidav ja ohutu materjal<\/h2>\n<ul data-start=\"861\" data-end=\"1221\">\n<li data-start=\"861\" data-end=\"922\">\n<p data-start=\"863\" data-end=\"922\"><strong data-start=\"863\" data-end=\"876\">Materjal:<\/strong> 100% silikoon, r\u00e4nidioksiid alusmaterjalina<\/p>\n<\/li>\n<li data-start=\"923\" data-end=\"985\">\n<p data-start=\"925\" data-end=\"985\">Ei sisalda m\u00fcrgiseid kemikaale ega naftap\u00f5hiseid plastikke<\/p>\n<\/li>\n<li data-start=\"986\" data-end=\"1025\">\n<p data-start=\"988\" data-end=\"1025\">Ei k\u00fclmene ega kuumene v\u00e4ljastpoolt<\/p>\n<\/li>\n<li data-start=\"1026\" data-end=\"1089\">\n<p data-start=\"1028\" data-end=\"1089\">Keskkonnas\u00f5bralik, ei eralda mikroplasti ega metall\u00fchendeid<\/p>\n<\/li>\n<li data-start=\"1090\" data-end=\"1131\">\n<p data-start=\"1092\" data-end=\"1131\">Talub k\u00f5rget kuumust, k\u00fclma ja survet<\/p>\n<\/li>\n<li data-start=\"1132\" data-end=\"1171\">\n<p data-start=\"1134\" data-end=\"1171\">Ei purune ega tekita l\u00e4rmi kukkudes<\/p>\n<\/li>\n<li data-start=\"1172\" data-end=\"1221\">\n<p data-start=\"1174\" data-end=\"1221\">Kasutamisel alati vajalik vanemlik j\u00e4relvalve<\/p>\n<\/li>\n<\/ul>\n<h2 data-start=\"1223\" data-end=\"1259\">Praktilised omadused ja hooldus<\/h2>\n<ul data-start=\"1260\" data-end=\"1457\">\n<li data-start=\"1260\" data-end=\"1285\">\n<p data-start=\"1262\" data-end=\"1285\"><strong data-start=\"1262\" data-end=\"1276\">Mahutavus:<\/strong> 350 ml<\/p>\n<\/li>\n<li data-start=\"1286\" data-end=\"1343\">\n<p data-start=\"1288\" data-end=\"1343\">Can be put into the microwave and dishwasher<\/p>\n<\/li>\n<li data-start=\"1344\" data-end=\"1406\">\n<p data-start=\"1346\" data-end=\"1406\">Ergonomiline ja libisemiskindel disain v\u00e4ikeste k\u00e4te jaoks<\/p>\n<\/li>\n<li data-start=\"1407\" data-end=\"1457\">\n<p data-start=\"1409\" data-end=\"1457\">Sobib igap\u00e4evaseks joomiseks ja v\u00e4ljas\u00f5itudeks<\/p>\n<\/li>\n<\/ul>","protected":false},"excerpt":{"rendered":"<p>Turvaline ja praktiline lapsele Silikoonist joogipudel on spetsiaalselt disainitud v\u00e4ikeste laste vajadusi silmas pidades. Pudel ei libise ning t\u00e4nu nurgelisele kujule ei veere, muutes joomise lihtsaks ja turvaliseks. Ideaalne igap\u00e4evaseks kasutamiseks kodus, lasteaias v\u00f5i v\u00e4ljas\u00f5itudel. Vastupidav ja ohutu materjal Materjal: 100% silikoon, r\u00e4nidioksiid alusmaterjalina Ei sisalda m\u00fcrgiseid kemikaale ega naftap\u00f5hiseid plastikke Ei k\u00fclmene ega kuumene v\u00e4ljastpoolt Keskkonnas\u00f5bralik, ei eralda mikroplasti ega metall\u00fchendeid Talub k\u00f5rget kuumust, k\u00fclma ja survet Ei purune ega tekita l\u00e4rmi kukkudes Kasutamisel alati vajalik vanemlik j\u00e4relvalve Praktilised omadused ja hooldus Mahutavus: 350 ml V\u00f5ib asetada mikrolaineahju ja pesta n\u00f5udepesumasinas Ergonomiline ja libisemiskindel disain v\u00e4ikeste k\u00e4te jaoks Sobib igap\u00e4evaseks joomiseks ja v\u00e4ljas\u00f5itudeks<\/p>","protected":false},"featured_media":3063,"template":"","meta":[],"product_brand":[],"product_cat":[315,41],"product_tag":[],"class_list":{"0":"post-6112","1":"product","2":"type-product","3":"status-publish","4":"has-post-thumbnail","6":"product_cat-joogipudel","7":"product_cat-soogiaeg","9":"first","10":"instock","11":"taxable","12":"shipping-taxable","13":"purchasable","14":"product-type-variable"},"yoast_head":"<!-- This site is optimized with the Yoast SEO plugin v27.5 - https:\/\/yoast.com\/product\/yoast-seo-wordpress\/ -->\n<title>Joogipudel lapsele 350ml \u2013 ohutu, silikoonist ja disainitud Eestis<\/title>\n<meta name=\"description\" content=\"Ohutu 350ml joogipudel lapsele, 100% silikoonist, libisemiskindel ja vastupidav. Disainitud Eestis, sobib mikrolaineahju ja n\u00f5udepesumasinasse.\" \/>\n<meta name=\"robots\" content=\"index, follow, max-snippet:-1, max-image-preview:large, max-video-preview:-1\" \/>\n<link rel=\"canonical\" href=\"https:\/\/kiddoo.ee\/en\/product\/joogipudel-lapsele-350ml-ohutu-silikoonist-ja-disainitud-eestis\/\" \/>\n<meta property=\"og:locale\" content=\"en_GB\" \/>\n<meta property=\"og:type\" content=\"article\" \/>\n<meta property=\"og:title\" content=\"Joogipudel lapsele 350ml \u2013 ohutu, silikoonist ja disainitud Eestis\" \/>\n<meta property=\"og:description\" content=\"Ohutu 350ml joogipudel lapsele, 100% silikoonist, libisemiskindel ja vastupidav. Disainitud Eestis, sobib mikrolaineahju ja n\u00f5udepesumasinasse.\" \/>\n<meta property=\"og:url\" content=\"https:\/\/kiddoo.ee\/en\/product\/joogipudel-lapsele-350ml-ohutu-silikoonist-ja-disainitud-eestis\/\" \/>\n<meta property=\"og:site_name\" content=\"Kiddoo\" \/>\n<meta property=\"article:publisher\" content=\"https:\/\/www.facebook.com\/Kiddoo-103191601863440\" \/>\n<meta property=\"article:modified_time\" content=\"2026-04-19T18:51:08+00:00\" \/>\n<meta property=\"og:image\" content=\"https:\/\/www.kiddoo.ee\/wp-content\/uploads\/2023\/04\/3B28BEAC-ADAA-4169-BF1C-9853EFF0B50D.jpeg\" \/>\n\t<meta property=\"og:image:width\" content=\"1679\" \/>\n\t<meta property=\"og:image:height\" content=\"1679\" \/>\n\t<meta property=\"og:image:type\" content=\"image\/jpeg\" \/>\n<meta name=\"twitter:card\" content=\"summary_large_image\" \/>\n<meta name=\"twitter:label1\" content=\"Estimated reading time\" \/>\n\t<meta name=\"twitter:data1\" content=\"1 minute\" \/>\n<script type=\"application\/ld+json\" class=\"yoast-schema-graph\">{\"@context\":\"https:\\\/\\\/schema.org\",\"@graph\":[{\"@type\":\"WebPage\",\"@id\":\"https:\\\/\\\/kiddoo.ee\\\/product\\\/joogipudel-lapsele-350ml-ohutu-silikoonist-ja-disainitud-eestis\\\/\",\"url\":\"https:\\\/\\\/kiddoo.ee\\\/product\\\/joogipudel-lapsele-350ml-ohutu-silikoonist-ja-disainitud-eestis\\\/\",\"name\":\"Joogipudel lapsele 350ml \u2013 ohutu, silikoonist ja disainitud Eestis\",\"isPartOf\":{\"@id\":\"http:\\\/\\\/kiddoo.ee\\\/#website\"},\"primaryImageOfPage\":{\"@id\":\"https:\\\/\\\/kiddoo.ee\\\/product\\\/joogipudel-lapsele-350ml-ohutu-silikoonist-ja-disainitud-eestis\\\/#primaryimage\"},\"image\":{\"@id\":\"https:\\\/\\\/kiddoo.ee\\\/product\\\/joogipudel-lapsele-350ml-ohutu-silikoonist-ja-disainitud-eestis\\\/#primaryimage\"},\"thumbnailUrl\":\"https:\\\/\\\/kiddoo.ee\\\/wp-content\\\/uploads\\\/2023\\\/04\\\/3B28BEAC-ADAA-4169-BF1C-9853EFF0B50D.jpeg\",\"datePublished\":\"2025-09-29T21:08:39+00:00\",\"dateModified\":\"2026-04-19T18:51:08+00:00\",\"description\":\"Ohutu 350ml joogipudel lapsele, 100% silikoonist, libisemiskindel ja vastupidav. Disainitud Eestis, sobib mikrolaineahju ja n\u00f5udepesumasinasse.\",\"breadcrumb\":{\"@id\":\"https:\\\/\\\/kiddoo.ee\\\/product\\\/joogipudel-lapsele-350ml-ohutu-silikoonist-ja-disainitud-eestis\\\/#breadcrumb\"},\"inLanguage\":\"en-GB\",\"potentialAction\":[{\"@type\":\"ReadAction\",\"target\":[\"https:\\\/\\\/kiddoo.ee\\\/product\\\/joogipudel-lapsele-350ml-ohutu-silikoonist-ja-disainitud-eestis\\\/\"]}]},{\"@type\":\"ImageObject\",\"inLanguage\":\"en-GB\",\"@id\":\"https:\\\/\\\/kiddoo.ee\\\/product\\\/joogipudel-lapsele-350ml-ohutu-silikoonist-ja-disainitud-eestis\\\/#primaryimage\",\"url\":\"https:\\\/\\\/kiddoo.ee\\\/wp-content\\\/uploads\\\/2023\\\/04\\\/3B28BEAC-ADAA-4169-BF1C-9853EFF0B50D.jpeg\",\"contentUrl\":\"https:\\\/\\\/kiddoo.ee\\\/wp-content\\\/uploads\\\/2023\\\/04\\\/3B28BEAC-ADAA-4169-BF1C-9853EFF0B50D.jpeg\",\"width\":1679,\"height\":1679},{\"@type\":\"BreadcrumbList\",\"@id\":\"https:\\\/\\\/kiddoo.ee\\\/product\\\/joogipudel-lapsele-350ml-ohutu-silikoonist-ja-disainitud-eestis\\\/#breadcrumb\",\"itemListElement\":[{\"@type\":\"ListItem\",\"position\":1,\"name\":\"Home\",\"item\":\"http:\\\/\\\/kiddoo.ee\\\/\"},{\"@type\":\"ListItem\",\"position\":2,\"name\":\"Pood\",\"item\":\"https:\\\/\\\/kiddoo.ee\\\/en\\\/shop\\\/\"},{\"@type\":\"ListItem\",\"position\":3,\"name\":\"Joogipudel lapsele 350ml \u2013 praktiline ja ohutu\"}]},{\"@type\":\"WebSite\",\"@id\":\"http:\\\/\\\/kiddoo.ee\\\/#website\",\"url\":\"http:\\\/\\\/kiddoo.ee\\\/\",\"name\":\"Kiddoo\",\"description\":\"Kvaliteet ja Eesti disain sinu lapsele\",\"publisher\":{\"@id\":\"http:\\\/\\\/kiddoo.ee\\\/#organization\"},\"potentialAction\":[{\"@type\":\"SearchAction\",\"target\":{\"@type\":\"EntryPoint\",\"urlTemplate\":\"http:\\\/\\\/kiddoo.ee\\\/?s={search_term_string}\"},\"query-input\":{\"@type\":\"PropertyValueSpecification\",\"valueRequired\":true,\"valueName\":\"search_term_string\"}}],\"inLanguage\":\"en-GB\"},{\"@type\":\"Organization\",\"@id\":\"http:\\\/\\\/kiddoo.ee\\\/#organization\",\"name\":\"Kiddoo\",\"url\":\"http:\\\/\\\/kiddoo.ee\\\/\",\"logo\":{\"@type\":\"ImageObject\",\"inLanguage\":\"en-GB\",\"@id\":\"http:\\\/\\\/kiddoo.ee\\\/#\\\/schema\\\/logo\\\/image\\\/\",\"url\":\"https:\\\/\\\/kiddoo.ee\\\/wp-content\\\/uploads\\\/2021\\\/10\\\/logo-04-scaled.jpg\",\"contentUrl\":\"https:\\\/\\\/kiddoo.ee\\\/wp-content\\\/uploads\\\/2021\\\/10\\\/logo-04-scaled.jpg\",\"width\":2560,\"height\":2560,\"caption\":\"Kiddoo\"},\"image\":{\"@id\":\"http:\\\/\\\/kiddoo.ee\\\/#\\\/schema\\\/logo\\\/image\\\/\"},\"sameAs\":[\"https:\\\/\\\/www.facebook.com\\\/Kiddoo-103191601863440\"]}]}<\/script>\n<!-- \/ Yoast SEO plugin. -->","yoast_head_json":{"title":"Joogipudel lapsele 350ml \u2013 ohutu, silikoonist ja disainitud Eestis","description":"Ohutu 350ml joogipudel lapsele, 100% silikoonist, libisemiskindel ja vastupidav. Disainitud Eestis, sobib mikrolaineahju ja n\u00f5udepesumasinasse.","robots":{"index":"index","follow":"follow","max-snippet":"max-snippet:-1","max-image-preview":"max-image-preview:large","max-video-preview":"max-video-preview:-1"},"canonical":"https:\/\/kiddoo.ee\/en\/product\/joogipudel-lapsele-350ml-ohutu-silikoonist-ja-disainitud-eestis\/","og_locale":"en_GB","og_type":"article","og_title":"Joogipudel lapsele 350ml \u2013 ohutu, silikoonist ja disainitud Eestis","og_description":"Ohutu 350ml joogipudel lapsele, 100% silikoonist, libisemiskindel ja vastupidav. Disainitud Eestis, sobib mikrolaineahju ja n\u00f5udepesumasinasse.","og_url":"https:\/\/kiddoo.ee\/en\/product\/joogipudel-lapsele-350ml-ohutu-silikoonist-ja-disainitud-eestis\/","og_site_name":"Kiddoo","article_publisher":"https:\/\/www.facebook.com\/Kiddoo-103191601863440","article_modified_time":"2026-04-19T18:51:08+00:00","og_image":[{"width":1679,"height":1679,"url":"https:\/\/www.kiddoo.ee\/wp-content\/uploads\/2023\/04\/3B28BEAC-ADAA-4169-BF1C-9853EFF0B50D.jpeg","type":"image\/jpeg"}],"twitter_card":"summary_large_image","twitter_misc":{"Estimated reading time":"1 minute"},"schema":{"@context":"https:\/\/schema.org","@graph":[{"@type":"WebPage","@id":"https:\/\/kiddoo.ee\/product\/joogipudel-lapsele-350ml-ohutu-silikoonist-ja-disainitud-eestis\/","url":"https:\/\/kiddoo.ee\/product\/joogipudel-lapsele-350ml-ohutu-silikoonist-ja-disainitud-eestis\/","name":"Joogipudel lapsele 350ml \u2013 ohutu, silikoonist ja disainitud Eestis","isPartOf":{"@id":"http:\/\/kiddoo.ee\/#website"},"primaryImageOfPage":{"@id":"https:\/\/kiddoo.ee\/product\/joogipudel-lapsele-350ml-ohutu-silikoonist-ja-disainitud-eestis\/#primaryimage"},"image":{"@id":"https:\/\/kiddoo.ee\/product\/joogipudel-lapsele-350ml-ohutu-silikoonist-ja-disainitud-eestis\/#primaryimage"},"thumbnailUrl":"https:\/\/kiddoo.ee\/wp-content\/uploads\/2023\/04\/3B28BEAC-ADAA-4169-BF1C-9853EFF0B50D.jpeg","datePublished":"2025-09-29T21:08:39+00:00","dateModified":"2026-04-19T18:51:08+00:00","description":"Ohutu 350ml joogipudel lapsele, 100% silikoonist, libisemiskindel ja vastupidav. Disainitud Eestis, sobib mikrolaineahju ja n\u00f5udepesumasinasse.","breadcrumb":{"@id":"https:\/\/kiddoo.ee\/product\/joogipudel-lapsele-350ml-ohutu-silikoonist-ja-disainitud-eestis\/#breadcrumb"},"inLanguage":"en-GB","potentialAction":[{"@type":"ReadAction","target":["https:\/\/kiddoo.ee\/product\/joogipudel-lapsele-350ml-ohutu-silikoonist-ja-disainitud-eestis\/"]}]},{"@type":"ImageObject","inLanguage":"en-GB","@id":"https:\/\/kiddoo.ee\/product\/joogipudel-lapsele-350ml-ohutu-silikoonist-ja-disainitud-eestis\/#primaryimage","url":"https:\/\/kiddoo.ee\/wp-content\/uploads\/2023\/04\/3B28BEAC-ADAA-4169-BF1C-9853EFF0B50D.jpeg","contentUrl":"https:\/\/kiddoo.ee\/wp-content\/uploads\/2023\/04\/3B28BEAC-ADAA-4169-BF1C-9853EFF0B50D.jpeg","width":1679,"height":1679},{"@type":"BreadcrumbList","@id":"https:\/\/kiddoo.ee\/product\/joogipudel-lapsele-350ml-ohutu-silikoonist-ja-disainitud-eestis\/#breadcrumb","itemListElement":[{"@type":"ListItem","position":1,"name":"Home","item":"http:\/\/kiddoo.ee\/"},{"@type":"ListItem","position":2,"name":"Pood","item":"https:\/\/kiddoo.ee\/en\/shop\/"},{"@type":"ListItem","position":3,"name":"Joogipudel lapsele 350ml \u2013 praktiline ja ohutu"}]},{"@type":"WebSite","@id":"http:\/\/kiddoo.ee\/#website","url":"http:\/\/kiddoo.ee\/","name":"Kiddoo","description":"Kvaliteet ja Eesti disain sinu lapsele","publisher":{"@id":"http:\/\/kiddoo.ee\/#organization"},"potentialAction":[{"@type":"SearchAction","target":{"@type":"EntryPoint","urlTemplate":"http:\/\/kiddoo.ee\/?s={search_term_string}"},"query-input":{"@type":"PropertyValueSpecification","valueRequired":true,"valueName":"search_term_string"}}],"inLanguage":"en-GB"},{"@type":"Organization","@id":"http:\/\/kiddoo.ee\/#organization","name":"Kiddoo","url":"http:\/\/kiddoo.ee\/","logo":{"@type":"ImageObject","inLanguage":"en-GB","@id":"http:\/\/kiddoo.ee\/#\/schema\/logo\/image\/","url":"https:\/\/kiddoo.ee\/wp-content\/uploads\/2021\/10\/logo-04-scaled.jpg","contentUrl":"https:\/\/kiddoo.ee\/wp-content\/uploads\/2021\/10\/logo-04-scaled.jpg","width":2560,"height":2560,"caption":"Kiddoo"},"image":{"@id":"http:\/\/kiddoo.ee\/#\/schema\/logo\/image\/"},"sameAs":["https:\/\/www.facebook.com\/Kiddoo-103191601863440"]}]}},"_links":{"self":[{"href":"https:\/\/kiddoo.ee\/en\/wp-json\/wp\/v2\/product\/6112","targetHints":{"allow":["GET"]}}],"collection":[{"href":"https:\/\/kiddoo.ee\/en\/wp-json\/wp\/v2\/product"}],"about":[{"href":"https:\/\/kiddoo.ee\/en\/wp-json\/wp\/v2\/types\/product"}],"wp:featuredmedia":[{"embeddable":true,"href":"https:\/\/kiddoo.ee\/en\/wp-json\/wp\/v2\/media\/3063"}],"wp:attachment":[{"href":"https:\/\/kiddoo.ee\/en\/wp-json\/wp\/v2\/media?parent=6112"}],"wp:term":[{"taxonomy":"product_brand","embeddable":true,"href":"https:\/\/kiddoo.ee\/en\/wp-json\/wp\/v2\/product_brand?post=6112"},{"taxonomy":"product_cat","embeddable":true,"href":"https:\/\/kiddoo.ee\/en\/wp-json\/wp\/v2\/product_cat?post=6112"},{"taxonomy":"product_tag","embeddable":true,"href":"https:\/\/kiddoo.ee\/en\/wp-json\/wp\/v2\/product_tag?post=6112"}],"curies":[{"name":"wp","href":"https:\/\/api.w.org\/{rel}","templated":true}]}}