{"id":6142,"date":"2025-09-29T21:44:15","date_gmt":"2025-09-29T21:44:15","guid":{"rendered":"https:\/\/www.kiddoo.ee\/?post_type=product&#038;p=6142"},"modified":"2026-03-23T17:16:03","modified_gmt":"2026-03-23T17:16:03","slug":"lutikett-lapsele-ohutu-silikoonist-ja-kasitoona-eestis","status":"publish","type":"product","link":"https:\/\/kiddoo.ee\/en\/product\/lutikett-lapsele-ohutu-silikoonist-ja-kasitoona-eestis\/","title":{"rendered":"Lutikett beebile \u2013 valmistatud k\u00e4sit\u00f6\u00f6na Eestis"},"content":{"rendered":"<p data-start=\"600\" data-end=\"1064\">Lutikett on valmistatud <strong data-start=\"624\" data-end=\"644\">k\u00e4sit\u00f6\u00f6na Eestis<\/strong> ning spetsiaalselt lapse turvalisust ja mugavust silmas pidades. Tooted on valmistatud <strong data-start=\"732\" data-end=\"796\">toidun\u00f5udes kasutatavast silikoonist ja naturaalsest puidust<\/strong>, mis on <strong data-start=\"805\" data-end=\"825\">mitte toksilised<\/strong> ja lapsele ohutud. Erinevad tekstuurid lutiketil masseerivad \u00f5rnalt lapse igemeid, aidates leevendada l\u00f5ikehammastega seotud ebamugavustunnet. Lutiketi kinnitusel on n\u00f5uetekohased ventilatsiooniavad, mis tagavad maksimaalse turvalisuse.<\/p>\n<p data-start=\"1066\" data-end=\"1317\">Toote hooldus on lihtne \u2013 pese lutiketti <strong data-start=\"1107\" data-end=\"1138\">\u00f5rnatoimelise pesuvahendiga<\/strong>, <strong data-start=\"1140\" data-end=\"1164\">ei kannata leotamist<\/strong>, ja loputa enne esmast kasutamist. Kasutamisel on alati vajalik <strong data-start=\"1229\" data-end=\"1252\">vanemlik j\u00e4relvalve<\/strong>. Igasuguse defekti ilmnemisel tuleb toote kasutamine l\u00f5petada.<\/p>\n<p data-start=\"1319\" data-end=\"1617\">Lutikett on praktiline, ohutu ja vastupidav lahendus igap\u00e4evaseks kasutamiseks, sobides ideaalselt koduseks kasutamiseks, v\u00e4ljas\u00f5itudeks v\u00f5i kingitusena. K\u00e4sit\u00f6\u00f6na valmistatud disain Eestis tagab k\u00f5rge kvaliteedi ja turvalisuse, pakkudes lapsele mugavat ja l\u00f5busat kogemust igap\u00e4evases kasutuses.<\/p>","protected":false},"excerpt":{"rendered":"<p>Lutikett on valmistatud k\u00e4sit\u00f6\u00f6na Eestis ning spetsiaalselt lapse turvalisust ja mugavust silmas pidades. Tooted on valmistatud toidun\u00f5udes kasutatavast silikoonist ja naturaalsest puidust, mis on mitte toksilised ja lapsele ohutud. Erinevad tekstuurid lutiketil masseerivad \u00f5rnalt lapse igemeid, aidates leevendada l\u00f5ikehammastega seotud ebamugavustunnet. Lutiketi kinnitusel on n\u00f5uetekohased ventilatsiooniavad, mis tagavad maksimaalse turvalisuse. Toote hooldus on lihtne \u2013 pese lutiketti \u00f5rnatoimelise pesuvahendiga, ei kannata leotamist, ja loputa enne esmast kasutamist. Kasutamisel on alati vajalik vanemlik j\u00e4relvalve. Igasuguse defekti ilmnemisel tuleb toote kasutamine l\u00f5petada. Lutikett on praktiline, ohutu ja vastupidav lahendus igap\u00e4evaseks kasutamiseks, sobides ideaalselt koduseks kasutamiseks, v\u00e4ljas\u00f5itudeks v\u00f5i kingitusena. K\u00e4sit\u00f6\u00f6na valmistatud disain Eestis tagab k\u00f5rge kvaliteedi ja turvalisuse, pakkudes lapsele mugavat ja l\u00f5busat kogemust igap\u00e4evases kasutuses.<\/p>","protected":false},"featured_media":6332,"template":"","meta":[],"product_brand":[325],"product_cat":[24,275,308],"product_tag":[],"class_list":{"0":"post-6142","1":"product","2":"type-product","3":"status-publish","4":"has-post-thumbnail","6":"product_brand-kiddoo","7":"product_cat-lutiketid-narimislelud","8":"product_cat-lutikett","9":"product_cat-manguaeg","11":"first","12":"instock","13":"taxable","14":"shipping-taxable","15":"purchasable","16":"product-type-variable"},"yoast_head":"<!-- This site is optimized with the Yoast SEO plugin v27.5 - https:\/\/yoast.com\/product\/yoast-seo-wordpress\/ -->\n<title>Lutikett lapsele \u2013 ohutu, silikoonist ja k\u00e4sit\u00f6\u00f6na Eesti- Kiddoo.ee<\/title>\n<meta name=\"description\" content=\"Lutikett lapsele, valmistatud k\u00e4sit\u00f6\u00f6na Eestis. Ohutu silikoon ja naturaalsest puidust, masseerib igemeid, valmistatud lapse turvalisust silmas pidades.\" \/>\n<meta name=\"robots\" content=\"index, follow, max-snippet:-1, max-image-preview:large, max-video-preview:-1\" \/>\n<link rel=\"canonical\" href=\"https:\/\/kiddoo.ee\/en\/product\/lutikett-lapsele-ohutu-silikoonist-ja-kasitoona-eestis\/\" \/>\n<meta property=\"og:locale\" content=\"en_GB\" \/>\n<meta property=\"og:type\" content=\"article\" \/>\n<meta property=\"og:title\" content=\"Lutikett lapsele \u2013 ohutu, silikoonist ja k\u00e4sit\u00f6\u00f6na Eesti- Kiddoo.ee\" \/>\n<meta property=\"og:description\" content=\"Lutikett lapsele, valmistatud k\u00e4sit\u00f6\u00f6na Eestis. Ohutu silikoon ja naturaalsest puidust, masseerib igemeid, valmistatud lapse turvalisust silmas pidades.\" \/>\n<meta property=\"og:url\" content=\"https:\/\/kiddoo.ee\/en\/product\/lutikett-lapsele-ohutu-silikoonist-ja-kasitoona-eestis\/\" \/>\n<meta property=\"og:site_name\" content=\"Kiddoo\" \/>\n<meta property=\"article:publisher\" content=\"https:\/\/www.facebook.com\/Kiddoo-103191601863440\" \/>\n<meta property=\"article:modified_time\" content=\"2026-03-23T17:16:03+00:00\" \/>\n<meta property=\"og:image\" content=\"https:\/\/kiddoo.ee\/wp-content\/uploads\/2025\/10\/IMG_5739_jpg.jpeg\" \/>\n\t<meta property=\"og:image:width\" content=\"2177\" \/>\n\t<meta property=\"og:image:height\" content=\"2177\" \/>\n\t<meta property=\"og:image:type\" content=\"image\/jpeg\" \/>\n<meta name=\"twitter:card\" content=\"summary_large_image\" \/>\n<meta name=\"twitter:label1\" content=\"Estimated reading time\" \/>\n\t<meta name=\"twitter:data1\" content=\"1 minute\" \/>\n<script type=\"application\/ld+json\" class=\"yoast-schema-graph\">{\"@context\":\"https:\\\/\\\/schema.org\",\"@graph\":[{\"@type\":\"WebPage\",\"@id\":\"https:\\\/\\\/kiddoo.ee\\\/product\\\/lutikett-lapsele-ohutu-silikoonist-ja-kasitoona-eestis\\\/\",\"url\":\"https:\\\/\\\/kiddoo.ee\\\/product\\\/lutikett-lapsele-ohutu-silikoonist-ja-kasitoona-eestis\\\/\",\"name\":\"Lutikett lapsele \u2013 ohutu, silikoonist ja k\u00e4sit\u00f6\u00f6na Eesti- Kiddoo.ee\",\"isPartOf\":{\"@id\":\"http:\\\/\\\/kiddoo.ee\\\/#website\"},\"primaryImageOfPage\":{\"@id\":\"https:\\\/\\\/kiddoo.ee\\\/product\\\/lutikett-lapsele-ohutu-silikoonist-ja-kasitoona-eestis\\\/#primaryimage\"},\"image\":{\"@id\":\"https:\\\/\\\/kiddoo.ee\\\/product\\\/lutikett-lapsele-ohutu-silikoonist-ja-kasitoona-eestis\\\/#primaryimage\"},\"thumbnailUrl\":\"https:\\\/\\\/kiddoo.ee\\\/wp-content\\\/uploads\\\/2025\\\/10\\\/IMG_5739_jpg.jpeg\",\"datePublished\":\"2025-09-29T21:44:15+00:00\",\"dateModified\":\"2026-03-23T17:16:03+00:00\",\"description\":\"Lutikett lapsele, valmistatud k\u00e4sit\u00f6\u00f6na Eestis. Ohutu silikoon ja naturaalsest puidust, masseerib igemeid, valmistatud lapse turvalisust silmas pidades.\",\"breadcrumb\":{\"@id\":\"https:\\\/\\\/kiddoo.ee\\\/product\\\/lutikett-lapsele-ohutu-silikoonist-ja-kasitoona-eestis\\\/#breadcrumb\"},\"inLanguage\":\"en-GB\",\"potentialAction\":[{\"@type\":\"ReadAction\",\"target\":[\"https:\\\/\\\/kiddoo.ee\\\/product\\\/lutikett-lapsele-ohutu-silikoonist-ja-kasitoona-eestis\\\/\"]}]},{\"@type\":\"ImageObject\",\"inLanguage\":\"en-GB\",\"@id\":\"https:\\\/\\\/kiddoo.ee\\\/product\\\/lutikett-lapsele-ohutu-silikoonist-ja-kasitoona-eestis\\\/#primaryimage\",\"url\":\"https:\\\/\\\/kiddoo.ee\\\/wp-content\\\/uploads\\\/2025\\\/10\\\/IMG_5739_jpg.jpeg\",\"contentUrl\":\"https:\\\/\\\/kiddoo.ee\\\/wp-content\\\/uploads\\\/2025\\\/10\\\/IMG_5739_jpg.jpeg\",\"width\":2177,\"height\":2177},{\"@type\":\"BreadcrumbList\",\"@id\":\"https:\\\/\\\/kiddoo.ee\\\/product\\\/lutikett-lapsele-ohutu-silikoonist-ja-kasitoona-eestis\\\/#breadcrumb\",\"itemListElement\":[{\"@type\":\"ListItem\",\"position\":1,\"name\":\"Home\",\"item\":\"http:\\\/\\\/kiddoo.ee\\\/\"},{\"@type\":\"ListItem\",\"position\":2,\"name\":\"Pood\",\"item\":\"https:\\\/\\\/kiddoo.ee\\\/en\\\/shop\\\/\"},{\"@type\":\"ListItem\",\"position\":3,\"name\":\"Lutikett beebile \u2013 valmistatud k\u00e4sit\u00f6\u00f6na Eestis\"}]},{\"@type\":\"WebSite\",\"@id\":\"http:\\\/\\\/kiddoo.ee\\\/#website\",\"url\":\"http:\\\/\\\/kiddoo.ee\\\/\",\"name\":\"Kiddoo\",\"description\":\"Kvaliteet ja Eesti disain sinu lapsele\",\"publisher\":{\"@id\":\"http:\\\/\\\/kiddoo.ee\\\/#organization\"},\"potentialAction\":[{\"@type\":\"SearchAction\",\"target\":{\"@type\":\"EntryPoint\",\"urlTemplate\":\"http:\\\/\\\/kiddoo.ee\\\/?s={search_term_string}\"},\"query-input\":{\"@type\":\"PropertyValueSpecification\",\"valueRequired\":true,\"valueName\":\"search_term_string\"}}],\"inLanguage\":\"en-GB\"},{\"@type\":\"Organization\",\"@id\":\"http:\\\/\\\/kiddoo.ee\\\/#organization\",\"name\":\"Kiddoo\",\"url\":\"http:\\\/\\\/kiddoo.ee\\\/\",\"logo\":{\"@type\":\"ImageObject\",\"inLanguage\":\"en-GB\",\"@id\":\"http:\\\/\\\/kiddoo.ee\\\/#\\\/schema\\\/logo\\\/image\\\/\",\"url\":\"https:\\\/\\\/kiddoo.ee\\\/wp-content\\\/uploads\\\/2021\\\/10\\\/logo-04-scaled.jpg\",\"contentUrl\":\"https:\\\/\\\/kiddoo.ee\\\/wp-content\\\/uploads\\\/2021\\\/10\\\/logo-04-scaled.jpg\",\"width\":2560,\"height\":2560,\"caption\":\"Kiddoo\"},\"image\":{\"@id\":\"http:\\\/\\\/kiddoo.ee\\\/#\\\/schema\\\/logo\\\/image\\\/\"},\"sameAs\":[\"https:\\\/\\\/www.facebook.com\\\/Kiddoo-103191601863440\"]}]}<\/script>\n<!-- \/ Yoast SEO plugin. -->","yoast_head_json":{"title":"Lutikett lapsele \u2013 ohutu, silikoonist ja k\u00e4sit\u00f6\u00f6na Eesti- Kiddoo.ee","description":"Lutikett lapsele, valmistatud k\u00e4sit\u00f6\u00f6na Eestis. Ohutu silikoon ja naturaalsest puidust, masseerib igemeid, valmistatud lapse turvalisust silmas pidades.","robots":{"index":"index","follow":"follow","max-snippet":"max-snippet:-1","max-image-preview":"max-image-preview:large","max-video-preview":"max-video-preview:-1"},"canonical":"https:\/\/kiddoo.ee\/en\/product\/lutikett-lapsele-ohutu-silikoonist-ja-kasitoona-eestis\/","og_locale":"en_GB","og_type":"article","og_title":"Lutikett lapsele \u2013 ohutu, silikoonist ja k\u00e4sit\u00f6\u00f6na Eesti- Kiddoo.ee","og_description":"Lutikett lapsele, valmistatud k\u00e4sit\u00f6\u00f6na Eestis. Ohutu silikoon ja naturaalsest puidust, masseerib igemeid, valmistatud lapse turvalisust silmas pidades.","og_url":"https:\/\/kiddoo.ee\/en\/product\/lutikett-lapsele-ohutu-silikoonist-ja-kasitoona-eestis\/","og_site_name":"Kiddoo","article_publisher":"https:\/\/www.facebook.com\/Kiddoo-103191601863440","article_modified_time":"2026-03-23T17:16:03+00:00","og_image":[{"width":2177,"height":2177,"url":"https:\/\/kiddoo.ee\/wp-content\/uploads\/2025\/10\/IMG_5739_jpg.jpeg","type":"image\/jpeg"}],"twitter_card":"summary_large_image","twitter_misc":{"Estimated reading time":"1 minute"},"schema":{"@context":"https:\/\/schema.org","@graph":[{"@type":"WebPage","@id":"https:\/\/kiddoo.ee\/product\/lutikett-lapsele-ohutu-silikoonist-ja-kasitoona-eestis\/","url":"https:\/\/kiddoo.ee\/product\/lutikett-lapsele-ohutu-silikoonist-ja-kasitoona-eestis\/","name":"Lutikett lapsele \u2013 ohutu, silikoonist ja k\u00e4sit\u00f6\u00f6na Eesti- Kiddoo.ee","isPartOf":{"@id":"http:\/\/kiddoo.ee\/#website"},"primaryImageOfPage":{"@id":"https:\/\/kiddoo.ee\/product\/lutikett-lapsele-ohutu-silikoonist-ja-kasitoona-eestis\/#primaryimage"},"image":{"@id":"https:\/\/kiddoo.ee\/product\/lutikett-lapsele-ohutu-silikoonist-ja-kasitoona-eestis\/#primaryimage"},"thumbnailUrl":"https:\/\/kiddoo.ee\/wp-content\/uploads\/2025\/10\/IMG_5739_jpg.jpeg","datePublished":"2025-09-29T21:44:15+00:00","dateModified":"2026-03-23T17:16:03+00:00","description":"Lutikett lapsele, valmistatud k\u00e4sit\u00f6\u00f6na Eestis. Ohutu silikoon ja naturaalsest puidust, masseerib igemeid, valmistatud lapse turvalisust silmas pidades.","breadcrumb":{"@id":"https:\/\/kiddoo.ee\/product\/lutikett-lapsele-ohutu-silikoonist-ja-kasitoona-eestis\/#breadcrumb"},"inLanguage":"en-GB","potentialAction":[{"@type":"ReadAction","target":["https:\/\/kiddoo.ee\/product\/lutikett-lapsele-ohutu-silikoonist-ja-kasitoona-eestis\/"]}]},{"@type":"ImageObject","inLanguage":"en-GB","@id":"https:\/\/kiddoo.ee\/product\/lutikett-lapsele-ohutu-silikoonist-ja-kasitoona-eestis\/#primaryimage","url":"https:\/\/kiddoo.ee\/wp-content\/uploads\/2025\/10\/IMG_5739_jpg.jpeg","contentUrl":"https:\/\/kiddoo.ee\/wp-content\/uploads\/2025\/10\/IMG_5739_jpg.jpeg","width":2177,"height":2177},{"@type":"BreadcrumbList","@id":"https:\/\/kiddoo.ee\/product\/lutikett-lapsele-ohutu-silikoonist-ja-kasitoona-eestis\/#breadcrumb","itemListElement":[{"@type":"ListItem","position":1,"name":"Home","item":"http:\/\/kiddoo.ee\/"},{"@type":"ListItem","position":2,"name":"Pood","item":"https:\/\/kiddoo.ee\/en\/shop\/"},{"@type":"ListItem","position":3,"name":"Lutikett beebile \u2013 valmistatud k\u00e4sit\u00f6\u00f6na Eestis"}]},{"@type":"WebSite","@id":"http:\/\/kiddoo.ee\/#website","url":"http:\/\/kiddoo.ee\/","name":"Kiddoo","description":"Kvaliteet ja Eesti disain sinu lapsele","publisher":{"@id":"http:\/\/kiddoo.ee\/#organization"},"potentialAction":[{"@type":"SearchAction","target":{"@type":"EntryPoint","urlTemplate":"http:\/\/kiddoo.ee\/?s={search_term_string}"},"query-input":{"@type":"PropertyValueSpecification","valueRequired":true,"valueName":"search_term_string"}}],"inLanguage":"en-GB"},{"@type":"Organization","@id":"http:\/\/kiddoo.ee\/#organization","name":"Kiddoo","url":"http:\/\/kiddoo.ee\/","logo":{"@type":"ImageObject","inLanguage":"en-GB","@id":"http:\/\/kiddoo.ee\/#\/schema\/logo\/image\/","url":"https:\/\/kiddoo.ee\/wp-content\/uploads\/2021\/10\/logo-04-scaled.jpg","contentUrl":"https:\/\/kiddoo.ee\/wp-content\/uploads\/2021\/10\/logo-04-scaled.jpg","width":2560,"height":2560,"caption":"Kiddoo"},"image":{"@id":"http:\/\/kiddoo.ee\/#\/schema\/logo\/image\/"},"sameAs":["https:\/\/www.facebook.com\/Kiddoo-103191601863440"]}]}},"_links":{"self":[{"href":"https:\/\/kiddoo.ee\/en\/wp-json\/wp\/v2\/product\/6142","targetHints":{"allow":["GET"]}}],"collection":[{"href":"https:\/\/kiddoo.ee\/en\/wp-json\/wp\/v2\/product"}],"about":[{"href":"https:\/\/kiddoo.ee\/en\/wp-json\/wp\/v2\/types\/product"}],"wp:featuredmedia":[{"embeddable":true,"href":"https:\/\/kiddoo.ee\/en\/wp-json\/wp\/v2\/media\/6332"}],"wp:attachment":[{"href":"https:\/\/kiddoo.ee\/en\/wp-json\/wp\/v2\/media?parent=6142"}],"wp:term":[{"taxonomy":"product_brand","embeddable":true,"href":"https:\/\/kiddoo.ee\/en\/wp-json\/wp\/v2\/product_brand?post=6142"},{"taxonomy":"product_cat","embeddable":true,"href":"https:\/\/kiddoo.ee\/en\/wp-json\/wp\/v2\/product_cat?post=6142"},{"taxonomy":"product_tag","embeddable":true,"href":"https:\/\/kiddoo.ee\/en\/wp-json\/wp\/v2\/product_tag?post=6142"}],"curies":[{"name":"wp","href":"https:\/\/api.w.org\/{rel}","templated":true}]}}