{"id":6862,"date":"2026-03-08T09:48:31","date_gmt":"2026-03-08T09:48:31","guid":{"rendered":"https:\/\/kiddoo.ee\/?post_type=product&#038;p=6862"},"modified":"2026-03-23T17:14:44","modified_gmt":"2026-03-23T17:14:44","slug":"bambusest-vannilina-beebile-janku-pehme-ja-nahasobralik","status":"publish","type":"product","link":"https:\/\/kiddoo.ee\/en\/product\/bambusest-vannilina-beebile-janku-pehme-ja-nahasobralik\/","title":{"rendered":"Bambusest vannilina beebile J\u00e4nku &#8211; pehme ja nahas\u00f5bralik"},"content":{"rendered":"<p>Bambusest vannilina on eriti pehme ja nahas\u00f5bralik ning suurep\u00e4rase imavusega. Bambusest vannilina kuivab oluliselt kiiremini kui puuvillakiust vannilina ning antibakteriaalsete omaduste t\u00f5ttu ei teki vannilinale niiskusest tingitud hallitust. R\u00e4tikul on kapuuts, mille k\u00fclge on \u00f5mmeldud toredad k\u00f5rvakesed, silmad ja suu. Bambusest vannilina on beebile parim valik, kuna see sobib ka allergikutele ja on antibakteriaalsete omadustega.<\/p>\n<p>Kvaliteedilt on bambusfrotee eriti pehme ja kohev, mis annab lapsele pehmema, soojema ja turvalisema vannikogemuse. T\u00e4nu kapuutsile on v\u00f5imalik beebi p\u00e4rast vanni kiiresti sooja ja pehmesse r\u00e4tikusse m\u00e4hkida ning pakkuda talle meeldivat kogemust iga vannisk\u00e4iguga.<br \/>\nVannilina on eriti luksuslik, kaunis ja pehme, seet\u00f5ttu sobib see ka suurep\u00e4raselt kingiks. Iga ema teab, et beebiga kulub tihti rohkem kui \u00fcks vannilina ning miks mitte valida beebile kingiks just Kiddoo luksuslik bambuskiust vannilina. Beebi \u00f5rn nahk vajab eriti pehmet ja nahas\u00f5bralikku puudutust, mist\u00f5ttu oleme saanud meie armsatelt klientidelt suurep\u00e4rast tagasisidet meie imepehmetele vannilinadele.<\/p>\n<p>Armsa j\u00e4nku kapuutsiga vannir\u00e4tikuga on beebi soojalt m\u00e4hitud ning kaitstud k\u00fclma ja tuulet\u00f5mbuse eest. Vannilina on piisavalt suur (85\u00d785 cm) ning seda on v\u00f5imalik kasutada alates s\u00fcnnist, kui ka hiljem suuremate p\u00f5nnide vannisk\u00e4ikudel. Igap\u00e4evane kasutamine ja sagedane pesemine ei kahjusta kvaliteetset bambusest vannir\u00e4tikut. Selle t\u00f5ttu on r\u00e4tikul pikk kasutusaeg.<\/p>\n<ul>\n<li>Made of 70<span lang=\"et\" tabindex=\"0\">% bambuskiud\u00a0 30% puuvilla frotee<\/span><\/li>\n<li>Size 85*85cm (+-3cm)<\/li>\n<li>Suitable from birth<\/li>\n<li>Antibacterial and mold resistant<\/li>\n<li>Absorbs 60% better moisture than cotton<\/li>\n<li>Provides natural protection against UV radiation<\/li>\n<li>Hypoallergenic and suitable for sensitive skin<\/li>\n<li>OEKO-TEX Standard 100 Class 1<\/li>\n<li>Gentle machine wash. Shake gently after washing to maintain soft texture<\/li>\n<li>Estonian design<\/li>\n<\/ul>\n<p>Uudista ka meie teisi tooteid <a href=\"https:\/\/kiddoo.ee\/en\/shop\/\">siin<\/a><\/p>","protected":false},"excerpt":{"rendered":"<p>Bambusest vannilina on eriti pehme ja nahas\u00f5bralik ning suurep\u00e4rase imavusega. Bambusest vannilina kuivab oluliselt kiiremini kui puuvillakiust vannilina ning antibakteriaalsete omaduste t\u00f5ttu ei teki vannilinale niiskusest tingitud hallitust. R\u00e4tikul on kapuuts, mille k\u00fclge on \u00f5mmeldud toredad k\u00f5rvakesed, silmad ja suu. Bambusest vannilina on beebile parim valik, kuna see sobib ka allergikutele ja on antibakteriaalsete omadustega. Kvaliteedilt on bambusfrotee eriti pehme ja kohev, mis annab lapsele pehmema, soojema ja turvalisema vannikogemuse. T\u00e4nu kapuutsile on v\u00f5imalik beebi p\u00e4rast vanni kiiresti sooja ja pehmesse r\u00e4tikusse m\u00e4hkida ning pakkuda talle meeldivat kogemust iga vannisk\u00e4iguga. Vannilina on eriti luksuslik, kaunis ja pehme, seet\u00f5ttu sobib see ka suurep\u00e4raselt kingiks. Iga ema teab, et beebiga kulub tihti rohkem kui \u00fcks vannilina ning miks mitte valida beebile kingiks just Kiddoo luksuslik bambuskiust vannilina. Beebi \u00f5rn nahk vajab eriti pehmet ja nahas\u00f5bralikku puudutust, mist\u00f5ttu oleme saanud meie armsatelt klientidelt suurep\u00e4rast tagasisidet meie imepehmetele vannilinadele. Armsa j\u00e4nku kapuutsiga vannir\u00e4tikuga on beebi soojalt m\u00e4hitud ning kaitstud k\u00fclma ja tuulet\u00f5mbuse eest. Vannilina on piisavalt suur (85\u00d785 cm) ning seda on v\u00f5imalik kasutada alates s\u00fcnnist, kui ka hiljem suuremate p\u00f5nnide vannisk\u00e4ikudel. Igap\u00e4evane kasutamine ja sagedane pesemine ei kahjusta kvaliteetset bambusest vannir\u00e4tikut. Selle t\u00f5ttu on r\u00e4tikul pikk kasutusaeg. Koostis: 70% bambuskiud\u00a0 30% puuvilla frotee M\u00f5\u00f5dud 85*85cm (+-3cm) Sobilik alates s\u00fcnnist; Antibakteriaalne ja hallituskindel; Imab niiskust 60% paremini kui puuvill; Pakub naturaalset kaitset UV kiirguse vastu; H\u00fcpoallergeeniline ja sobilik tundlikule nahale; OEKO-TEX\u00ae standard 100 Class 1; \u00d5rn masinpesu kuni 40 kraadi. Soovitame p\u00e4rast pesu r\u00e4tikut raputada, et taastada kohev pind. Eesti disain. Uudista ka meie teisi tooteid siin<\/p>","protected":false},"featured_media":6874,"template":"","meta":[],"product_brand":[],"product_cat":[286],"product_tag":[],"class_list":{"0":"post-6862","1":"product","2":"type-product","3":"status-publish","4":"has-post-thumbnail","6":"product_cat-bambusest-vannilina","8":"first","9":"instock","10":"taxable","11":"shipping-taxable","12":"purchasable","13":"product-type-variable","14":"has-default-attributes"},"yoast_head":"<!-- This site is optimized with the Yoast SEO plugin v27.4 - https:\/\/yoast.com\/product\/yoast-seo-wordpress\/ -->\n<title>Bambusest beebi vannilina &quot;J\u00e4nku&quot; \u2013 pehme ja imav | Kiddoo<\/title>\n<meta name=\"description\" content=\"Avasta Kiddoo bambusest beebi vannilina praktiliseks kasutuseks vannitoas. Pehme ja imav, ideaalne beebile ja kinkimiseks. Kiire tarne, kohe olemas.\" \/>\n<meta name=\"robots\" content=\"index, follow, max-snippet:-1, max-image-preview:large, max-video-preview:-1\" \/>\n<link rel=\"canonical\" href=\"https:\/\/kiddoo.ee\/en\/product\/bambusest-vannilina-beebile-janku-pehme-ja-nahasobralik\/\" \/>\n<meta property=\"og:locale\" content=\"en_GB\" \/>\n<meta property=\"og:type\" content=\"article\" \/>\n<meta property=\"og:title\" content=\"Bambusest beebi vannilina &quot;J\u00e4nku&quot; \u2013 pehme ja imav | Kiddoo\" \/>\n<meta property=\"og:description\" content=\"Avasta Kiddoo bambusest beebi vannilina praktiliseks kasutuseks vannitoas. Pehme ja imav, ideaalne beebile ja kinkimiseks. Kiire tarne, kohe olemas.\" \/>\n<meta property=\"og:url\" content=\"https:\/\/kiddoo.ee\/en\/product\/bambusest-vannilina-beebile-janku-pehme-ja-nahasobralik\/\" \/>\n<meta property=\"og:site_name\" content=\"Kiddoo\" \/>\n<meta property=\"article:publisher\" content=\"https:\/\/www.facebook.com\/Kiddoo-103191601863440\" \/>\n<meta property=\"article:modified_time\" content=\"2026-03-23T17:14:44+00:00\" \/>\n<meta property=\"og:image\" content=\"https:\/\/kiddoo.ee\/wp-content\/uploads\/2026\/03\/IMG_1023.jpeg\" \/>\n\t<meta property=\"og:image:width\" content=\"490\" \/>\n\t<meta property=\"og:image:height\" content=\"490\" \/>\n\t<meta property=\"og:image:type\" content=\"image\/jpeg\" \/>\n<meta name=\"twitter:card\" content=\"summary_large_image\" \/>\n<meta name=\"twitter:label1\" content=\"Estimated reading time\" \/>\n\t<meta name=\"twitter:data1\" content=\"2 minutes\" \/>\n<script type=\"application\/ld+json\" class=\"yoast-schema-graph\">{\"@context\":\"https:\\\/\\\/schema.org\",\"@graph\":[{\"@type\":\"WebPage\",\"@id\":\"https:\\\/\\\/kiddoo.ee\\\/product\\\/bambusest-vannilina-beebile-janku-pehme-ja-nahasobralik\\\/\",\"url\":\"https:\\\/\\\/kiddoo.ee\\\/product\\\/bambusest-vannilina-beebile-janku-pehme-ja-nahasobralik\\\/\",\"name\":\"Bambusest beebi vannilina \\\"J\u00e4nku\\\" \u2013 pehme ja imav | Kiddoo\",\"isPartOf\":{\"@id\":\"http:\\\/\\\/kiddoo.ee\\\/#website\"},\"primaryImageOfPage\":{\"@id\":\"https:\\\/\\\/kiddoo.ee\\\/product\\\/bambusest-vannilina-beebile-janku-pehme-ja-nahasobralik\\\/#primaryimage\"},\"image\":{\"@id\":\"https:\\\/\\\/kiddoo.ee\\\/product\\\/bambusest-vannilina-beebile-janku-pehme-ja-nahasobralik\\\/#primaryimage\"},\"thumbnailUrl\":\"https:\\\/\\\/kiddoo.ee\\\/wp-content\\\/uploads\\\/2026\\\/03\\\/IMG_1023.jpeg\",\"datePublished\":\"2026-03-08T09:48:31+00:00\",\"dateModified\":\"2026-03-23T17:14:44+00:00\",\"description\":\"Avasta Kiddoo bambusest beebi vannilina praktiliseks kasutuseks vannitoas. Pehme ja imav, ideaalne beebile ja kinkimiseks. Kiire tarne, kohe olemas.\",\"breadcrumb\":{\"@id\":\"https:\\\/\\\/kiddoo.ee\\\/product\\\/bambusest-vannilina-beebile-janku-pehme-ja-nahasobralik\\\/#breadcrumb\"},\"inLanguage\":\"en-GB\",\"potentialAction\":[{\"@type\":\"ReadAction\",\"target\":[\"https:\\\/\\\/kiddoo.ee\\\/product\\\/bambusest-vannilina-beebile-janku-pehme-ja-nahasobralik\\\/\"]}]},{\"@type\":\"ImageObject\",\"inLanguage\":\"en-GB\",\"@id\":\"https:\\\/\\\/kiddoo.ee\\\/product\\\/bambusest-vannilina-beebile-janku-pehme-ja-nahasobralik\\\/#primaryimage\",\"url\":\"https:\\\/\\\/kiddoo.ee\\\/wp-content\\\/uploads\\\/2026\\\/03\\\/IMG_1023.jpeg\",\"contentUrl\":\"https:\\\/\\\/kiddoo.ee\\\/wp-content\\\/uploads\\\/2026\\\/03\\\/IMG_1023.jpeg\",\"width\":490,\"height\":490},{\"@type\":\"BreadcrumbList\",\"@id\":\"https:\\\/\\\/kiddoo.ee\\\/product\\\/bambusest-vannilina-beebile-janku-pehme-ja-nahasobralik\\\/#breadcrumb\",\"itemListElement\":[{\"@type\":\"ListItem\",\"position\":1,\"name\":\"Home\",\"item\":\"http:\\\/\\\/kiddoo.ee\\\/\"},{\"@type\":\"ListItem\",\"position\":2,\"name\":\"Pood\",\"item\":\"https:\\\/\\\/kiddoo.ee\\\/en\\\/shop\\\/\"},{\"@type\":\"ListItem\",\"position\":3,\"name\":\"Bambusest vannilina beebile J\u00e4nku &#8211; pehme ja nahas\u00f5bralik\"}]},{\"@type\":\"WebSite\",\"@id\":\"http:\\\/\\\/kiddoo.ee\\\/#website\",\"url\":\"http:\\\/\\\/kiddoo.ee\\\/\",\"name\":\"Kiddoo\",\"description\":\"Kvaliteet ja Eesti disain sinu lapsele\",\"publisher\":{\"@id\":\"http:\\\/\\\/kiddoo.ee\\\/#organization\"},\"potentialAction\":[{\"@type\":\"SearchAction\",\"target\":{\"@type\":\"EntryPoint\",\"urlTemplate\":\"http:\\\/\\\/kiddoo.ee\\\/?s={search_term_string}\"},\"query-input\":{\"@type\":\"PropertyValueSpecification\",\"valueRequired\":true,\"valueName\":\"search_term_string\"}}],\"inLanguage\":\"en-GB\"},{\"@type\":\"Organization\",\"@id\":\"http:\\\/\\\/kiddoo.ee\\\/#organization\",\"name\":\"Kiddoo\",\"url\":\"http:\\\/\\\/kiddoo.ee\\\/\",\"logo\":{\"@type\":\"ImageObject\",\"inLanguage\":\"en-GB\",\"@id\":\"http:\\\/\\\/kiddoo.ee\\\/#\\\/schema\\\/logo\\\/image\\\/\",\"url\":\"https:\\\/\\\/kiddoo.ee\\\/wp-content\\\/uploads\\\/2021\\\/10\\\/logo-04-scaled.jpg\",\"contentUrl\":\"https:\\\/\\\/kiddoo.ee\\\/wp-content\\\/uploads\\\/2021\\\/10\\\/logo-04-scaled.jpg\",\"width\":2560,\"height\":2560,\"caption\":\"Kiddoo\"},\"image\":{\"@id\":\"http:\\\/\\\/kiddoo.ee\\\/#\\\/schema\\\/logo\\\/image\\\/\"},\"sameAs\":[\"https:\\\/\\\/www.facebook.com\\\/Kiddoo-103191601863440\"]}]}<\/script>\n<!-- \/ Yoast SEO plugin. -->","yoast_head_json":{"title":"Bambusest beebi vannilina \"J\u00e4nku\" \u2013 pehme ja imav | Kiddoo","description":"Avasta Kiddoo bambusest beebi vannilina praktiliseks kasutuseks vannitoas. Pehme ja imav, ideaalne beebile ja kinkimiseks. Kiire tarne, kohe olemas.","robots":{"index":"index","follow":"follow","max-snippet":"max-snippet:-1","max-image-preview":"max-image-preview:large","max-video-preview":"max-video-preview:-1"},"canonical":"https:\/\/kiddoo.ee\/en\/product\/bambusest-vannilina-beebile-janku-pehme-ja-nahasobralik\/","og_locale":"en_GB","og_type":"article","og_title":"Bambusest beebi vannilina \"J\u00e4nku\" \u2013 pehme ja imav | Kiddoo","og_description":"Avasta Kiddoo bambusest beebi vannilina praktiliseks kasutuseks vannitoas. Pehme ja imav, ideaalne beebile ja kinkimiseks. Kiire tarne, kohe olemas.","og_url":"https:\/\/kiddoo.ee\/en\/product\/bambusest-vannilina-beebile-janku-pehme-ja-nahasobralik\/","og_site_name":"Kiddoo","article_publisher":"https:\/\/www.facebook.com\/Kiddoo-103191601863440","article_modified_time":"2026-03-23T17:14:44+00:00","og_image":[{"width":490,"height":490,"url":"https:\/\/kiddoo.ee\/wp-content\/uploads\/2026\/03\/IMG_1023.jpeg","type":"image\/jpeg"}],"twitter_card":"summary_large_image","twitter_misc":{"Estimated reading time":"2 minutes"},"schema":{"@context":"https:\/\/schema.org","@graph":[{"@type":"WebPage","@id":"https:\/\/kiddoo.ee\/product\/bambusest-vannilina-beebile-janku-pehme-ja-nahasobralik\/","url":"https:\/\/kiddoo.ee\/product\/bambusest-vannilina-beebile-janku-pehme-ja-nahasobralik\/","name":"Bambusest beebi vannilina \"J\u00e4nku\" \u2013 pehme ja imav | Kiddoo","isPartOf":{"@id":"http:\/\/kiddoo.ee\/#website"},"primaryImageOfPage":{"@id":"https:\/\/kiddoo.ee\/product\/bambusest-vannilina-beebile-janku-pehme-ja-nahasobralik\/#primaryimage"},"image":{"@id":"https:\/\/kiddoo.ee\/product\/bambusest-vannilina-beebile-janku-pehme-ja-nahasobralik\/#primaryimage"},"thumbnailUrl":"https:\/\/kiddoo.ee\/wp-content\/uploads\/2026\/03\/IMG_1023.jpeg","datePublished":"2026-03-08T09:48:31+00:00","dateModified":"2026-03-23T17:14:44+00:00","description":"Avasta Kiddoo bambusest beebi vannilina praktiliseks kasutuseks vannitoas. Pehme ja imav, ideaalne beebile ja kinkimiseks. Kiire tarne, kohe olemas.","breadcrumb":{"@id":"https:\/\/kiddoo.ee\/product\/bambusest-vannilina-beebile-janku-pehme-ja-nahasobralik\/#breadcrumb"},"inLanguage":"en-GB","potentialAction":[{"@type":"ReadAction","target":["https:\/\/kiddoo.ee\/product\/bambusest-vannilina-beebile-janku-pehme-ja-nahasobralik\/"]}]},{"@type":"ImageObject","inLanguage":"en-GB","@id":"https:\/\/kiddoo.ee\/product\/bambusest-vannilina-beebile-janku-pehme-ja-nahasobralik\/#primaryimage","url":"https:\/\/kiddoo.ee\/wp-content\/uploads\/2026\/03\/IMG_1023.jpeg","contentUrl":"https:\/\/kiddoo.ee\/wp-content\/uploads\/2026\/03\/IMG_1023.jpeg","width":490,"height":490},{"@type":"BreadcrumbList","@id":"https:\/\/kiddoo.ee\/product\/bambusest-vannilina-beebile-janku-pehme-ja-nahasobralik\/#breadcrumb","itemListElement":[{"@type":"ListItem","position":1,"name":"Home","item":"http:\/\/kiddoo.ee\/"},{"@type":"ListItem","position":2,"name":"Pood","item":"https:\/\/kiddoo.ee\/en\/shop\/"},{"@type":"ListItem","position":3,"name":"Bambusest vannilina beebile J\u00e4nku &#8211; pehme ja nahas\u00f5bralik"}]},{"@type":"WebSite","@id":"http:\/\/kiddoo.ee\/#website","url":"http:\/\/kiddoo.ee\/","name":"Kiddoo","description":"Kvaliteet ja Eesti disain sinu lapsele","publisher":{"@id":"http:\/\/kiddoo.ee\/#organization"},"potentialAction":[{"@type":"SearchAction","target":{"@type":"EntryPoint","urlTemplate":"http:\/\/kiddoo.ee\/?s={search_term_string}"},"query-input":{"@type":"PropertyValueSpecification","valueRequired":true,"valueName":"search_term_string"}}],"inLanguage":"en-GB"},{"@type":"Organization","@id":"http:\/\/kiddoo.ee\/#organization","name":"Kiddoo","url":"http:\/\/kiddoo.ee\/","logo":{"@type":"ImageObject","inLanguage":"en-GB","@id":"http:\/\/kiddoo.ee\/#\/schema\/logo\/image\/","url":"https:\/\/kiddoo.ee\/wp-content\/uploads\/2021\/10\/logo-04-scaled.jpg","contentUrl":"https:\/\/kiddoo.ee\/wp-content\/uploads\/2021\/10\/logo-04-scaled.jpg","width":2560,"height":2560,"caption":"Kiddoo"},"image":{"@id":"http:\/\/kiddoo.ee\/#\/schema\/logo\/image\/"},"sameAs":["https:\/\/www.facebook.com\/Kiddoo-103191601863440"]}]}},"_links":{"self":[{"href":"https:\/\/kiddoo.ee\/en\/wp-json\/wp\/v2\/product\/6862","targetHints":{"allow":["GET"]}}],"collection":[{"href":"https:\/\/kiddoo.ee\/en\/wp-json\/wp\/v2\/product"}],"about":[{"href":"https:\/\/kiddoo.ee\/en\/wp-json\/wp\/v2\/types\/product"}],"wp:featuredmedia":[{"embeddable":true,"href":"https:\/\/kiddoo.ee\/en\/wp-json\/wp\/v2\/media\/6874"}],"wp:attachment":[{"href":"https:\/\/kiddoo.ee\/en\/wp-json\/wp\/v2\/media?parent=6862"}],"wp:term":[{"taxonomy":"product_brand","embeddable":true,"href":"https:\/\/kiddoo.ee\/en\/wp-json\/wp\/v2\/product_brand?post=6862"},{"taxonomy":"product_cat","embeddable":true,"href":"https:\/\/kiddoo.ee\/en\/wp-json\/wp\/v2\/product_cat?post=6862"},{"taxonomy":"product_tag","embeddable":true,"href":"https:\/\/kiddoo.ee\/en\/wp-json\/wp\/v2\/product_tag?post=6862"}],"curies":[{"name":"wp","href":"https:\/\/api.w.org\/{rel}","templated":true}]}}